{"id":237863,"date":"2025-09-16T00:12:48","date_gmt":"2025-09-16T00:12:48","guid":{"rendered":"https:\/\/midastravel.cancunlocal.com\/?page_id=237863"},"modified":"2025-09-16T00:46:37","modified_gmt":"2025-09-16T00:46:37","slug":"faq","status":"publish","type":"page","link":"https:\/\/midastravel.mx\/en\/faq\/","title":{"rendered":"Faq"},"content":{"rendered":"<p>[et_pb_section fb_built=&#8221;1&#8243; custom_padding_last_edited=&#8221;on|desktop&#8221; admin_label=&#8221;Footer&#8221; module_id=&#8221;faq&#8221; _builder_version=&#8221;4.27.4&#8243; background_enable_image=&#8221;off&#8221; custom_margin=&#8221;80px||||false|false&#8221; custom_padding=&#8221;3vh|0|12vh||false|false&#8221; custom_padding_tablet=&#8221;10vh||10vh||false&#8221; custom_padding_phone=&#8221;5vh||5vh||false&#8221; top_divider_color=&#8221;rgba(12,113,195,0.11)&#8221; top_divider_height=&#8221;600px&#8221; top_divider_flip=&#8221;horizontal&#8221; bottom_divider_color=&#8221;#ffffff&#8221; bottom_divider_height=&#8221;3vw&#8221; bottom_divider_flip=&#8221;vertical&#8221; locked=&#8221;off&#8221; global_colors_info=&#8221;{}&#8221;][et_pb_row use_custom_gutter=&#8221;on&#8221; gutter_width=&#8221;2&#8243; _builder_version=&#8221;4.26.0&#8243; custom_padding=&#8221;0|0px|0|0px|false|false&#8221; animation_style=&#8221;slide&#8221; animation_direction=&#8221;left&#8221; animation_delay=&#8221;200ms&#8221; animation_intensity_slide=&#8221;2%&#8221; use_custom_width=&#8221;on&#8221; global_colors_info=&#8221;{}&#8221;][et_pb_column type=&#8221;4_4&#8243; _builder_version=&#8221;4.16&#8243; custom_padding=&#8221;|||&#8221; global_colors_info=&#8221;{}&#8221; custom_padding__hover=&#8221;|||&#8221;][et_pb_heading title=&#8221;Preguntas Frecuentes (FAQ)&#8221; _builder_version=&#8221;4.27.4&#8243; _module_preset=&#8221;default&#8221; title_font_size=&#8221;50px&#8221; global_colors_info=&#8221;{}&#8221;][\/et_pb_heading][et_pb_accordion _builder_version=&#8221;4.27.4&#8243; _module_preset=&#8221;default&#8221; hover_enabled=&#8221;0&#8243; sticky_enabled=&#8221;0&#8243; use_icon_font_size=&#8221;on&#8221; icon_font_size=&#8221;50px&#8221; icon_color=&#8221;#4f4f4f&#8221; closed_toggle_background_color=&#8221;#FFFFFF&#8221; border_width_all=&#8221;0px&#8221; toggle_font_size=&#8221;22px&#8221; body_font_size=&#8221;17px&#8221; border_width_bottom=&#8221;1px&#8221; toggle_line_height=&#8221;1.3em&#8221; toggle_font_size_last_edited=&#8221;on|tablet&#8221; toggle_font_size_phone=&#8221;18px&#8221; toggle_font_size_tablet=&#8221;20px&#8221; body_font_size_last_edited=&#8221;on|phone&#8221; body_font_size_tablet=&#8221;16px&#8221; body_font_size_phone=&#8221;15px&#8221; closed_toggle_text_color=&#8221;#383838&#8243; open_toggle_text_color=&#8221;#3ca01b&#8221; toggle_font=&#8221;||||||||&#8221; toggle_text_color=&#8221;#3ca01b&#8221;][et_pb_accordion_item title=&#8221;\u00bfQu\u00e9 tipo de veh\u00edculos utilizan?&#8221; _builder_version=&#8221;4.27.4&#8243; _module_preset=&#8221;default&#8221; open=&#8221;off&#8221; hover_enabled=&#8221;0&#8243; sticky_enabled=&#8221;0&#8243; toggle_icon=&#8221;&#x4c;||divi||400&#8243;]<\/p>\n<p>Disponemos de diferentes veh\u00edculos, todos nuevos, de 7, 10 y 14 pasajeros que se adaptan a tus necesidades.<\/p>\n<p>[\/et_pb_accordion_item][et_pb_accordion_item title=&#8221;\u00bfC\u00f3mo los encontraremos en el aeropuerto?&#8221; _builder_version=&#8221;4.27.4&#8243; _module_preset=&#8221;default&#8221; open=&#8221;off&#8221; hover_enabled=&#8221;0&#8243; sticky_enabled=&#8221;0&#8243; toggle_icon=&#8221;&#x4c;||divi||400&#8243;]<\/p>\n<p>Luego caminas por el pasillo con muchos cub\u00edculos que ofrecen servicios de transporte. Intentar\u00e1n ofrecerte asistencia con tu traslado y ofrecerte excursiones con descuento, no les hagas caso, recuerda que ya has pagado por su servicio. Contin\u00fae su camino hasta la puerta de salidas y en la zona de llegadas nuestro personal le estar\u00e1 esperando con un cartel en el que tiene nuestro logo y el nombre de la empresa. \u201cMIDAS TRAVEL\u201d y tu nombre o el de tu familia.<\/p>\n<p>[\/et_pb_accordion_item][et_pb_accordion_item title=&#8221;Estoy viajando solo, \u00bftengo que pagar por dos personas?&#8221; _builder_version=&#8221;4.27.4&#8243; _module_preset=&#8221;default&#8221; open=&#8221;off&#8221; hover_enabled=&#8221;0&#8243; sticky_enabled=&#8221;0&#8243; toggle_icon=&#8221;&#x4c;||divi||400&#8243;]El cargo es por veh\u00edculo, no por persona. Si hay de 1 a 3 personas en el veh\u00edculo pagar\u00e1s una tarifa, si hay de 4 a 7 personas en el veh\u00edculo ser\u00e1 una tarifa diferente.[\/et_pb_accordion_item][et_pb_accordion_item title=&#8221;\u00bfTenemos que compartir una transferencia con otras personas?&#8221; _builder_version=&#8221;4.27.4&#8243; _module_preset=&#8221;default&#8221; open=&#8221;on&#8221; hover_enabled=&#8221;0&#8243; sticky_enabled=&#8221;0&#8243; toggle_icon=&#8221;&#x4c;||divi||400&#8243;]Si lo solicitas de forma privada ser\u00e1 solo o con tu familia, pero si pagas la tarifa de servicio compartido ser\u00e1 con otras personas, y tendr\u00e1s que esperar a que ellos o t\u00fa abordes la unidad para llevarlos.[\/et_pb_accordion_item][et_pb_accordion_item title=&#8221;\u00bfTiene alg\u00fan protocolo contra el Covid19?&#8221; _builder_version=&#8221;4.27.4&#8243; _module_preset=&#8221;default&#8221; open=&#8221;off&#8221; hover_enabled=&#8221;0&#8243; sticky_enabled=&#8221;0&#8243; toggle_icon=&#8221;&#x4c;||divi||400&#8243;]Por supuesto, nuestros conductores son previamente revisados \u200b\u200bantes de partir hacia usted, antes de abordar la camioneta se desinfecta nebuliz\u00e1ndola con un producto de Nanotecnolog\u00eda el cual es inofensivo, 100% biodegradable, inodoro, amigable con personas y mascotas, al llegar su equipaje est\u00e1 Se limpia con un desinfectante directo que crea una Bio pel\u00edcula desactivando todo tipo de virus y bacterias, incluido SarsCov2. Y te brinda protecci\u00f3n por 72 horas, ofrecemos crema de manos antis\u00e9ptica tambi\u00e9n creada con una Nano mol\u00e9cula que te protege por 12 horas, incluso si te lavas las manos, si olvidas, pierdes o tiras tu mascarilla, nosotros te ayudamos. Ofrecemos uno de dos capas tambi\u00e9n recubierto con la mol\u00e9cula Nbelyax Nano que te brinda mayor protecci\u00f3n y la facilidad de respirar de forma segura, esto con un cargo adicional de 7 d\u00f3lares americanos.[\/et_pb_accordion_item][et_pb_accordion_item title=&#8221;\u00bfEsta crema que menciona protegerme durante 12 horas se vende a bordo?&#8221; _builder_version=&#8221;4.27.4&#8243; _module_preset=&#8221;default&#8221; open=&#8221;off&#8221; hover_enabled=&#8221;0&#8243; sticky_enabled=&#8221;0&#8243; toggle_icon=&#8221;&#x4c;||divi||400&#8243;]Si a bordo podemos ofrecerte productos para protegerte contra el riesgo de contagiarte de Covid, te ofrecemos crema antis\u00e9ptica (que sustituye al gel antibacterial, porque mata bacterias y no virus) Jab\u00f3n antis\u00e9ptico, ambos te protegen durante 12 horas , y un sanitizante directo que protege tus art\u00edculos personales, como vasos, celulares, superficies, lavamanos, tarjetas, billeteras, maletas, todo lo que recibas o guardes por 72 horas, tenemos estos 3 productos en 60, 250 y 900 ml, Los de 60 ml son muy pr\u00e1cticos y necesarios para viajar. Tambi\u00e9n contamos con mascarillas de dos capas que son lavables y reutilizables hasta por 10 d\u00edas, y duran 8 lavados, las hay para adultos y ni\u00f1os. Solicita precios y paga los productos que necesitas, para que al recibirlos te sean entregados y t\u00fa y tu familia queden con menos riesgo de contagio.[\/et_pb_accordion_item][et_pb_accordion_item title=&#8221;\u00bfQu\u00e9 pasa si nuestro vuelo se retrasa y no llegamos a la hora se\u00f1alada?&#8221; _builder_version=&#8221;4.27.4&#8243; _module_preset=&#8221;default&#8221; open=&#8221;off&#8221; hover_enabled=&#8221;0&#8243; sticky_enabled=&#8221;0&#8243; toggle_icon=&#8221;&#x4c;||divi||400&#8243;]Te esperaremos hasta que aterrice el avi\u00f3n, monitoreamos los vuelos de llegada. (Al realizar la cotizaci\u00f3n se requiere el n\u00famero de vuelo y aerol\u00ednea.)[\/et_pb_accordion_item][et_pb_accordion_item title=&#8221;Nuestro vuelo est\u00e1 retrasado, \u00bfpodemos conseguir un traslado?&#8221; _builder_version=&#8221;4.27.4&#8243; _module_preset=&#8221;default&#8221; open=&#8221;off&#8221; hover_enabled=&#8221;0&#8243; sticky_enabled=&#8221;0&#8243; toggle_icon=&#8221;&#x4c;||divi||400&#8243;]Si pagas por adelantado no tienes de qu\u00e9 preocuparte, nuestro coordinador de aeropuerto estar\u00e1 all\u00ed hasta la llegada del vuelo.[\/et_pb_accordion_item][et_pb_accordion_item title=&#8221;\u00bfTenemos que reservar un traslado de ida y vuelta?&#8221; _builder_version=&#8221;4.27.4&#8243; _module_preset=&#8221;default&#8221; open=&#8221;off&#8221; hover_enabled=&#8221;0&#8243; sticky_enabled=&#8221;0&#8243; toggle_icon=&#8221;&#x4c;||divi||400&#8243;]<\/p>\n<p><span>Si deseas reservar ida y vuelta tendr\u00e1s un descuento. Esto, siempre y cuando se confirme su fecha de regreso. Si no es el caso, deber\u00e1s pagar tu primer servicio antes de tu llegada y pagar\u00e1s el servicio de vuelta antes de salir a trav\u00e9s de nuestra web.<\/span><\/p>\n<p>[\/et_pb_accordion_item][et_pb_accordion_item title=&#8221;\u00bfExiste un l\u00edmite de equipaje que podemos llevar?&#8221; _builder_version=&#8221;4.27.4&#8243; _module_preset=&#8221;default&#8221; open=&#8221;off&#8221; hover_enabled=&#8221;0&#8243; sticky_enabled=&#8221;0&#8243; toggle_icon=&#8221;&#x4c;||divi||400&#8243;]<\/p>\n<p><span>S\u00ed, un m\u00e1ximo de dos piezas por persona (si quieres traer m\u00e1s piezas tienen un coste adicional) y tendr\u00edas que avisarnos para ver el espacio en la misma furgoneta.<\/span><\/p>\n<p>[\/et_pb_accordion_item][et_pb_accordion_item title=&#8221;\u00bfPuedo pagar en l\u00ednea con tarjeta de cr\u00e9dito?&#8221; _builder_version=&#8221;4.27.4&#8243; _module_preset=&#8221;default&#8221; open=&#8221;off&#8221; hover_enabled=&#8221;0&#8243; sticky_enabled=&#8221;0&#8243; toggle_icon=&#8221;&#x4c;||divi||400&#8243;]S\u00ed, aceptamos diferentes m\u00e9todos de pago. (Stripe, Master Card, Visa y American Express)[\/et_pb_accordion_item][et_pb_accordion_item title=&#8221;\u00bfLos conductores tienen experiencia y licencia?&#8221; _builder_version=&#8221;4.27.4&#8243; _module_preset=&#8221;default&#8221; open=&#8221;off&#8221; hover_enabled=&#8221;0&#8243; sticky_enabled=&#8221;0&#8243; toggle_icon=&#8221;&#x4c;||divi||400&#8243;]Por supuesto, la seguridad de nuestros clientes es lo m\u00e1s importante, es por eso que todos nuestros operadores tienen experiencia y cuentan con licencia federal.[\/et_pb_accordion_item][et_pb_accordion_item title=&#8221;\u00bfViajamos en grupo. \u00bfHay alg\u00fan descuento?&#8221; _builder_version=&#8221;4.27.4&#8243; _module_preset=&#8221;default&#8221; open=&#8221;off&#8221; hover_enabled=&#8221;0&#8243; sticky_enabled=&#8221;0&#8243; toggle_icon=&#8221;&#x4c;||divi||400&#8243;]Cont\u00e1ctenos a trav\u00e9s de nuestra solicitud de viajes grupales para recibir informaci\u00f3n m\u00e1s detallada para viajes grupales, con esta informaci\u00f3n se realiza una cotizaci\u00f3n personalizada.[\/et_pb_accordion_item][et_pb_accordion_item title=&#8221;Vamos a Cozumel. \u00bfPuedes llevarnos a los muelles del ferry en Playa del Carmen?&#8221; _builder_version=&#8221;4.27.4&#8243; _module_preset=&#8221;default&#8221; open=&#8221;off&#8221; hover_enabled=&#8221;0&#8243; sticky_enabled=&#8221;0&#8243; toggle_icon=&#8221;&#x4c;||divi||400&#8243;]S\u00ed, nuestro transporte te llevar\u00e1 hasta el muelle del ferry en Playa del Carmen, solicita ese servicio en nuestro sitio web y paga por adelantado, lo mismo si necesitas el regreso NOTA: Si requieres un traslado al muelle del ferry en Playa del Carmen Carmen, selecciona \u201cPlaya del Carmen\u201d como lugar de entrega en el campo desplegable al hacer la reserva.[\/et_pb_accordion_item][et_pb_accordion_item title=&#8221;Solo queremos un traslado de Cozumel al aeropuerto de Canc\u00fan. \u00bfD\u00f3nde nos van a recoger?&#8221; _builder_version=&#8221;4.27.4&#8243; _module_preset=&#8221;default&#8221; open=&#8221;off&#8221; hover_enabled=&#8221;0&#8243; sticky_enabled=&#8221;0&#8243; toggle_icon=&#8221;&#x4c;||divi||400&#8243;]<\/p>\n<p><span>El punto m\u00e1s cercano es el muelle del ferry en Playa del Carmen.<\/span><\/p>\n<p>[\/et_pb_accordion_item][et_pb_accordion_item title=&#8221;\u00bfTengo que pagar una tarifa de beb\u00e9?&#8221; _builder_version=&#8221;4.27.4&#8243; _module_preset=&#8221;default&#8221; open=&#8221;off&#8221; hover_enabled=&#8221;0&#8243; sticky_enabled=&#8221;0&#8243; toggle_icon=&#8221;&#x4c;||divi||400&#8243;]<\/p>\n<p><span>El beb\u00e9 no paga si viaja en el regazo de un adulto, si necesita una silla de beb\u00e9 deber\u00e1 pagar como pasajero normal para utilizar una silla en la furgoneta.<\/span><\/p>\n<p>[\/et_pb_accordion_item][et_pb_accordion_item title=&#8221;\u00bfC\u00f3mo puedo reservar un traslado en el sitio web?&#8221; _builder_version=&#8221;4.27.4&#8243; _module_preset=&#8221;default&#8221; open=&#8221;off&#8221; hover_enabled=&#8221;0&#8243; sticky_enabled=&#8221;0&#8243; toggle_icon=&#8221;&#x4c;||divi||400&#8243;]Al seleccionar la opci\u00f3n de pago por transferencia, aparecer\u00e1n los datos bancarios para realizar tu pago. Debe enviar su comprobante de pago dentro de las 24 horas posteriores a su servicio para que sea v\u00e1lido.[\/et_pb_accordion_item][et_pb_accordion_item title=&#8221;\u00bfCu\u00e1nto le doy de propina a mi conductor?&#8221; _builder_version=&#8221;4.27.4&#8243; _module_preset=&#8221;default&#8221; open=&#8221;off&#8221; hover_enabled=&#8221;0&#8243; sticky_enabled=&#8221;0&#8243; toggle_icon=&#8221;&#x4c;||divi||400&#8243;]Esto es a criterio de cada persona. Depende de c\u00f3mo percibiste el servicio, siempre y cuando sea bueno y el conductor sea amable y cordial, es muy diferente a que nuestro operador te pida una propina o Propina, si es as\u00ed rep\u00f3rtalo, est\u00e1n prohibidos. de solicitarlo, ya que es una cortes\u00eda por parte de nuestro usuario.[\/et_pb_accordion_item][et_pb_accordion_item title=&#8221;\u00bfQu\u00e9 tipo de moneda aceptan? Pesos Mexicanos MXN, CAN, USD&#8221; _builder_version=&#8221;4.27.4&#8243; _module_preset=&#8221;default&#8221; open=&#8221;off&#8221; hover_enabled=&#8221;0&#8243; sticky_enabled=&#8221;0&#8243; toggle_icon=&#8221;&#x4c;||divi||400&#8243;]Las transferencias se pueden pagar con d\u00f3lares americanos o d\u00f3lares canadienses o en moneda nacional MXN. Consulte nuestra tabla de precios y consulte con su conductor el tipo de cambio actualizado.[\/et_pb_accordion_item][et_pb_accordion_item title=&#8221;\u00bfPuedo pedirle al conductor que pare en una tienda en el camino?&#8221; _builder_version=&#8221;4.27.4&#8243; _module_preset=&#8221;default&#8221; open=&#8221;off&#8221; hover_enabled=&#8221;0&#8243; sticky_enabled=&#8221;0&#8243; toggle_icon=&#8221;&#x4c;||divi||400&#8243;]Como parte de nuestro servicio ofrecemos una parada complementaria de 15 minutos en cualquier tienda. Despu\u00e9s de eso, cada parada cuesta $40.00 USD por hora. Generalmente se recomienda parar en Wal-Mart, Costco o cualquier otra tienda, cuando el servicio es privado.[\/et_pb_accordion_item][\/et_pb_accordion][\/et_pb_column][\/et_pb_row][\/et_pb_section]<\/p>\n","protected":false},"excerpt":{"rendered":"<p>Disponemos de diferentes veh\u00edculos, todos nuevos, de 7, 10 y 14 pasajeros que se adaptan a tus necesidades.Luego caminas por el pasillo con muchos cub\u00edculos que ofrecen servicios de transporte. Intentar\u00e1n ofrecerte asistencia con tu traslado y ofrecerte excursiones con descuento, no les hagas caso, recuerda que ya has pagado por su servicio. Contin\u00fae su [&hellip;]<\/p>\n","protected":false},"author":2,"featured_media":0,"parent":0,"menu_order":0,"comment_status":"closed","ping_status":"closed","template":"","meta":{"_et_pb_use_builder":"on","_et_pb_old_content":"","_et_gb_content_width":"","footnotes":""},"class_list":["post-237863","page","type-page","status-publish","hentry"],"_links":{"self":[{"href":"https:\/\/midastravel.mx\/en\/wp-json\/wp\/v2\/pages\/237863","targetHints":{"allow":["GET"]}}],"collection":[{"href":"https:\/\/midastravel.mx\/en\/wp-json\/wp\/v2\/pages"}],"about":[{"href":"https:\/\/midastravel.mx\/en\/wp-json\/wp\/v2\/types\/page"}],"author":[{"embeddable":true,"href":"https:\/\/midastravel.mx\/en\/wp-json\/wp\/v2\/users\/2"}],"replies":[{"embeddable":true,"href":"https:\/\/midastravel.mx\/en\/wp-json\/wp\/v2\/comments?post=237863"}],"version-history":[{"count":6,"href":"https:\/\/midastravel.mx\/en\/wp-json\/wp\/v2\/pages\/237863\/revisions"}],"predecessor-version":[{"id":237873,"href":"https:\/\/midastravel.mx\/en\/wp-json\/wp\/v2\/pages\/237863\/revisions\/237873"}],"wp:attachment":[{"href":"https:\/\/midastravel.mx\/en\/wp-json\/wp\/v2\/media?parent=237863"}],"curies":[{"name":"wp","href":"https:\/\/api.w.org\/{rel}","templated":true}]}}