{"id":238004,"date":"2025-09-17T23:56:29","date_gmt":"2025-09-17T23:56:29","guid":{"rendered":"https:\/\/midastravel.cancunlocal.com\/?page_id=238004"},"modified":"2025-09-18T21:36:14","modified_gmt":"2025-09-18T21:36:14","slug":"yates","status":"publish","type":"page","link":"https:\/\/midastravel.mx\/en\/yates\/","title":{"rendered":"Yates"},"content":{"rendered":"<p>[et_pb_section fb_built=&#8221;1&#8243; theme_builder_area=&#8221;post_content&#8221; specialty=&#8221;on&#8221; _builder_version=&#8221;4.27.4&#8243; _module_preset=&#8221;default&#8221; make_equal=&#8221;on&#8221; inner_max_width=&#8221;1300px&#8221; hover_enabled=&#8221;0&#8243; sticky_enabled=&#8221;0&#8243; custom_margin=&#8221;60px||||false|false&#8221; custom_margin_last_edited=&#8221;on|tablet&#8221; custom_margin_tablet=&#8221;110px||||false|false&#8221; custom_margin_phone=&#8221;180px||||false|false&#8221;][et_pb_column type=&#8221;1_2&#8243; theme_builder_area=&#8221;post_content&#8221;][et_pb_heading title=&#8221;Descubre el Para\u00edso a Bordo de tu Yate Privado&#8221; _builder_version=&#8221;4.27.4&#8243; _module_preset=&#8221;default&#8221; theme_builder_area=&#8221;post_content&#8221; title_font=&#8221;||||||||&#8221; title_font_size=&#8221;45px&#8221; hover_enabled=&#8221;0&#8243; sticky_enabled=&#8221;0&#8243; custom_margin=&#8221;0px||0px||true|false&#8221; custom_padding=&#8221;0px||0px||true|false&#8221; title_line_height=&#8221;1.2em&#8221; title_font_size_last_edited=&#8221;on|phone&#8221; title_font_size_phone=&#8221;30px&#8221; title_font_size_tablet=&#8221;45px&#8221;][\/et_pb_heading][et_pb_video src=&#8221;https:\/\/midastravel.mx\/wp-content\/uploads\/2025\/09\/Yate-3.mp4&#8243; _builder_version=&#8221;4.27.4&#8243; _module_preset=&#8221;default&#8221; theme_builder_area=&#8221;post_content&#8221; title_text=&#8221;8&#8243; hover_enabled=&#8221;0&#8243; sticky_enabled=&#8221;0&#8243; image_src=&#8221;https:\/\/midastravel.mx\/wp-content\/uploads\/2025\/09\/8.jpg&#8221; thumbnail_overlay_color=&#8221;rgba(0,0,0,0.76)&#8221; play_icon_color=&#8221;#FFFFFF&#8221; use_icon_font_size=&#8221;on&#8221; icon_font_size=&#8221;90px&#8221; custom_margin=&#8221;10px||10px||true|false&#8221; custom_padding=&#8221;25px||25px||true|false&#8221; border_radii=&#8221;on|5px|5px|5px|5px&#8221; border_width_all=&#8221;1px&#8221; border_color_all=&#8221;#FFFFFF&#8221;][\/et_pb_video][\/et_pb_column][et_pb_column type=&#8221;1_2&#8243; specialty_columns=&#8221;2&#8243; theme_builder_area=&#8221;post_content&#8221;][et_pb_row_inner _builder_version=&#8221;4.27.4&#8243; _module_preset=&#8221;default&#8221; theme_builder_area=&#8221;post_content&#8221; column_structure=&#8221;1_2,1_2&#8243; use_custom_gutter=&#8221;on&#8221; gutter_width=&#8221;2&#8243; hover_enabled=&#8221;0&#8243; sticky_enabled=&#8221;0&#8243;][et_pb_column_inner saved_specialty_column_type=&#8221;1_2&#8243; _builder_version=&#8221;4.27.4&#8243; _module_preset=&#8221;default&#8221; type=&#8221;1_2&#8243; theme_builder_area=&#8221;post_content&#8221;][et_pb_icon font_icon=&#8221;&#xf023;||fa||900&#8243; icon_color=&#8221;gcid-02132a14-0aa3-45af-abdc-389c29b58c23&#8243; icon_width=&#8221;40px&#8221; align=&#8221;left&#8221; _builder_version=&#8221;4.27.4&#8243; _module_preset=&#8221;default&#8221; hover_enabled=&#8221;0&#8243; global_colors_info=&#8221;{%22gcid-02132a14-0aa3-45af-abdc-389c29b58c23%22:%91%22icon_color%22%93}&#8221; theme_builder_area=&#8221;post_content&#8221; sticky_enabled=&#8221;0&#8243;][\/et_pb_icon][et_pb_heading title=&#8221;Experiencia 100% Privada&#8221; _builder_version=&#8221;4.27.4&#8243; _module_preset=&#8221;default&#8221; theme_builder_area=&#8221;post_content&#8221; title_level=&#8221;h2&#8243; hover_enabled=&#8221;0&#8243; sticky_enabled=&#8221;0&#8243; custom_margin=&#8221;0px||0px||true|false&#8221; custom_padding=&#8221;0px||0px||true|false&#8221; title_line_height=&#8221;1.3em&#8221; title_font=&#8221;|600|||||||&#8221; title_font_size=&#8221;20px&#8221;][\/et_pb_heading][et_pb_text _builder_version=&#8221;4.27.4&#8243; _module_preset=&#8221;4c43b4b6-66bf-432d-959a-705bda24a650&#8243; text_font=&#8221;Poppins|300|||||||&#8221; text_text_color=&#8221;#000000&#8243; text_font_size=&#8221;16px&#8221; text_line_height=&#8221;1.65em&#8221; header_font_size_tablet=&#8221;55px&#8221; header_font_size_last_edited=&#8221;off|desktop&#8221; global_colors_info=&#8221;{}&#8221; theme_builder_area=&#8221;post_content&#8221;]<\/p>\n<p>Disfruta del mar Caribe en un entorno exclusivo, solo con quienes t\u00fa elijas. Sin multitudes, sin prisas. T\u00fa decides el ritmo y el destino.<\/p>\n<p>[\/et_pb_text][\/et_pb_column_inner][et_pb_column_inner saved_specialty_column_type=&#8221;1_2&#8243; _builder_version=&#8221;4.27.4&#8243; _module_preset=&#8221;default&#8221; type=&#8221;1_2&#8243; theme_builder_area=&#8221;post_content&#8221;][et_pb_icon font_icon=&#8221;&#xf6c4;||fa||900&#8243; icon_color=&#8221;gcid-02132a14-0aa3-45af-abdc-389c29b58c23&#8243; icon_width=&#8221;40px&#8221; align=&#8221;left&#8221; _builder_version=&#8221;4.27.4&#8243; _module_preset=&#8221;default&#8221; hover_enabled=&#8221;0&#8243; global_colors_info=&#8221;{%22gcid-02132a14-0aa3-45af-abdc-389c29b58c23%22:%91%22icon_color%22%93}&#8221; theme_builder_area=&#8221;post_content&#8221; sticky_enabled=&#8221;0&#8243;][\/et_pb_icon][et_pb_heading title=&#8221;Atardeceres de Postal&#8221; _builder_version=&#8221;4.27.4&#8243; _module_preset=&#8221;default&#8221; theme_builder_area=&#8221;post_content&#8221; title_level=&#8221;h2&#8243; hover_enabled=&#8221;0&#8243; sticky_enabled=&#8221;0&#8243; custom_margin=&#8221;0px||0px||true|false&#8221; custom_padding=&#8221;0px||0px||true|false&#8221; title_line_height=&#8221;1.3em&#8221; title_font=&#8221;|600|||||||&#8221; title_font_size=&#8221;20px&#8221;][\/et_pb_heading][et_pb_text _builder_version=&#8221;4.27.4&#8243; _module_preset=&#8221;4c43b4b6-66bf-432d-959a-705bda24a650&#8243; text_font=&#8221;Poppins|300|||||||&#8221; text_text_color=&#8221;#000000&#8243; text_font_size=&#8221;16px&#8221; text_line_height=&#8221;1.65em&#8221; header_font_size_tablet=&#8221;55px&#8221; header_font_size_last_edited=&#8221;off|desktop&#8221; global_colors_info=&#8221;{}&#8221; theme_builder_area=&#8221;post_content&#8221;]<\/p>\n<p>Vive uno de los atardeceres m\u00e1s espectaculares del mundo desde la cubierta de un yate de lujo. Ideal para un momento inolvidable.<\/p>\n<p>[\/et_pb_text][\/et_pb_column_inner][\/et_pb_row_inner][et_pb_row_inner _builder_version=&#8221;4.27.4&#8243; _module_preset=&#8221;default&#8221; theme_builder_area=&#8221;post_content&#8221; column_structure=&#8221;1_2,1_2&#8243; use_custom_gutter=&#8221;on&#8221; gutter_width=&#8221;2&#8243; make_equal=&#8221;on&#8221; hover_enabled=&#8221;0&#8243; sticky_enabled=&#8221;0&#8243;][et_pb_column_inner saved_specialty_column_type=&#8221;1_2&#8243; _builder_version=&#8221;4.27.4&#8243; _module_preset=&#8221;default&#8221; type=&#8221;1_2&#8243; theme_builder_area=&#8221;post_content&#8221;][et_pb_icon font_icon=&#8221;&#xf562;||fa||900&#8243; icon_color=&#8221;gcid-02132a14-0aa3-45af-abdc-389c29b58c23&#8243; icon_width=&#8221;40px&#8221; align=&#8221;left&#8221; _builder_version=&#8221;4.27.4&#8243; _module_preset=&#8221;default&#8221; hover_enabled=&#8221;0&#8243; global_colors_info=&#8221;{%22gcid-02132a14-0aa3-45af-abdc-389c29b58c23%22:%91%22icon_color%22%93}&#8221; theme_builder_area=&#8221;post_content&#8221; sticky_enabled=&#8221;0&#8243;][\/et_pb_icon][et_pb_heading title=&#8221;Todo Incluido para Relajarte&#8221; _builder_version=&#8221;4.27.4&#8243; _module_preset=&#8221;default&#8221; theme_builder_area=&#8221;post_content&#8221; title_level=&#8221;h2&#8243; hover_enabled=&#8221;0&#8243; sticky_enabled=&#8221;0&#8243; custom_margin=&#8221;0px||0px||true|false&#8221; custom_padding=&#8221;0px||0px||true|false&#8221; title_line_height=&#8221;1.3em&#8221; title_font_size=&#8221;20px&#8221; title_font=&#8221;|600|||||||&#8221;][\/et_pb_heading][et_pb_text _builder_version=&#8221;4.27.4&#8243; _module_preset=&#8221;4c43b4b6-66bf-432d-959a-705bda24a650&#8243; text_font=&#8221;Poppins|300|||||||&#8221; text_text_color=&#8221;#000000&#8243; text_font_size=&#8221;16px&#8221; text_line_height=&#8221;1.65em&#8221; header_font_size_tablet=&#8221;55px&#8221; header_font_size_last_edited=&#8221;off|desktop&#8221; global_colors_info=&#8221;{}&#8221; theme_builder_area=&#8221;post_content&#8221;]<\/p>\n<p data-start=\"639\" data-end=\"812\">Desde cervezas fr\u00edas hasta tripulaci\u00f3n dedicada, cada salida incluye bebidas, hielo, snorkel, tapete flotante y un servicio de lujo.<\/p>\n<p>[\/et_pb_text][\/et_pb_column_inner][et_pb_column_inner saved_specialty_column_type=&#8221;1_2&#8243; _builder_version=&#8221;4.27.4&#8243; _module_preset=&#8221;default&#8221; type=&#8221;1_2&#8243; theme_builder_area=&#8221;post_content&#8221;][et_pb_icon font_icon=&#8221;&#xf3a5;||fa||900&#8243; icon_color=&#8221;gcid-02132a14-0aa3-45af-abdc-389c29b58c23&#8243; icon_width=&#8221;40px&#8221; align=&#8221;left&#8221; _builder_version=&#8221;4.27.4&#8243; _module_preset=&#8221;default&#8221; hover_enabled=&#8221;0&#8243; global_colors_info=&#8221;{%22gcid-02132a14-0aa3-45af-abdc-389c29b58c23%22:%91%22icon_color%22%93}&#8221; theme_builder_area=&#8221;post_content&#8221; sticky_enabled=&#8221;0&#8243;][\/et_pb_icon][et_pb_heading title=&#8221;Planes Flexibles y Accesibles&#8221; _builder_version=&#8221;4.27.4&#8243; _module_preset=&#8221;default&#8221; theme_builder_area=&#8221;post_content&#8221; title_level=&#8221;h2&#8243; hover_enabled=&#8221;0&#8243; sticky_enabled=&#8221;0&#8243; custom_margin=&#8221;0px||0px||true|false&#8221; custom_padding=&#8221;0px||0px||true|false&#8221; title_line_height=&#8221;1.3em&#8221; title_font_size=&#8221;20px&#8221; title_font=&#8221;|600|||||||&#8221;][\/et_pb_heading][et_pb_text _builder_version=&#8221;4.27.4&#8243; _module_preset=&#8221;4c43b4b6-66bf-432d-959a-705bda24a650&#8243; text_font=&#8221;Poppins|300|||||||&#8221; text_text_color=&#8221;#000000&#8243; text_font_size=&#8221;16px&#8221; text_line_height=&#8221;1.65em&#8221; header_font_size_tablet=&#8221;55px&#8221; header_font_size_last_edited=&#8221;off|desktop&#8221; global_colors_info=&#8221;{}&#8221; theme_builder_area=&#8221;post_content&#8221;]<\/p>\n<p data-start=\"639\" data-end=\"812\">Con opciones desde 4 hasta 8 horas, yates para todos los tama\u00f1os de grupo y paquetes personalizables. \u00a1Hay un yate perfecto esper\u00e1ndote!<\/p>\n<p>[\/et_pb_text][\/et_pb_column_inner][\/et_pb_row_inner][\/et_pb_column][\/et_pb_section][et_pb_section fb_built=&#8221;1&#8243; _builder_version=&#8221;4.27.4&#8243; _module_preset=&#8221;default&#8221; hover_enabled=&#8221;0&#8243; global_colors_info=&#8221;{}&#8221; sticky_enabled=&#8221;0&#8243; custom_padding=&#8221;3px||5px|||&#8221; background_color=&#8221;#FFFFFF&#8221;][et_pb_row _builder_version=&#8221;4.27.4&#8243; _module_preset=&#8221;default&#8221;][et_pb_column _builder_version=&#8221;4.27.4&#8243; _module_preset=&#8221;default&#8221; type=&#8221;4_4&#8243;][et_pb_heading title=&#8221;Opciones de Embarcaciones&#8221; _builder_version=&#8221;4.27.4&#8243; _module_preset=&#8221;default&#8221; theme_builder_area=&#8221;post_content&#8221; title_font=&#8221;||||||||&#8221; title_font_size=&#8221;45px&#8221; hover_enabled=&#8221;0&#8243; sticky_enabled=&#8221;0&#8243; custom_margin=&#8221;0px||0px||true|false&#8221; custom_padding=&#8221;0px||0px||true|false&#8221; title_line_height=&#8221;1.2em&#8221; title_text_align=&#8221;center&#8221; title_font_size_last_edited=&#8221;on|phone&#8221; title_font_size_phone=&#8221;30px&#8221; title_level=&#8221;h2&#8243; title_font_size_tablet=&#8221;45px&#8221;][\/et_pb_heading][\/et_pb_column][\/et_pb_row][et_pb_row _builder_version=&#8221;4.27.4&#8243; _module_preset=&#8221;default&#8221; hover_enabled=&#8221;0&#8243; global_colors_info=&#8221;{}&#8221; custom_margin=&#8221;30px||30px||true|false&#8221; custom_padding=&#8221;0px||0px||true|false&#8221; use_custom_gutter=&#8221;on&#8221; gutter_width=&#8221;2&#8243; width=&#8221;90%&#8221; max_width=&#8221;1400px&#8221; module_alignment=&#8221;center&#8221; sticky_enabled=&#8221;0&#8243;][et_pb_column type=&#8221;4_4&#8243; _builder_version=&#8221;4.27.4&#8243; _module_preset=&#8221;default&#8221; global_colors_info=&#8221;{}&#8221;][dipl_woo_products _builder_version=&#8221;4.27.4&#8243; _module_preset=&#8221;default&#8221; hover_enabled=&#8221;0&#8243; sticky_enabled=&#8221;0&#8243; include_categories=&#8221;38&#8243; column_spacing=&#8221;5px&#8221; use_masonry=&#8221;on&#8221; show_rating=&#8221;on&#8221; title_font_size=&#8221;19px&#8221; title_font=&#8221;|600|||||||&#8221; price_font_size=&#8221;25px&#8221; price_text_color=&#8221;#383838&#8243; star_rating_color=&#8221;#E09900&#8243; star_rating_text_font_size=&#8221;25px&#8221; star_rating_text_letter_spacing=&#8221;2px&#8221; star_rating_text_line_height=&#8221;1.5em&#8221; add_to_cart_bg_color=&#8221;#41cc22&#8243; add_to_cart_bg_enable_color=&#8221;on&#8221; add_to_cart_icon=&#8221;&#x35;||divi||400&#8243; add_to_cart_on_hover=&#8221;off&#8221; add_to_cart_text_color=&#8221;#FFFFFF&#8221; border_radii_add_to_cart_button=&#8221;on|5px|5px|5px|5px&#8221; custom_margin=&#8221;0px||0px||false|false&#8221; custom_padding=&#8221;0px||0px||false|false&#8221; product_image_custom_padding=&#8221;0px||0px||false|false&#8221; product_content_custom_padding=&#8221;5px|15px|15px|15px|false|true&#8221; border_radii_product=&#8221;on|5px|5px|5px|5px&#8221; border_color_all_product=&#8221;#e2e2e2&#8243; product_bg_color=&#8221;#FFFFFF&#8221; product_bg_enable_color=&#8221;on&#8221; box_shadow_style_product=&#8221;preset3&#8243; number_of_columns_last_edited=&#8221;on|tablet&#8221; number_of_columns_tablet=&#8221;3&#8243; title_font_size_last_edited=&#8221;on|tablet&#8221; title_font_size_tablet=&#8221;17px&#8221; title_line_height_last_edited=&#8221;on|tablet&#8221; title_line_height_tablet=&#8221;1.3em&#8221; price_font_size_last_edited=&#8221;on|tablet&#8221; price_font_size_tablet=&#8221;20px&#8221; number_of_columns_phone=&#8221;2&#8243; title_font_size_phone=&#8221;17px&#8221; title_line_height_phone=&#8221;1.3em&#8221; price_font_size_phone=&#8221;20px&#8221;][\/dipl_woo_products][\/et_pb_column][\/et_pb_row][\/et_pb_section]<\/p>\n","protected":false},"excerpt":{"rendered":"<p>Disfruta del mar Caribe en un entorno exclusivo, solo con quienes t\u00fa elijas. Sin multitudes, sin prisas. T\u00fa decides el ritmo y el destino.Vive uno de los atardeceres m\u00e1s espectaculares del mundo desde la cubierta de un yate de lujo. Ideal para un momento inolvidable.Desde cervezas fr\u00edas hasta tripulaci\u00f3n dedicada, cada salida incluye bebidas, hielo, [&hellip;]<\/p>\n","protected":false},"author":2,"featured_media":0,"parent":0,"menu_order":0,"comment_status":"closed","ping_status":"closed","template":"","meta":{"_et_pb_use_builder":"on","_et_pb_old_content":"","_et_gb_content_width":"","footnotes":""},"class_list":["post-238004","page","type-page","status-publish","hentry"],"_links":{"self":[{"href":"https:\/\/midastravel.mx\/en\/wp-json\/wp\/v2\/pages\/238004","targetHints":{"allow":["GET"]}}],"collection":[{"href":"https:\/\/midastravel.mx\/en\/wp-json\/wp\/v2\/pages"}],"about":[{"href":"https:\/\/midastravel.mx\/en\/wp-json\/wp\/v2\/types\/page"}],"author":[{"embeddable":true,"href":"https:\/\/midastravel.mx\/en\/wp-json\/wp\/v2\/users\/2"}],"replies":[{"embeddable":true,"href":"https:\/\/midastravel.mx\/en\/wp-json\/wp\/v2\/comments?post=238004"}],"version-history":[{"count":31,"href":"https:\/\/midastravel.mx\/en\/wp-json\/wp\/v2\/pages\/238004\/revisions"}],"predecessor-version":[{"id":238259,"href":"https:\/\/midastravel.mx\/en\/wp-json\/wp\/v2\/pages\/238004\/revisions\/238259"}],"wp:attachment":[{"href":"https:\/\/midastravel.mx\/en\/wp-json\/wp\/v2\/media?parent=238004"}],"curies":[{"name":"wp","href":"https:\/\/api.w.org\/{rel}","templated":true}]}}