{"id":238438,"date":"2025-10-04T23:28:49","date_gmt":"2025-10-04T23:28:49","guid":{"rendered":"https:\/\/midastravel.cancunlocal.com\/?post_type=product&#038;p=238438"},"modified":"2025-10-13T23:41:35","modified_gmt":"2025-10-13T23:41:35","slug":"caribbean-sunset-cancun","status":"publish","type":"product","link":"https:\/\/midastravel.mx\/en\/tours\/caribbean-sunset-cancun\/","title":{"rendered":"Caribbean Sunset Cancun"},"content":{"rendered":"<p>[et_pb_section fb_built=&#8221;1&#8243; _builder_version=&#8221;4.27.4&#8243; background_color=&#8221;#FFFFFF&#8221; custom_margin=&#8221;50px||||false|false&#8221; custom_margin_tablet=&#8221;50px||||false|false&#8221; custom_margin_phone=&#8221;150px||||false|false&#8221; custom_margin_last_edited=&#8221;on|phone&#8221; custom_padding=&#8221;10px|10px|10px|10px|true|true&#8221; border_radii=&#8221;on|5px|5px|5px|5px&#8221; border_width_all=&#8221;1px&#8221; border_color_all=&#8221;#ededed&#8221; global_colors_info=&#8221;{}&#8221;][et_pb_row _builder_version=&#8221;4.27.4&#8243; background_size=&#8221;initial&#8221; background_position=&#8221;top_left&#8221; background_repeat=&#8221;repeat&#8221; width=&#8221;100%&#8221; custom_margin=&#8221;0px||0px||true|false&#8221; custom_padding=&#8221;0px||0px||false|false&#8221; global_colors_info=&#8221;{}&#8221;][et_pb_column type=&#8221;4_4&#8243; _builder_version=&#8221;4.16&#8243; custom_padding=&#8221;|||&#8221; global_colors_info=&#8221;{}&#8221; custom_padding__hover=&#8221;|||&#8221;][et_pb_wc_cart_notice _builder_version=&#8221;4.27.4&#8243; title_text_color=&#8221;#FFFFFF&#8221; background_color=&#8221;#4ab21e&#8221; custom_button=&#8221;on&#8221; button_text_color=&#8221;#FFFFFF&#8221; button_bg_color=&#8221;#074096&#8243; global_colors_info=&#8221;{}&#8221;][\/et_pb_wc_cart_notice][\/et_pb_column][\/et_pb_row][et_pb_row column_structure=&#8221;1_2,1_4,1_4&#8243; use_custom_gutter=&#8221;on&#8221; gutter_width=&#8221;1&#8243; _builder_version=&#8221;4.27.4&#8243; background_size=&#8221;initial&#8221; background_position=&#8221;top_left&#8221; background_repeat=&#8221;repeat&#8221; width=&#8221;100%&#8221; max_width=&#8221;2560px&#8221; module_alignment=&#8221;center&#8221; custom_margin=&#8221;15px||||false|false&#8221; custom_padding=&#8221;0px||0px||false|false&#8221; global_colors_info=&#8221;{}&#8221;][et_pb_column type=&#8221;1_2&#8243; _builder_version=&#8221;4.27.4&#8243; custom_padding=&#8221;0px|0px|0px|0px|true|true&#8221; global_colors_info=&#8221;{}&#8221; custom_padding__hover=&#8221;|||&#8221;][et_pb_wc_title _builder_version=&#8221;4.27.4&#8243; header_font=&#8221;|600|||||||&#8221; header_text_color=&#8221;#4f4f4f&#8221; custom_margin=&#8221;0px||10px||false|false&#8221; custom_padding=&#8221;5px||5px||true|false&#8221; global_colors_info=&#8221;{}&#8221;][\/et_pb_wc_title][et_pb_wc_description _builder_version=&#8221;4.27.4&#8243; body_font_size=&#8221;16px&#8221; custom_margin=&#8221;0px|0px|0px|0px|false|true&#8221; custom_padding=&#8221;0px|0px|0px|0px|true|true&#8221; global_colors_info=&#8221;{}&#8221;][\/et_pb_wc_description][\/et_pb_column][et_pb_column type=&#8221;1_4&#8243; _builder_version=&#8221;4.27.4&#8243; positioning=&#8221;none&#8221; position_origin_f=&#8221;top_right&#8221; custom_padding=&#8221;15px|10px|15px|10px|true|false&#8221; border_radii=&#8221;on|5px|5px|5px|5px&#8221; global_colors_info=&#8221;{}&#8221; custom_padding__hover=&#8221;|||&#8221;][et_pb_wc_rating layout=&#8221;stacked&#8221; _builder_version=&#8221;4.27.4&#8243; _module_preset=&#8221;default&#8221; rating_text_align=&#8221;center&#8221; rating_text_color=&#8221;#ffc300&#8243; rating_font_size=&#8221;22px&#8221; rating_letter_spacing=&#8221;5px&#8221; body_text_color=&#8221;#6d6d6d&#8221; body_font_size=&#8221;15px&#8221; module_alignment=&#8221;center&#8221; global_colors_info=&#8221;{}&#8221;][\/et_pb_wc_rating][\/et_pb_column][et_pb_column type=&#8221;1_4&#8243; _builder_version=&#8221;4.27.4&#8243; positioning=&#8221;none&#8221; position_origin_f=&#8221;top_right&#8221; custom_padding=&#8221;15px|10px|15px|10px|true|false&#8221; border_radii=&#8221;on|5px|5px|5px|5px&#8221; global_colors_info=&#8221;{}&#8221; custom_padding__hover=&#8221;|||&#8221;][et_pb_text _builder_version=&#8221;4.27.4&#8243; _module_preset=&#8221;default&#8221; text_font=&#8221;|||on|||||&#8221; text_font_size=&#8221;15px&#8221; custom_margin=&#8221;0px||0px||true|false&#8221; custom_padding=&#8221;0px||0px||true|false&#8221; global_colors_info=&#8221;{}&#8221;]<\/p>\n<p>Desde<\/p>\n<p>[\/et_pb_text][et_pb_wc_price _builder_version=&#8221;4.27.4&#8243; body_font=&#8221;|600|||||||&#8221; body_text_color=&#8221;#5e5e5e&#8221; body_font_size=&#8221;30px&#8221; custom_margin=&#8221;-10px||5px||false|false&#8221; custom_padding=&#8221;15px|10px|15px|10px|true|true&#8221; border_radii=&#8221;on|9px|9px|9px|9px&#8221; global_colors_info=&#8221;{}&#8221;][\/et_pb_wc_price][\/et_pb_column][\/et_pb_row][et_pb_row column_structure=&#8221;1_3,2_3&#8243; use_custom_gutter=&#8221;on&#8221; gutter_width=&#8221;1&#8243; _builder_version=&#8221;4.27.4&#8243; background_size=&#8221;initial&#8221; background_position=&#8221;top_left&#8221; background_repeat=&#8221;repeat&#8221; width=&#8221;100%&#8221; max_width=&#8221;2560px&#8221; module_alignment=&#8221;center&#8221; custom_margin=&#8221;10px||0px||false|false&#8221; custom_padding=&#8221;0px||0px||true|false&#8221; global_colors_info=&#8221;{}&#8221;][et_pb_column type=&#8221;1_3&#8243; _builder_version=&#8221;4.27.4&#8243; background_color=&#8221;#FFFFFF&#8221; positioning=&#8221;none&#8221; position_origin_f=&#8221;top_right&#8221; custom_padding=&#8221;10px|10px|10px|10px|true|true&#8221; border_radii=&#8221;on|5px|5px|5px|5px&#8221; global_colors_info=&#8221;{}&#8221; custom_padding__hover=&#8221;|||&#8221;][et_pb_button button_url=&#8221;http:\/\/wa.me\/+529981064892?&#8221; url_new_window=&#8221;on&#8221; button_text=&#8221;Cotizar transportaci\u00f3n&#8221; button_alignment=&#8221;center&#8221; _builder_version=&#8221;4.27.4&#8243; _module_preset=&#8221;default&#8221; custom_button=&#8221;on&#8221; button_text_size=&#8221;17px&#8221; button_text_color=&#8221;#ffffff&#8221; button_bg_color=&#8221;#042f93&#8243; button_border_width=&#8221;0px&#8221; button_border_radius=&#8221;5px&#8221; button_font=&#8221;|||on|||||&#8221; button_icon=&#8221;&#xf232;||fa||400&#8243; button_icon_placement=&#8221;left&#8221; button_on_hover=&#8221;off&#8221; custom_margin=&#8221;5px||5px||true|false&#8221; custom_padding=&#8221;10px||10px||true|false&#8221; box_shadow_style=&#8221;preset3&#8243; global_colors_info=&#8221;{}&#8221; button_bg_color__hover_enabled=&#8221;on|hover&#8221; button_bg_color__hover=&#8221;#000000&#8243; button_bg_enable_color__hover=&#8221;on&#8221;][\/et_pb_button][et_pb_wc_add_to_cart show_stock=&#8221;off&#8221; field_label_position=&#8221;inline&#8221; _builder_version=&#8221;4.27.4&#8243; fields_background_color=&#8221;#f4f4f4&#8243; fields_text_color=&#8221;#515151&#8243; fields_focus_background_color=&#8221;#FFFFFF&#8221; fields_focus_text_color=&#8221;#4c4c4c&#8221; fields_custom_margin=&#8221;0px|0px|0px|0px|true|true&#8221; fields_custom_padding=&#8221;7px|0px|7px|0px|true|true&#8221; dropdown_menus_background_color=&#8221;#FFFFFF&#8221; dropdown_menus_text_color=&#8221;#424242&#8243; dropdown_menus_focus_background_color=&#8221;#FFFFFF&#8221; dropdown_menus_focus_text_color=&#8221;#545454&#8243; dropdown_menus_custom_margin=&#8221;20px|5px|20px|5px|true|true&#8221; field_label_font=&#8221;||||||||&#8221; field_label_text_color=&#8221;#595959&#8243; field_label_font_size=&#8221;17px&#8221; field_label_line_height=&#8221;1.4em&#8221; fields_font_size=&#8221;17px&#8221; fields_line_height=&#8221;1.4em&#8221; dropdown_menus_font_size=&#8221;17px&#8221; background_color=&#8221;#FFFFFF&#8221; custom_button=&#8221;on&#8221; button_text_size=&#8221;22px&#8221; button_text_color=&#8221;#FFFFFF&#8221; button_bg_color=&#8221;#3ed323&#8243; button_border_width=&#8221;0px&#8221; button_border_radius=&#8221;5px&#8221; button_icon=&#8221;&#x35;||divi||400&#8243; button_icon_color=&#8221;#FFFFFF&#8221; button_on_hover=&#8221;off&#8221; button_custom_margin=&#8221;|25px|20px|25px|false|true&#8221; module_alignment=&#8221;center&#8221; custom_margin=&#8221;0px|0px|0px|0px|true|true&#8221; custom_padding=&#8221;0px|0px|0px|0px|true|true&#8221; animation_direction=&#8221;right&#8221; border_radii=&#8221;on|6px|6px|6px|6px&#8221; border_color_all=&#8221;#e5e5e5&#8243; border_radii_fields=&#8221;on|5px|5px|5px|5px&#8221; border_width_all_fields=&#8221;1px&#8221; border_color_all_fields=&#8221;#e2e2e2&#8243; border_width_all_fields_focus=&#8221;1px&#8221; border_color_all_fields_focus=&#8221;#FFFFFF&#8221; border_width_all_dropdown_menus=&#8221;1px&#8221; border_color_all_dropdown_menus=&#8221;#FFFFFF&#8221; border_width_all_dropdown_menus_focus=&#8221;1px&#8221; border_color_all_dropdown_menus_focus=&#8221;#e2e2e2&#8243; box_shadow_style=&#8221;preset3&#8243; box_shadow_style_button=&#8221;preset3&#8243; global_colors_info=&#8221;{}&#8221;][\/et_pb_wc_add_to_cart][et_pb_image src=&#8221;https:\/\/midastravel.mx\/wp-content\/uploads\/2025\/09\/pago-seguro-Midas-scaled.jpg&#8221; title_text=&#8221;pago seguro Midas&#8221; _builder_version=&#8221;4.27.4&#8243; _module_preset=&#8221;default&#8221; width_tablet=&#8221;50%&#8221; width_phone=&#8221;80%&#8221; width_last_edited=&#8221;on|tablet&#8221; custom_margin=&#8221;15px||||false|false&#8221; global_colors_info=&#8221;{}&#8221;][\/et_pb_image][\/et_pb_column][et_pb_column type=&#8221;2_3&#8243; _builder_version=&#8221;4.27.4&#8243; custom_padding=&#8221;0px|0px|0px|0px|true|true&#8221; global_colors_info=&#8221;{}&#8221; custom_padding__hover=&#8221;|||&#8221;][dipl_masonry_gallery image_ids=&#8221;238441,238442,238443,238444,238445,238446,238447,238448,238449,238450,238451,238440&#8243; column_spacing=&#8221;5px&#8221; enable_lightbox=&#8221;on&#8221; lightbox_background_color=&#8221;rgba(0,0,0,0.71)&#8221; _builder_version=&#8221;4.27.4&#8243; _module_preset=&#8221;default&#8221; global_colors_info=&#8221;{}&#8221;][\/dipl_masonry_gallery][\/et_pb_column][\/et_pb_row][et_pb_row column_structure=&#8221;3_5,2_5&#8243; _builder_version=&#8221;4.27.4&#8243; background_size=&#8221;initial&#8221; background_position=&#8221;top_left&#8221; background_repeat=&#8221;repeat&#8221; width=&#8221;100%&#8221; global_colors_info=&#8221;{}&#8221;][et_pb_column type=&#8221;3_5&#8243; _builder_version=&#8221;4.16&#8243; custom_padding=&#8221;|||&#8221; global_colors_info=&#8221;{}&#8221; custom_padding__hover=&#8221;|||&#8221;][et_pb_wc_tabs active_tab_background_color=&#8221;#02247a&#8221; inactive_tab_background_color=&#8221;#d3d3d3&#8243; active_tab_text_color=&#8221;#FFFFFF&#8221; _builder_version=&#8221;4.27.4&#8243; tab_text_color=&#8221;#686868&#8243; body_font_size=&#8221;15px&#8221; body_line_height=&#8221;1.8em&#8221; tab_font_size=&#8221;20px&#8221; background_color=&#8221;#FFFFFF&#8221; border_radii=&#8221;on|5px|5px|5px|5px&#8221; border_width_all=&#8221;0px&#8221; global_colors_info=&#8221;{}&#8221;]\t\t\t\t\t[\/et_pb_wc_tabs][\/et_pb_column][et_pb_column type=&#8221;2_5&#8243; _builder_version=&#8221;4.16&#8243; custom_padding=&#8221;|||&#8221; global_colors_info=&#8221;{}&#8221; custom_padding__hover=&#8221;|||&#8221;][et_pb_text _builder_version=&#8221;4.27.4&#8243; _module_preset=&#8221;default&#8221; text_text_color=&#8221;#FFFFFF&#8221; header_2_text_color=&#8221;#FFFFFF&#8221; background_color=&#8221;#02247a&#8221; custom_padding=&#8221;20px|10px|20px|10px|true|true&#8221; border_radii=&#8221;on|5px|5px|5px|5px&#8221; global_colors_info=&#8221;{}&#8221;]<\/p>\n<h2>DISPONIBILIDAD<\/h2>\n<p>Martes, Jueves, S\u00e1bado: 4:00 pm a 08:00 pm de la terminal Mar\u00edtima Punta Sam<\/p>\n<p>[\/et_pb_text][et_pb_heading title=&#8221;ITINERARIO VERANO&#8221; _builder_version=&#8221;4.27.4&#8243; _module_preset=&#8221;default&#8221; title_level=&#8221;h3&#8243; title_font=&#8221;|700||on|||||&#8221; title_text_align=&#8221;center&#8221; title_text_color=&#8221;#3cad1d&#8221; background_color=&#8221;#FFFFFF&#8221; custom_margin=&#8221;0px||13px||false|false&#8221; custom_padding=&#8221;10px||0px||false|false&#8221; border_radii=&#8221;on|5px|5px|5px|5px&#8221; global_colors_info=&#8221;{}&#8221;][\/et_pb_heading][et_pb_text _builder_version=&#8221;4.27.4&#8243; _module_preset=&#8221;default&#8221; global_colors_info=&#8221;{}&#8221;]<\/p>\n<p>&#8211; Salida de la Marina 4:30 pm<br \/>&#8211; Llegada al Centro de Isla Mujeres 5 pm<br \/>&#8211; Tiempo libre y visitas a sitios de inter\u00e9s de 5 pm a 6:15 pm<br \/>&#8211; Punta Norte de 6:30 pm a 8 pm<br \/>&#8211; Regreso a la marina 8:30 pm.<\/p>\n<p>[\/et_pb_text][et_pb_heading title=&#8221;ITINERARIO INVIERNO&#8221; _builder_version=&#8221;4.27.4&#8243; _module_preset=&#8221;default&#8221; title_level=&#8221;h3&#8243; title_font=&#8221;|700||on|||||&#8221; title_text_align=&#8221;center&#8221; title_text_color=&#8221;#3cad1d&#8221; background_color=&#8221;#FFFFFF&#8221; custom_margin=&#8221;0px||13px||false|false&#8221; custom_padding=&#8221;10px||0px||false|false&#8221; border_radii=&#8221;on|5px|5px|5px|5px&#8221; global_colors_info=&#8221;{}&#8221;][\/et_pb_heading][et_pb_text _builder_version=&#8221;4.27.4&#8243; _module_preset=&#8221;default&#8221; global_colors_info=&#8221;{}&#8221;]- Salida de la Marina 4:30 pm<br \/>\n&#8211; Llegada Punta Norte 5pm a 6:15 pm<br \/>\n&#8211; Centro Isla Mujeres 6:30 pm a 8 pm<br \/>\n&#8211; Tiempo libre y visita al centro de Isla Mujeres<br \/>\n&#8211; Regreso a la marina 8:30 pm[\/et_pb_text][\/et_pb_column][\/et_pb_row][et_pb_row column_structure=&#8221;1_3,1_3,1_3&#8243; use_custom_gutter=&#8221;on&#8221; gutter_width=&#8221;2&#8243; make_equal=&#8221;on&#8221; _builder_version=&#8221;4.27.4&#8243; _module_preset=&#8221;default&#8221; width=&#8221;95%&#8221; max_width=&#8221;1140px&#8221; module_alignment=&#8221;center&#8221; custom_margin=&#8221;20px||20px||true|false&#8221; global_colors_info=&#8221;{}&#8221;][et_pb_column type=&#8221;1_3&#8243; _builder_version=&#8221;4.27.4&#8243; _module_preset=&#8221;default&#8221; custom_padding=&#8221;|0px||0px|false|true&#8221; border_radii=&#8221;on|5px|5px|5px|5px&#8221; border_width_all=&#8221;1px&#8221; border_color_all=&#8221;#d3d3d3&#8243; global_colors_info=&#8221;{}&#8221;][et_pb_heading title=&#8221;INCLUYE&#8221; _builder_version=&#8221;4.27.4&#8243; _module_preset=&#8221;default&#8221; title_level=&#8221;h3&#8243; title_font=&#8221;|700||on|||||&#8221; title_text_align=&#8221;center&#8221; title_text_color=&#8221;#FFFFFF&#8221; background_color=&#8221;#4fbc20&#8243; custom_margin=&#8221;0px||13px||false|false&#8221; custom_padding=&#8221;10px||0px||false|false&#8221; border_radii=&#8221;off|5px|5px||&#8221; global_colors_info=&#8221;{}&#8221;][\/et_pb_heading][et_pb_text _builder_version=&#8221;4.27.4&#8243; _module_preset=&#8221;default&#8221; custom_padding=&#8221;|10px||10px|false|true&#8221; hover_enabled=&#8221;0&#8243; global_colors_info=&#8221;{}&#8221; sticky_enabled=&#8221;0&#8243;]<\/p>\n<ul>\n<li>Transportaci\u00f3n redonda hotel-marina-hotel (solo zona de Canc\u00fan y Costa Mujeres)<\/li>\n<li>Refrescos, agua, cocteler\u00eda (ron, vodka, tequila) y cerveza<\/li>\n<li>Snacks<\/li>\n<li>Paseo en barco por la Bah\u00eda<\/li>\n<li>M\u00fasica en vivo<\/li>\n<li>Tiempo libre en el centro de Isla Mujeres<\/li>\n<li>Nado en Punta Norte<\/li>\n<li>Gu\u00eda biling\u00fce<\/li>\n<\/ul>\n<p>[\/et_pb_text][\/et_pb_column][et_pb_column type=&#8221;1_3&#8243; _builder_version=&#8221;4.27.4&#8243; _module_preset=&#8221;default&#8221; border_radii=&#8221;on|5px|5px|5px|5px&#8221; border_width_all=&#8221;1px&#8221; border_color_all=&#8221;#d3d3d3&#8243; global_colors_info=&#8221;{}&#8221;][et_pb_heading title=&#8221;NO INCLUYE&#8221; _builder_version=&#8221;4.27.4&#8243; _module_preset=&#8221;default&#8221; title_level=&#8221;h3&#8243; title_font=&#8221;|700||on|||||&#8221; title_text_align=&#8221;center&#8221; title_text_color=&#8221;#FFFFFF&#8221; background_color=&#8221;#4fbc20&#8243; custom_margin=&#8221;0px||13px||false|false&#8221; custom_padding=&#8221;10px||0px||false|false&#8221; border_radii=&#8221;off|5px|5px||&#8221; global_colors_info=&#8221;{}&#8221;][\/et_pb_heading][et_pb_text _builder_version=&#8221;4.27.4&#8243; _module_preset=&#8221;default&#8221; custom_padding=&#8221;|10px||10px|false|true&#8221; global_colors_info=&#8221;{}&#8221;]<\/p>\n<ul>\n<li>Impuesto de muelle 20 usd o 380 pesos por persona. Nacional con ID 330 pesos.<\/li>\n<li>Propinas<\/li>\n<\/ul>\n<p>[\/et_pb_text][\/et_pb_column][et_pb_column type=&#8221;1_3&#8243; _builder_version=&#8221;4.27.4&#8243; _module_preset=&#8221;default&#8221; border_radii=&#8221;on|5px|5px|5px|5px&#8221; border_width_all=&#8221;1px&#8221; border_color_all=&#8221;#d3d3d3&#8243; global_colors_info=&#8221;{}&#8221;][et_pb_heading title=&#8221;RECOMENDACIONES&#8221; _builder_version=&#8221;4.27.4&#8243; _module_preset=&#8221;default&#8221; title_level=&#8221;h3&#8243; title_font=&#8221;|700||on|||||&#8221; title_text_align=&#8221;center&#8221; title_text_color=&#8221;#FFFFFF&#8221; background_color=&#8221;#4fbc20&#8243; custom_margin=&#8221;0px||13px||false|false&#8221; custom_padding=&#8221;10px||0px||false|false&#8221; border_radii=&#8221;off|5px|5px||&#8221; global_colors_info=&#8221;{}&#8221;][\/et_pb_heading][et_pb_text _builder_version=&#8221;4.27.4&#8243; _module_preset=&#8221;default&#8221; custom_padding=&#8221;|10px||10px|false|true&#8221; global_colors_info=&#8221;{}&#8221;]<\/p>\n<ul>\n<li>Llevar toalla<\/li>\n<li>Traje de ba\u00f1o<\/li>\n<li>Zapatos o sandalias c\u00f3modas<\/li>\n<li>Lentes de sol<\/li>\n<li>Sombrero o gorra<\/li>\n<li>Bloqueador biodegradable<\/li>\n<li>Camara<\/li>\n<li>Efectivo para propinas, souvenirs, etc.<\/li>\n<\/ul>\n<p>[\/et_pb_text][\/et_pb_column][\/et_pb_row][\/et_pb_section]<\/p>\n","protected":false},"excerpt":{"rendered":"<p><strong>Caribbean Sunset Cancun<\/strong> \u00a1Vive una experiencia inolvidable con nosotros y disfruta del Caribbean Sunset a bordo de un catamar\u00e1n!<\/p>","protected":false},"featured_media":238440,"comment_status":"open","ping_status":"closed","template":"","meta":{"_et_pb_use_builder":"on","_et_pb_old_content":"<strong>Caribbean Sunset Canc\u00fan<\/strong>\r\nDuraci\u00f3n: 4 horas aproximadamente.\r\n\r\n<strong>Zarpa hacia la Aventura<\/strong>\r\nEmb\u00e1rcate en un catamar\u00e1n y disfruta de una traves\u00eda inolvidable mientras navegas hacia Isla Mujeres.\r\n\r\n<strong>Explora un Para\u00edso Escondido<\/strong>\r\nDescubre las joyas ocultas de Isla Mujeres, desde sus playas de ensue\u00f1o hasta su historia vibrante y cultura rica.\r\n\r\n<strong>Rel\u00e1jate en un Rinc\u00f3n Celestial<\/strong>\r\nDisfruta de la serenidad de Playa Norte, una de las playas m\u00e1s hermosas del mundo, mientras el sol pinta el cielo con colores sorprendentes.\r\n\r\n<strong>Sum\u00e9rgete en la Cultura Local<\/strong>\r\nExplora artesan\u00edas y tesoros \u00fanicos en Isla Mujeres, donde cada esquina revela una nueva maravilla caribe\u00f1a.","_et_gb_content_width":""},"product_brand":[],"product_cat":[18],"product_tag":[39,40],"class_list":{"0":"post-238438","1":"product","2":"type-product","3":"status-publish","4":"has-post-thumbnail","6":"product_cat-tours-en-cancun-y-riviera-maya","7":"product_tag-naturaleza","8":"product_tag-playa","10":"first","11":"instock","12":"featured","13":"virtual","14":"sold-individually","15":"purchasable","16":"product-type-booking"},"_links":{"self":[{"href":"https:\/\/midastravel.mx\/en\/wp-json\/wp\/v2\/product\/238438","targetHints":{"allow":["GET"]}}],"collection":[{"href":"https:\/\/midastravel.mx\/en\/wp-json\/wp\/v2\/product"}],"about":[{"href":"https:\/\/midastravel.mx\/en\/wp-json\/wp\/v2\/types\/product"}],"replies":[{"embeddable":true,"href":"https:\/\/midastravel.mx\/en\/wp-json\/wp\/v2\/comments?post=238438"}],"wp:featuredmedia":[{"embeddable":true,"href":"https:\/\/midastravel.mx\/en\/wp-json\/wp\/v2\/media\/238440"}],"wp:attachment":[{"href":"https:\/\/midastravel.mx\/en\/wp-json\/wp\/v2\/media?parent=238438"}],"wp:term":[{"taxonomy":"product_brand","embeddable":true,"href":"https:\/\/midastravel.mx\/en\/wp-json\/wp\/v2\/product_brand?post=238438"},{"taxonomy":"product_cat","embeddable":true,"href":"https:\/\/midastravel.mx\/en\/wp-json\/wp\/v2\/product_cat?post=238438"},{"taxonomy":"product_tag","embeddable":true,"href":"https:\/\/midastravel.mx\/en\/wp-json\/wp\/v2\/product_tag?post=238438"}],"curies":[{"name":"wp","href":"https:\/\/api.w.org\/{rel}","templated":true}]}}