{"id":238592,"date":"2025-10-06T19:48:26","date_gmt":"2025-10-06T19:48:26","guid":{"rendered":"https:\/\/midastravel.cancunlocal.com\/?post_type=product&#038;p=238592"},"modified":"2025-10-13T23:24:38","modified_gmt":"2025-10-13T23:24:38","slug":"selvatica-off-road","status":"publish","type":"product","link":"https:\/\/midastravel.mx\/en\/tours\/selvatica-off-road\/","title":{"rendered":"Selv\u00e1tica \u2013 Off Road"},"content":{"rendered":"<p>[et_pb_section fb_built=&#8221;1&#8243; _builder_version=&#8221;4.27.4&#8243; background_color=&#8221;#FFFFFF&#8221; custom_margin=&#8221;50px||||false|false&#8221; custom_margin_tablet=&#8221;50px||||false|false&#8221; custom_margin_phone=&#8221;150px||||false|false&#8221; custom_margin_last_edited=&#8221;on|phone&#8221; custom_padding=&#8221;10px|10px|10px|10px|true|true&#8221; border_radii=&#8221;on|5px|5px|5px|5px&#8221; border_width_all=&#8221;1px&#8221; border_color_all=&#8221;#ededed&#8221; global_colors_info=&#8221;{}&#8221;][et_pb_row _builder_version=&#8221;4.27.4&#8243; background_size=&#8221;initial&#8221; background_position=&#8221;top_left&#8221; background_repeat=&#8221;repeat&#8221; width=&#8221;100%&#8221; custom_margin=&#8221;0px||0px||true|false&#8221; custom_padding=&#8221;0px||0px||false|false&#8221; global_colors_info=&#8221;{}&#8221;][et_pb_column type=&#8221;4_4&#8243; _builder_version=&#8221;4.16&#8243; custom_padding=&#8221;|||&#8221; global_colors_info=&#8221;{}&#8221; custom_padding__hover=&#8221;|||&#8221;][et_pb_wc_cart_notice _builder_version=&#8221;4.27.4&#8243; title_text_color=&#8221;#FFFFFF&#8221; background_color=&#8221;#4ab21e&#8221; custom_button=&#8221;on&#8221; button_text_color=&#8221;#FFFFFF&#8221; button_bg_color=&#8221;#074096&#8243; global_colors_info=&#8221;{}&#8221;][\/et_pb_wc_cart_notice][\/et_pb_column][\/et_pb_row][et_pb_row column_structure=&#8221;3_5,1_5,1_5&#8243; use_custom_gutter=&#8221;on&#8221; gutter_width=&#8221;1&#8243; _builder_version=&#8221;4.27.4&#8243; background_size=&#8221;initial&#8221; background_position=&#8221;top_left&#8221; background_repeat=&#8221;repeat&#8221; width=&#8221;100%&#8221; max_width=&#8221;2560px&#8221; module_alignment=&#8221;center&#8221; custom_margin=&#8221;15px||||false|false&#8221; custom_padding=&#8221;0px||0px||false|false&#8221; global_colors_info=&#8221;{}&#8221;][et_pb_column type=&#8221;3_5&#8243; _builder_version=&#8221;4.27.4&#8243; custom_padding=&#8221;0px|0px|0px|0px|true|true&#8221; global_colors_info=&#8221;{}&#8221; custom_padding__hover=&#8221;|||&#8221;][et_pb_wc_title _builder_version=&#8221;4.27.4&#8243; header_font=&#8221;|600|||||||&#8221; header_text_color=&#8221;#4f4f4f&#8221; header_font_size=&#8221;28px&#8221; header_line_height=&#8221;1.2em&#8221; custom_margin=&#8221;0px||10px||false|false&#8221; custom_padding=&#8221;0px||0px||true|false&#8221; global_colors_info=&#8221;{}&#8221;][\/et_pb_wc_title][et_pb_wc_description _builder_version=&#8221;4.27.4&#8243; body_font_size=&#8221;16px&#8221; custom_margin=&#8221;0px|0px|0px|0px|false|true&#8221; custom_padding=&#8221;0px|0px|0px|0px|true|true&#8221; global_colors_info=&#8221;{}&#8221;][\/et_pb_wc_description][\/et_pb_column][et_pb_column type=&#8221;1_5&#8243; _builder_version=&#8221;4.27.4&#8243; positioning=&#8221;none&#8221; position_origin_f=&#8221;top_right&#8221; custom_padding=&#8221;15px|10px|15px|10px|true|false&#8221; border_radii=&#8221;on|5px|5px|5px|5px&#8221; global_colors_info=&#8221;{}&#8221; custom_padding__hover=&#8221;|||&#8221;][et_pb_text _builder_version=&#8221;4.27.4&#8243; _module_preset=&#8221;default&#8221; text_font=&#8221;|||on|||||&#8221; text_font_size=&#8221;15px&#8221; header_font=&#8221;|600|||||||&#8221; custom_margin=&#8221;0px||0px||true|false&#8221; custom_padding=&#8221;0px||0px||true|false&#8221; global_colors_info=&#8221;{}&#8221;]<\/p>\n<p style=\"text-align: center;\">Adulto:<\/p>\n<h1 style=\"text-align: center;\">$2,100 MXN<\/h1>\n<p>[\/et_pb_text][\/et_pb_column][et_pb_column type=&#8221;1_5&#8243; _builder_version=&#8221;4.27.4&#8243; positioning=&#8221;none&#8221; position_origin_f=&#8221;top_right&#8221; custom_padding=&#8221;15px|10px|15px|10px|true|false&#8221; border_radii=&#8221;on|5px|5px|5px|5px&#8221; global_colors_info=&#8221;{}&#8221; custom_padding__hover=&#8221;|||&#8221;][et_pb_text _builder_version=&#8221;4.27.4&#8243; _module_preset=&#8221;default&#8221; text_font=&#8221;|||on|||||&#8221; text_font_size=&#8221;15px&#8221; header_font=&#8221;|600|||||||&#8221; custom_margin=&#8221;0px||0px||true|false&#8221; custom_padding=&#8221;0px||0px||true|false&#8221; global_colors_info=&#8221;{}&#8221;]<\/p>\n<p style=\"text-align: center;\">Menor:<\/p>\n<h1 style=\"text-align: center;\">$1,150 MXN<\/h1>\n<p>[\/et_pb_text][\/et_pb_column][\/et_pb_row][et_pb_row column_structure=&#8221;1_3,2_3&#8243; use_custom_gutter=&#8221;on&#8221; gutter_width=&#8221;1&#8243; _builder_version=&#8221;4.27.4&#8243; background_size=&#8221;initial&#8221; background_position=&#8221;top_left&#8221; background_repeat=&#8221;repeat&#8221; width=&#8221;100%&#8221; max_width=&#8221;2560px&#8221; module_alignment=&#8221;center&#8221; custom_margin=&#8221;10px||0px||false|false&#8221; custom_padding=&#8221;0px||0px||true|false&#8221; global_colors_info=&#8221;{}&#8221;][et_pb_column type=&#8221;1_3&#8243; _builder_version=&#8221;4.27.4&#8243; background_color=&#8221;#FFFFFF&#8221; positioning=&#8221;none&#8221; position_origin_f=&#8221;top_right&#8221; custom_padding=&#8221;10px|10px|10px|10px|true|true&#8221; border_radii=&#8221;on|5px|5px|5px|5px&#8221; global_colors_info=&#8221;{}&#8221; custom_padding__hover=&#8221;|||&#8221;][et_pb_button button_url=&#8221;http:\/\/wa.me\/+529981064892?&#8221; url_new_window=&#8221;on&#8221; button_text=&#8221;Cotizar transportaci\u00f3n&#8221; button_alignment=&#8221;center&#8221; _builder_version=&#8221;4.27.4&#8243; _module_preset=&#8221;default&#8221; custom_button=&#8221;on&#8221; button_text_size=&#8221;17px&#8221; button_text_color=&#8221;#ffffff&#8221; button_bg_color=&#8221;#042f93&#8243; button_border_width=&#8221;0px&#8221; button_border_radius=&#8221;5px&#8221; button_font=&#8221;|||on|||||&#8221; button_icon=&#8221;&#xf232;||fa||400&#8243; button_icon_placement=&#8221;left&#8221; button_on_hover=&#8221;off&#8221; custom_margin=&#8221;5px||5px||true|false&#8221; custom_padding=&#8221;10px||10px||true|false&#8221; box_shadow_style=&#8221;preset3&#8243; global_colors_info=&#8221;{}&#8221; button_bg_color__hover_enabled=&#8221;on|hover&#8221; button_bg_color__hover=&#8221;#000000&#8243; button_bg_enable_color__hover=&#8221;on&#8221;][\/et_pb_button][et_pb_wc_add_to_cart show_stock=&#8221;off&#8221; field_label_position=&#8221;inline&#8221; _builder_version=&#8221;4.27.4&#8243; fields_background_color=&#8221;#f4f4f4&#8243; fields_text_color=&#8221;#515151&#8243; fields_focus_background_color=&#8221;#FFFFFF&#8221; fields_focus_text_color=&#8221;#4c4c4c&#8221; fields_custom_margin=&#8221;0px|0px|0px|0px|true|true&#8221; fields_custom_padding=&#8221;7px|0px|7px|0px|true|true&#8221; dropdown_menus_background_color=&#8221;#FFFFFF&#8221; dropdown_menus_text_color=&#8221;#424242&#8243; dropdown_menus_focus_background_color=&#8221;#FFFFFF&#8221; dropdown_menus_focus_text_color=&#8221;#545454&#8243; dropdown_menus_custom_margin=&#8221;20px|5px|20px|5px|true|true&#8221; field_label_font=&#8221;||||||||&#8221; field_label_text_color=&#8221;#595959&#8243; field_label_font_size=&#8221;17px&#8221; field_label_line_height=&#8221;1.4em&#8221; fields_font_size=&#8221;17px&#8221; fields_line_height=&#8221;1.4em&#8221; dropdown_menus_font_size=&#8221;17px&#8221; background_color=&#8221;#FFFFFF&#8221; custom_button=&#8221;on&#8221; button_text_size=&#8221;22px&#8221; button_text_color=&#8221;#FFFFFF&#8221; button_bg_color=&#8221;#3ed323&#8243; button_border_width=&#8221;0px&#8221; button_border_radius=&#8221;5px&#8221; button_icon=&#8221;&#x35;||divi||400&#8243; button_icon_color=&#8221;#FFFFFF&#8221; button_on_hover=&#8221;off&#8221; button_custom_margin=&#8221;|25px|20px|25px|false|true&#8221; module_alignment=&#8221;center&#8221; custom_margin=&#8221;0px|0px|0px|0px|true|true&#8221; custom_padding=&#8221;0px|0px|0px|0px|true|true&#8221; animation_direction=&#8221;right&#8221; border_radii=&#8221;on|6px|6px|6px|6px&#8221; border_color_all=&#8221;#e5e5e5&#8243; border_radii_fields=&#8221;on|5px|5px|5px|5px&#8221; border_width_all_fields=&#8221;1px&#8221; border_color_all_fields=&#8221;#e2e2e2&#8243; border_width_all_fields_focus=&#8221;1px&#8221; border_color_all_fields_focus=&#8221;#FFFFFF&#8221; border_width_all_dropdown_menus=&#8221;1px&#8221; border_color_all_dropdown_menus=&#8221;#FFFFFF&#8221; border_width_all_dropdown_menus_focus=&#8221;1px&#8221; border_color_all_dropdown_menus_focus=&#8221;#e2e2e2&#8243; box_shadow_style=&#8221;preset3&#8243; box_shadow_style_button=&#8221;preset3&#8243; global_colors_info=&#8221;{}&#8221;][\/et_pb_wc_add_to_cart][et_pb_image src=&#8221;https:\/\/midastravel.mx\/wp-content\/uploads\/2025\/09\/pago-seguro-Midas-scaled.jpg&#8221; title_text=&#8221;pago seguro Midas&#8221; _builder_version=&#8221;4.27.4&#8243; _module_preset=&#8221;default&#8221; width_tablet=&#8221;50%&#8221; width_phone=&#8221;80%&#8221; width_last_edited=&#8221;on|tablet&#8221; custom_margin=&#8221;15px||||false|false&#8221; global_colors_info=&#8221;{}&#8221;][\/et_pb_image][\/et_pb_column][et_pb_column type=&#8221;2_3&#8243; _builder_version=&#8221;4.27.4&#8243; custom_padding=&#8221;0px|0px|0px|0px|true|true&#8221; global_colors_info=&#8221;{}&#8221; custom_padding__hover=&#8221;|||&#8221;][dipl_masonry_gallery image_ids=&#8221;238597,238598,238599,238600,238601,238602,238603,238604,238605,238606,238607,238595&#8243; column_spacing=&#8221;5px&#8221; enable_lightbox=&#8221;on&#8221; lightbox_background_color=&#8221;rgba(0,0,0,0.71)&#8221; _builder_version=&#8221;4.27.4&#8243; _module_preset=&#8221;default&#8221; global_colors_info=&#8221;{}&#8221;][\/dipl_masonry_gallery][\/et_pb_column][\/et_pb_row][et_pb_row column_structure=&#8221;3_5,2_5&#8243; _builder_version=&#8221;4.27.4&#8243; background_size=&#8221;initial&#8221; background_position=&#8221;top_left&#8221; background_repeat=&#8221;repeat&#8221; width=&#8221;100%&#8221; global_colors_info=&#8221;{}&#8221;][et_pb_column type=&#8221;3_5&#8243; _builder_version=&#8221;4.16&#8243; custom_padding=&#8221;|||&#8221; global_colors_info=&#8221;{}&#8221; custom_padding__hover=&#8221;|||&#8221;][et_pb_wc_tabs active_tab_background_color=&#8221;#02247a&#8221; inactive_tab_background_color=&#8221;#d3d3d3&#8243; active_tab_text_color=&#8221;#FFFFFF&#8221; _builder_version=&#8221;4.27.4&#8243; tab_text_color=&#8221;#686868&#8243; body_font_size=&#8221;15px&#8221; body_line_height=&#8221;1.8em&#8221; tab_font_size=&#8221;20px&#8221; background_color=&#8221;#FFFFFF&#8221; border_radii=&#8221;on|5px|5px|5px|5px&#8221; border_width_all=&#8221;0px&#8221; global_colors_info=&#8221;{}&#8221;]\t\t\t\t\t[\/et_pb_wc_tabs][\/et_pb_column][et_pb_column type=&#8221;2_5&#8243; _builder_version=&#8221;4.16&#8243; custom_padding=&#8221;|||&#8221; global_colors_info=&#8221;{}&#8221; custom_padding__hover=&#8221;|||&#8221;][et_pb_text _builder_version=&#8221;4.27.4&#8243; _module_preset=&#8221;default&#8221; text_text_color=&#8221;#FFFFFF&#8221; header_2_text_color=&#8221;#FFFFFF&#8221; header_3_text_color=&#8221;#FFFFFF&#8221; header_3_font_size=&#8221;17px&#8221; background_color=&#8221;#02247a&#8221; custom_padding=&#8221;20px|10px|20px|10px|true|true&#8221; border_radii=&#8221;on|5px|5px|5px|5px&#8221; global_colors_info=&#8221;{}&#8221;]<\/p>\n<h3><strong>DURACION:<\/strong> 4 Horas<\/h3>\n<p><strong>Todos los d\u00edas<\/strong> 09:00 AM<\/p>\n<p>[\/et_pb_text][et_pb_heading title=&#8221;RESTRICCIONES&#8221; _builder_version=&#8221;4.27.4&#8243; _module_preset=&#8221;default&#8221; title_level=&#8221;h3&#8243; title_font=&#8221;|700||on|||||&#8221; title_text_align=&#8221;center&#8221; title_text_color=&#8221;#3cad1d&#8221; background_color=&#8221;#FFFFFF&#8221; custom_margin=&#8221;0px||13px||false|false&#8221; custom_padding=&#8221;10px||0px||false|false&#8221; border_radii=&#8221;on|5px|5px|5px|5px&#8221; global_colors_info=&#8221;{}&#8221;][\/et_pb_heading][et_pb_text _builder_version=&#8221;4.27.4&#8243; _module_preset=&#8221;default&#8221; global_colors_info=&#8221;{}&#8221;]<\/p>\n<ul>\n<li>No apto para mujeres embarazadas<\/li>\n<li>No apto para personas con problemas en la espalda, coraz\u00f3n, hombros, cuello o cirug\u00edas recientes<\/li>\n<li>No recomendable para menores de 2 a\u00f1os<\/li>\n<li>El peso m\u00ednimo permitido en tirolesa es de 45 kg<\/li>\n<li>El peso m\u00e1ximo permitido en tirolesa es de 330 lb (150 kg)<\/li>\n<li>El peso m\u00e1ximo permitido en Tarzania, super flight y Bungee Swing es de 245 lb (110 kg)<\/li>\n<li>La edad m\u00ednima para poder manejar los veh\u00edculos es de 16 a\u00f1os y deber\u00e1n presentar una identificaci\u00f3n oficial<\/li>\n<li>Edad m\u00ednima para realizar estas actividades: 8 a\u00f1os<\/li>\n<\/ul>\n<p>[\/et_pb_text][et_pb_button button_url=&#8221;http:\/\/wa.me\/+529981064892?&#8221; url_new_window=&#8221;on&#8221; button_text=&#8221;Cotizar transportaci\u00f3n&#8221; button_alignment=&#8221;center&#8221; _builder_version=&#8221;4.27.4&#8243; _module_preset=&#8221;default&#8221; custom_button=&#8221;on&#8221; button_text_size=&#8221;17px&#8221; button_text_color=&#8221;#ffffff&#8221; button_bg_color=&#8221;#042f93&#8243; button_border_width=&#8221;0px&#8221; button_border_radius=&#8221;5px&#8221; button_font=&#8221;|||on|||||&#8221; button_icon=&#8221;&#xf232;||fa||400&#8243; button_icon_placement=&#8221;left&#8221; button_on_hover=&#8221;off&#8221; custom_margin=&#8221;5px||5px||true|false&#8221; custom_padding=&#8221;10px||10px||true|false&#8221; box_shadow_style=&#8221;preset3&#8243; global_colors_info=&#8221;{}&#8221; button_bg_color__hover_enabled=&#8221;on|hover&#8221; button_bg_color__hover=&#8221;#000000&#8243; button_bg_enable_color__hover=&#8221;on&#8221;][\/et_pb_button][\/et_pb_column][\/et_pb_row][et_pb_row column_structure=&#8221;1_3,1_3,1_3&#8243; use_custom_gutter=&#8221;on&#8221; gutter_width=&#8221;2&#8243; make_equal=&#8221;on&#8221; _builder_version=&#8221;4.27.4&#8243; _module_preset=&#8221;default&#8221; width=&#8221;95%&#8221; max_width=&#8221;1140px&#8221; module_alignment=&#8221;center&#8221; custom_margin=&#8221;20px||20px||true|false&#8221; global_colors_info=&#8221;{}&#8221;][et_pb_column type=&#8221;1_3&#8243; _builder_version=&#8221;4.27.4&#8243; _module_preset=&#8221;default&#8221; custom_padding=&#8221;|0px||0px|false|true&#8221; border_radii=&#8221;on|5px|5px|5px|5px&#8221; border_width_all=&#8221;1px&#8221; border_color_all=&#8221;#d3d3d3&#8243; global_colors_info=&#8221;{}&#8221;][et_pb_heading title=&#8221;INCLUYE&#8221; _builder_version=&#8221;4.27.4&#8243; _module_preset=&#8221;default&#8221; title_level=&#8221;h3&#8243; title_font=&#8221;|700||on|||||&#8221; title_text_align=&#8221;center&#8221; title_text_color=&#8221;#FFFFFF&#8221; background_color=&#8221;#4fbc20&#8243; custom_margin=&#8221;0px||13px||false|false&#8221; custom_padding=&#8221;10px||0px||false|false&#8221; border_radii=&#8221;off|5px|5px||&#8221; global_colors_info=&#8221;{}&#8221;][\/et_pb_heading][et_pb_text _builder_version=&#8221;4.27.4&#8243; _module_preset=&#8221;default&#8221; custom_padding=&#8221;|10px||10px|false|true&#8221; global_colors_info=&#8221;{}&#8221;]<\/p>\n<ul>\n<li>Circuito de 10 tirolesas<\/li>\n<li>AguaZip<\/li>\n<li>Tarzania (Monta\u00f1a Rusa Humana)<\/li>\n<li>ATV\u00b4s<\/li>\n<li>Visitar a cenote privado<\/li>\n<li>Lunch ligero y bebidas no alcoh\u00f3licas<\/li>\n<li>Aguas frescas<\/li>\n<li>Barra de ensaladas<\/li>\n<\/ul>\n<p>[\/et_pb_text][\/et_pb_column][et_pb_column type=&#8221;1_3&#8243; _builder_version=&#8221;4.27.4&#8243; _module_preset=&#8221;default&#8221; border_radii=&#8221;on|5px|5px|5px|5px&#8221; border_width_all=&#8221;1px&#8221; border_color_all=&#8221;#d3d3d3&#8243; global_colors_info=&#8221;{}&#8221;][et_pb_heading title=&#8221;NO INCLUYE&#8221; _builder_version=&#8221;4.27.4&#8243; _module_preset=&#8221;default&#8221; title_level=&#8221;h3&#8243; title_font=&#8221;|700||on|||||&#8221; title_text_align=&#8221;center&#8221; title_text_color=&#8221;#FFFFFF&#8221; background_color=&#8221;#4fbc20&#8243; custom_margin=&#8221;0px||13px||false|false&#8221; custom_padding=&#8221;10px||0px||false|false&#8221; border_radii=&#8221;off|5px|5px||&#8221; global_colors_info=&#8221;{}&#8221;][\/et_pb_heading][et_pb_text _builder_version=&#8221;4.27.4&#8243; _module_preset=&#8221;default&#8221; custom_padding=&#8221;|10px||10px|false|true&#8221; global_colors_info=&#8221;{}&#8221;]<\/p>\n<ul>\n<li>Transportaci\u00f3n<\/li>\n<li>Refrescos o bebidas alcoh\u00f3licas<\/li>\n<li>Propinas<\/li>\n<li>Recuerdos<\/li>\n<li>Lockers<\/li>\n<li>Seguro de veh\u00edculo<\/li>\n<\/ul>\n<p>[\/et_pb_text][\/et_pb_column][et_pb_column type=&#8221;1_3&#8243; _builder_version=&#8221;4.27.4&#8243; _module_preset=&#8221;default&#8221; border_radii=&#8221;on|5px|5px|5px|5px&#8221; border_width_all=&#8221;1px&#8221; border_color_all=&#8221;#d3d3d3&#8243; global_colors_info=&#8221;{}&#8221;][et_pb_heading title=&#8221;RECOMENDACIONES&#8221; _builder_version=&#8221;4.27.4&#8243; _module_preset=&#8221;default&#8221; title_level=&#8221;h3&#8243; title_font=&#8221;|700||on|||||&#8221; title_text_align=&#8221;center&#8221; title_text_color=&#8221;#FFFFFF&#8221; background_color=&#8221;#4fbc20&#8243; custom_margin=&#8221;0px||13px||false|false&#8221; custom_padding=&#8221;10px||0px||false|false&#8221; border_radii=&#8221;off|5px|5px||&#8221; global_colors_info=&#8221;{}&#8221;][\/et_pb_heading][et_pb_text _builder_version=&#8221;4.27.4&#8243; _module_preset=&#8221;default&#8221; custom_padding=&#8221;|10px||10px|false|true&#8221; global_colors_info=&#8221;{}&#8221;]<\/p>\n<ul>\n<li>Llevar toalla<\/li>\n<li>Traje de ba\u00f1o<\/li>\n<li>Zapatos c\u00f3modos<\/li>\n<li>Sombrero o gorra<\/li>\n<li>Cambio de ropa<\/li>\n<li>Efectivo<\/li>\n<\/ul>\n<p>[\/et_pb_text][\/et_pb_column][\/et_pb_row][\/et_pb_section]<\/p>\n","protected":false},"excerpt":{"rendered":"<p>Vive una emocionante aventura desliz\u00e1ndote entre las copas de los \u00e1rboles en un circuito de 10 tirolesas, con la opci\u00f3n de sumergirte en el \u00a1AquaZip! Enfrenta la \u00fanica monta\u00f1a rusa humana en Canc\u00fan, Tarzania, exclusiva de Selv\u00e1tica, y siente una descarga de adrenalina \u00fanica. Maniobra en curvas cerradas y r\u00e1pidos senderos en un potente 4\u00d74, dominando terrenos desafiantes en la selva. Termina tu d\u00eda con una gratificante zambullida en nuestro hermoso cenote privado, relaj\u00e1ndote en este para\u00edso natural.<\/p>","protected":false},"featured_media":238595,"comment_status":"open","ping_status":"closed","template":"","meta":{"_et_pb_use_builder":"on","_et_pb_old_content":"<strong>Circuito de Tirolesas<\/strong>\r\nVive una emocionante aventura desliz\u00e1ndote entre las copas de los \u00e1rboles en un inolvidable circuito de 10 tirolesas. Siente la adrenalina al m\u00e1ximo con la opci\u00f3n de aterrizar o sumergirte en el emocionante \u00a1AquaZip!\r\n\r\n<strong>Monta\u00f1a Rusa Humana: Tarzania<\/strong>\r\nEnfrenta la \u00fanica monta\u00f1a rusa humana en Canc\u00fan, Tarzania, exclusiva de Selv\u00e1tica. Atr\u00e9vete a volar a trav\u00e9s de la jungla y experimentar una descarga de adrenalina como nunca antes.\r\n\r\n<strong>Conducci\u00f3n en 4\u00d74<\/strong>\r\nDisfruta de la potencia de un 4\u00d74 mientras maniobras en curvas cerradas y r\u00e1pidos senderos. Siente la emoci\u00f3n de dominar terrenos desafiantes en medio de la selva.\r\n\r\n<strong>Cenote Privado<\/strong>\r\nTermina tu aventura con una gratificante zambullida en nuestro hermoso cenote privado. Rel\u00e1jate y refr\u00e9scate en este para\u00edso natural despu\u00e9s de un d\u00eda lleno de emoci\u00f3n.","_et_gb_content_width":""},"product_brand":[],"product_cat":[18],"product_tag":[41,39],"class_list":{"0":"post-238592","1":"product","2":"type-product","3":"status-publish","4":"has-post-thumbnail","6":"product_cat-tours-en-cancun-y-riviera-maya","7":"product_tag-aventura","8":"product_tag-naturaleza","10":"first","11":"instock","12":"featured","13":"virtual","14":"sold-individually","15":"purchasable","16":"product-type-booking"},"_links":{"self":[{"href":"https:\/\/midastravel.mx\/en\/wp-json\/wp\/v2\/product\/238592","targetHints":{"allow":["GET"]}}],"collection":[{"href":"https:\/\/midastravel.mx\/en\/wp-json\/wp\/v2\/product"}],"about":[{"href":"https:\/\/midastravel.mx\/en\/wp-json\/wp\/v2\/types\/product"}],"replies":[{"embeddable":true,"href":"https:\/\/midastravel.mx\/en\/wp-json\/wp\/v2\/comments?post=238592"}],"wp:featuredmedia":[{"embeddable":true,"href":"https:\/\/midastravel.mx\/en\/wp-json\/wp\/v2\/media\/238595"}],"wp:attachment":[{"href":"https:\/\/midastravel.mx\/en\/wp-json\/wp\/v2\/media?parent=238592"}],"wp:term":[{"taxonomy":"product_brand","embeddable":true,"href":"https:\/\/midastravel.mx\/en\/wp-json\/wp\/v2\/product_brand?post=238592"},{"taxonomy":"product_cat","embeddable":true,"href":"https:\/\/midastravel.mx\/en\/wp-json\/wp\/v2\/product_cat?post=238592"},{"taxonomy":"product_tag","embeddable":true,"href":"https:\/\/midastravel.mx\/en\/wp-json\/wp\/v2\/product_tag?post=238592"}],"curies":[{"name":"wp","href":"https:\/\/api.w.org\/{rel}","templated":true}]}}