{"id":238626,"date":"2025-10-06T20:05:25","date_gmt":"2025-10-06T20:05:25","guid":{"rendered":"https:\/\/midastravel.cancunlocal.com\/?post_type=product&#038;p=238626"},"modified":"2025-10-13T22:14:41","modified_gmt":"2025-10-13T22:14:41","slug":"tour-bacalar","status":"publish","type":"product","link":"https:\/\/midastravel.mx\/en\/tours\/tour-bacalar\/","title":{"rendered":"Bacalar Tour"},"content":{"rendered":"<p>[et_pb_section fb_built=&#8221;1&#8243; _builder_version=&#8221;4.27.4&#8243; background_color=&#8221;#FFFFFF&#8221; custom_margin=&#8221;50px||||false|false&#8221; custom_margin_tablet=&#8221;50px||||false|false&#8221; custom_margin_phone=&#8221;150px||||false|false&#8221; custom_margin_last_edited=&#8221;on|phone&#8221; custom_padding=&#8221;10px|10px|10px|10px|true|true&#8221; border_radii=&#8221;on|5px|5px|5px|5px&#8221; border_width_all=&#8221;1px&#8221; border_color_all=&#8221;#ededed&#8221; global_colors_info=&#8221;{}&#8221;][et_pb_row _builder_version=&#8221;4.27.4&#8243; background_size=&#8221;initial&#8221; background_position=&#8221;top_left&#8221; background_repeat=&#8221;repeat&#8221; width=&#8221;100%&#8221; custom_margin=&#8221;0px||0px||true|false&#8221; custom_padding=&#8221;0px||0px||false|false&#8221; global_colors_info=&#8221;{}&#8221;][et_pb_column type=&#8221;4_4&#8243; _builder_version=&#8221;4.16&#8243; custom_padding=&#8221;|||&#8221; global_colors_info=&#8221;{}&#8221; custom_padding__hover=&#8221;|||&#8221;][et_pb_wc_cart_notice _builder_version=&#8221;4.27.4&#8243; title_text_color=&#8221;#FFFFFF&#8221; background_color=&#8221;#4ab21e&#8221; custom_button=&#8221;on&#8221; button_text_color=&#8221;#FFFFFF&#8221; button_bg_color=&#8221;#074096&#8243; global_colors_info=&#8221;{}&#8221;][\/et_pb_wc_cart_notice][\/et_pb_column][\/et_pb_row][et_pb_row column_structure=&#8221;3_5,1_5,1_5&#8243; use_custom_gutter=&#8221;on&#8221; gutter_width=&#8221;1&#8243; _builder_version=&#8221;4.27.4&#8243; background_size=&#8221;initial&#8221; background_position=&#8221;top_left&#8221; background_repeat=&#8221;repeat&#8221; width=&#8221;100%&#8221; max_width=&#8221;2560px&#8221; module_alignment=&#8221;center&#8221; custom_margin=&#8221;15px||||false|false&#8221; custom_padding=&#8221;0px||0px||false|false&#8221; global_colors_info=&#8221;{}&#8221;][et_pb_column type=&#8221;3_5&#8243; _builder_version=&#8221;4.27.4&#8243; custom_padding=&#8221;0px|0px|0px|0px|true|true&#8221; global_colors_info=&#8221;{}&#8221; custom_padding__hover=&#8221;|||&#8221;][et_pb_wc_title _builder_version=&#8221;4.27.4&#8243; header_font=&#8221;|600|||||||&#8221; header_text_color=&#8221;#4f4f4f&#8221; header_font_size=&#8221;28px&#8221; header_line_height=&#8221;1.2em&#8221; custom_margin=&#8221;0px||10px||false|false&#8221; custom_padding=&#8221;0px||0px||true|false&#8221; global_colors_info=&#8221;{}&#8221;][\/et_pb_wc_title][et_pb_wc_description _builder_version=&#8221;4.27.4&#8243; body_font_size=&#8221;16px&#8221; custom_margin=&#8221;0px|0px|0px|0px|false|true&#8221; custom_padding=&#8221;0px|0px|0px|0px|true|true&#8221; global_colors_info=&#8221;{}&#8221;][\/et_pb_wc_description][\/et_pb_column][et_pb_column type=&#8221;1_5&#8243; _builder_version=&#8221;4.27.4&#8243; positioning=&#8221;none&#8221; position_origin_f=&#8221;top_right&#8221; custom_padding=&#8221;15px|10px|15px|10px|true|false&#8221; border_radii=&#8221;on|5px|5px|5px|5px&#8221; global_colors_info=&#8221;{}&#8221; custom_padding__hover=&#8221;|||&#8221;][et_pb_text _builder_version=&#8221;4.27.4&#8243; _module_preset=&#8221;default&#8221; text_font=&#8221;|||on|||||&#8221; text_font_size=&#8221;15px&#8221; header_font=&#8221;|600|||||||&#8221; custom_margin=&#8221;0px||0px||true|false&#8221; custom_padding=&#8221;0px||0px||true|false&#8221; global_colors_info=&#8221;{}&#8221;]<\/p>\n<p style=\"text-align: center;\">Adulto:<\/p>\n<h1 style=\"text-align: center;\">$2,100 MXN<\/h1>\n<p>[\/et_pb_text][\/et_pb_column][et_pb_column type=&#8221;1_5&#8243; _builder_version=&#8221;4.27.4&#8243; positioning=&#8221;none&#8221; position_origin_f=&#8221;top_right&#8221; custom_padding=&#8221;15px|10px|15px|10px|true|false&#8221; border_radii=&#8221;on|5px|5px|5px|5px&#8221; global_colors_info=&#8221;{}&#8221; custom_padding__hover=&#8221;|||&#8221;][et_pb_text _builder_version=&#8221;4.27.4&#8243; _module_preset=&#8221;default&#8221; text_font=&#8221;|||on|||||&#8221; text_font_size=&#8221;15px&#8221; header_font=&#8221;|600|||||||&#8221; custom_margin=&#8221;0px||0px||true|false&#8221; custom_padding=&#8221;0px||0px||true|false&#8221; global_colors_info=&#8221;{}&#8221;]<\/p>\n<p style=\"text-align: center;\">Menor:<\/p>\n<h1 style=\"text-align: center;\">$1,950 MXN<\/h1>\n<p>[\/et_pb_text][\/et_pb_column][\/et_pb_row][et_pb_row column_structure=&#8221;1_3,2_3&#8243; use_custom_gutter=&#8221;on&#8221; gutter_width=&#8221;1&#8243; _builder_version=&#8221;4.27.4&#8243; background_size=&#8221;initial&#8221; background_position=&#8221;top_left&#8221; background_repeat=&#8221;repeat&#8221; width=&#8221;100%&#8221; max_width=&#8221;2560px&#8221; module_alignment=&#8221;center&#8221; custom_margin=&#8221;10px||0px||false|false&#8221; custom_padding=&#8221;0px||0px||true|false&#8221; global_colors_info=&#8221;{}&#8221;][et_pb_column type=&#8221;1_3&#8243; _builder_version=&#8221;4.27.4&#8243; background_color=&#8221;#FFFFFF&#8221; positioning=&#8221;none&#8221; position_origin_f=&#8221;top_right&#8221; custom_padding=&#8221;10px|10px|10px|10px|true|true&#8221; border_radii=&#8221;on|5px|5px|5px|5px&#8221; global_colors_info=&#8221;{}&#8221; custom_padding__hover=&#8221;|||&#8221;][et_pb_button button_url=&#8221;http:\/\/wa.me\/+529981064892?&#8221; url_new_window=&#8221;on&#8221; button_text=&#8221;Cotizar transportaci\u00f3n&#8221; button_alignment=&#8221;center&#8221; _builder_version=&#8221;4.27.4&#8243; _module_preset=&#8221;default&#8221; custom_button=&#8221;on&#8221; button_text_size=&#8221;17px&#8221; button_text_color=&#8221;#ffffff&#8221; button_bg_color=&#8221;#042f93&#8243; button_border_width=&#8221;0px&#8221; button_border_radius=&#8221;5px&#8221; button_font=&#8221;|||on|||||&#8221; button_icon=&#8221;&#xf232;||fa||400&#8243; button_icon_placement=&#8221;left&#8221; button_on_hover=&#8221;off&#8221; custom_margin=&#8221;5px||5px||true|false&#8221; custom_padding=&#8221;10px||10px||true|false&#8221; box_shadow_style=&#8221;preset3&#8243; global_colors_info=&#8221;{}&#8221; button_bg_color__hover_enabled=&#8221;on|hover&#8221; button_bg_color__hover=&#8221;#000000&#8243; button_bg_enable_color__hover=&#8221;on&#8221;][\/et_pb_button][et_pb_wc_add_to_cart show_stock=&#8221;off&#8221; field_label_position=&#8221;inline&#8221; _builder_version=&#8221;4.27.4&#8243; fields_background_color=&#8221;#f4f4f4&#8243; fields_text_color=&#8221;#515151&#8243; fields_focus_background_color=&#8221;#FFFFFF&#8221; fields_focus_text_color=&#8221;#4c4c4c&#8221; fields_custom_margin=&#8221;0px|0px|0px|0px|true|true&#8221; fields_custom_padding=&#8221;7px|0px|7px|0px|true|true&#8221; dropdown_menus_background_color=&#8221;#FFFFFF&#8221; dropdown_menus_text_color=&#8221;#424242&#8243; dropdown_menus_focus_background_color=&#8221;#FFFFFF&#8221; dropdown_menus_focus_text_color=&#8221;#545454&#8243; dropdown_menus_custom_margin=&#8221;20px|5px|20px|5px|true|true&#8221; field_label_font=&#8221;||||||||&#8221; field_label_text_color=&#8221;#595959&#8243; field_label_font_size=&#8221;17px&#8221; field_label_line_height=&#8221;1.4em&#8221; fields_font_size=&#8221;17px&#8221; fields_line_height=&#8221;1.4em&#8221; dropdown_menus_font_size=&#8221;17px&#8221; background_color=&#8221;#FFFFFF&#8221; custom_button=&#8221;on&#8221; button_text_size=&#8221;22px&#8221; button_text_color=&#8221;#FFFFFF&#8221; button_bg_color=&#8221;#3ed323&#8243; button_border_width=&#8221;0px&#8221; button_border_radius=&#8221;5px&#8221; button_icon=&#8221;&#x35;||divi||400&#8243; button_icon_color=&#8221;#FFFFFF&#8221; button_on_hover=&#8221;off&#8221; button_custom_margin=&#8221;|25px|20px|25px|false|true&#8221; module_alignment=&#8221;center&#8221; custom_margin=&#8221;0px|0px|0px|0px|true|true&#8221; custom_padding=&#8221;0px|0px|0px|0px|true|true&#8221; animation_direction=&#8221;right&#8221; border_radii=&#8221;on|6px|6px|6px|6px&#8221; border_color_all=&#8221;#e5e5e5&#8243; border_radii_fields=&#8221;on|5px|5px|5px|5px&#8221; border_width_all_fields=&#8221;1px&#8221; border_color_all_fields=&#8221;#e2e2e2&#8243; border_width_all_fields_focus=&#8221;1px&#8221; border_color_all_fields_focus=&#8221;#FFFFFF&#8221; border_width_all_dropdown_menus=&#8221;1px&#8221; border_color_all_dropdown_menus=&#8221;#FFFFFF&#8221; border_width_all_dropdown_menus_focus=&#8221;1px&#8221; border_color_all_dropdown_menus_focus=&#8221;#e2e2e2&#8243; box_shadow_style=&#8221;preset3&#8243; box_shadow_style_button=&#8221;preset3&#8243; global_colors_info=&#8221;{}&#8221;][\/et_pb_wc_add_to_cart][et_pb_image src=&#8221;https:\/\/midastravel.mx\/wp-content\/uploads\/2025\/09\/pago-seguro-Midas-scaled.jpg&#8221; title_text=&#8221;pago seguro Midas&#8221; _builder_version=&#8221;4.27.4&#8243; _module_preset=&#8221;default&#8221; width_tablet=&#8221;50%&#8221; width_phone=&#8221;80%&#8221; width_last_edited=&#8221;on|tablet&#8221; custom_margin=&#8221;15px||||false|false&#8221; global_colors_info=&#8221;{}&#8221;][\/et_pb_image][\/et_pb_column][et_pb_column type=&#8221;2_3&#8243; _builder_version=&#8221;4.27.4&#8243; custom_padding=&#8221;0px|0px|0px|0px|true|true&#8221; global_colors_info=&#8221;{}&#8221; custom_padding__hover=&#8221;|||&#8221;][dipl_masonry_gallery image_ids=&#8221;238631,238632,238633,238634,238635,238636,238637,238638,238639,238640,238641,238629&#8243; column_spacing=&#8221;5px&#8221; enable_lightbox=&#8221;on&#8221; lightbox_background_color=&#8221;rgba(0,0,0,0.71)&#8221; _builder_version=&#8221;4.27.4&#8243; _module_preset=&#8221;default&#8221; global_colors_info=&#8221;{}&#8221;][\/dipl_masonry_gallery][\/et_pb_column][\/et_pb_row][et_pb_row column_structure=&#8221;3_5,2_5&#8243; _builder_version=&#8221;4.27.4&#8243; background_size=&#8221;initial&#8221; background_position=&#8221;top_left&#8221; background_repeat=&#8221;repeat&#8221; width=&#8221;100%&#8221; global_colors_info=&#8221;{}&#8221;][et_pb_column type=&#8221;3_5&#8243; _builder_version=&#8221;4.16&#8243; custom_padding=&#8221;|||&#8221; global_colors_info=&#8221;{}&#8221; custom_padding__hover=&#8221;|||&#8221;][et_pb_wc_tabs active_tab_background_color=&#8221;#02247a&#8221; inactive_tab_background_color=&#8221;#d3d3d3&#8243; active_tab_text_color=&#8221;#FFFFFF&#8221; _builder_version=&#8221;4.27.4&#8243; tab_text_color=&#8221;#686868&#8243; body_font_size=&#8221;15px&#8221; body_line_height=&#8221;1.8em&#8221; tab_font_size=&#8221;20px&#8221; background_color=&#8221;#FFFFFF&#8221; border_radii=&#8221;on|5px|5px|5px|5px&#8221; border_width_all=&#8221;0px&#8221; global_colors_info=&#8221;{}&#8221;] [\/et_pb_wc_tabs][\/et_pb_column][et_pb_column type=&#8221;2_5&#8243; _builder_version=&#8221;4.16&#8243; custom_padding=&#8221;|||&#8221; global_colors_info=&#8221;{}&#8221; custom_padding__hover=&#8221;|||&#8221;][et_pb_text _builder_version=&#8221;4.27.4&#8243; _module_preset=&#8221;default&#8221; text_text_color=&#8221;#FFFFFF&#8221; header_2_text_color=&#8221;#FFFFFF&#8221; header_3_text_color=&#8221;#FFFFFF&#8221; header_3_font_size=&#8221;17px&#8221; background_color=&#8221;#02247a&#8221; custom_padding=&#8221;20px|10px|20px|10px|true|true&#8221; border_radii=&#8221;on|5px|5px|5px|5px&#8221; global_colors_info=&#8221;{}&#8221;]<\/p>\n<h3><strong>DURACION:<\/strong> 12-14 Horas<\/h3>\n<p><strong>De jueves a martes. 5:00 am \u2013 8:30 pm.<\/strong><\/p>\n<p>El horario de pick up depende de la ubicaci\u00f3n del hotel. Por favor est\u00e9 listo y esperando en el lobby de su hotel o en el punto de encuentro 5 minutos antes de su hora de recogida programada.<br \/>\n[\/et_pb_text][et_pb_button button_url=&#8221;http:\/\/wa.me\/+529981064892?&#8221; url_new_window=&#8221;on&#8221; button_text=&#8221;Cotizar transportaci\u00f3n&#8221; button_alignment=&#8221;center&#8221; _builder_version=&#8221;4.27.4&#8243; _module_preset=&#8221;default&#8221; custom_button=&#8221;on&#8221; button_text_size=&#8221;17px&#8221; button_text_color=&#8221;#ffffff&#8221; button_bg_color=&#8221;#042f93&#8243; button_border_width=&#8221;0px&#8221; button_border_radius=&#8221;5px&#8221; button_font=&#8221;|||on|||||&#8221; button_icon=&#8221;&#xf232;||fa||400&#8243; button_icon_placement=&#8221;left&#8221; button_on_hover=&#8221;off&#8221; custom_margin=&#8221;5px||5px||true|false&#8221; custom_padding=&#8221;10px||10px||true|false&#8221; box_shadow_style=&#8221;preset3&#8243; global_colors_info=&#8221;{}&#8221; button_bg_color__hover_enabled=&#8221;on|hover&#8221; button_bg_color__hover=&#8221;#000000&#8243; button_bg_enable_color__hover=&#8221;on&#8221;][\/et_pb_button][\/et_pb_column][\/et_pb_row][et_pb_row column_structure=&#8221;1_3,1_3,1_3&#8243; use_custom_gutter=&#8221;on&#8221; gutter_width=&#8221;2&#8243; make_equal=&#8221;on&#8221; _builder_version=&#8221;4.27.4&#8243; _module_preset=&#8221;default&#8221; width=&#8221;95%&#8221; max_width=&#8221;1140px&#8221; module_alignment=&#8221;center&#8221; custom_margin=&#8221;20px||20px||true|false&#8221; global_colors_info=&#8221;{}&#8221;][et_pb_column type=&#8221;1_3&#8243; _builder_version=&#8221;4.27.4&#8243; _module_preset=&#8221;default&#8221; custom_padding=&#8221;|0px||0px|false|true&#8221; border_radii=&#8221;on|5px|5px|5px|5px&#8221; border_width_all=&#8221;1px&#8221; border_color_all=&#8221;#d3d3d3&#8243; global_colors_info=&#8221;{}&#8221;][et_pb_heading title=&#8221;INCLUYE&#8221; _builder_version=&#8221;4.27.4&#8243; _module_preset=&#8221;default&#8221; title_level=&#8221;h3&#8243; title_font=&#8221;|700||on|||||&#8221; title_text_align=&#8221;center&#8221; title_text_color=&#8221;#FFFFFF&#8221; background_color=&#8221;#4fbc20&#8243; custom_margin=&#8221;0px||13px||false|false&#8221; custom_padding=&#8221;10px||0px||false|false&#8221; border_radii=&#8221;off|5px|5px||&#8221; global_colors_info=&#8221;{}&#8221;][\/et_pb_heading][et_pb_text _builder_version=&#8221;4.27.4&#8243; _module_preset=&#8221;default&#8221; custom_padding=&#8221;|10px||10px|false|true&#8221; global_colors_info=&#8221;{}&#8221;]<\/p>\n<ul>\n<li>Transportaci\u00f3n redonda<\/li>\n<li>Gu\u00eda certificado a bordo<\/li>\n<li>Desayuno (chilaquiles o huevos al gusto)<\/li>\n<li>Exfoliaci\u00f3n natural<\/li>\n<li>Visita al Cenote Azul<\/li>\n<li>Comida a la carta, platillo a elegir<\/li>\n<li>Paseo en pont\u00f3n por la laguna de Bacalar<\/li>\n<li>Tiempo libre en la laguna<\/li>\n<li>Impuesto de muelle<\/li>\n<\/ul>\n<p>[\/et_pb_text][\/et_pb_column][et_pb_column type=&#8221;1_3&#8243; _builder_version=&#8221;4.27.4&#8243; _module_preset=&#8221;default&#8221; border_radii=&#8221;on|5px|5px|5px|5px&#8221; border_width_all=&#8221;1px&#8221; border_color_all=&#8221;#d3d3d3&#8243; global_colors_info=&#8221;{}&#8221;][et_pb_heading title=&#8221;NO INCLUYE&#8221; _builder_version=&#8221;4.27.4&#8243; _module_preset=&#8221;default&#8221; title_level=&#8221;h3&#8243; title_font=&#8221;|700||on|||||&#8221; title_text_align=&#8221;center&#8221; title_text_color=&#8221;#FFFFFF&#8221; background_color=&#8221;#4fbc20&#8243; custom_margin=&#8221;0px||13px||false|false&#8221; custom_padding=&#8221;10px||0px||false|false&#8221; border_radii=&#8221;off|5px|5px||&#8221; global_colors_info=&#8221;{}&#8221;][\/et_pb_heading][et_pb_text _builder_version=&#8221;4.27.4&#8243; _module_preset=&#8221;default&#8221; custom_padding=&#8221;|10px||10px|false|true&#8221; global_colors_info=&#8221;{}&#8221;]<\/p>\n<ul>\n<li>Bebidas<\/li>\n<li>Fotos<\/li>\n<li>Propinas<\/li>\n<li>Recuerdos<\/li>\n<\/ul>\n<p>[\/et_pb_text][\/et_pb_column][et_pb_column type=&#8221;1_3&#8243; _builder_version=&#8221;4.27.4&#8243; _module_preset=&#8221;default&#8221; border_radii=&#8221;on|5px|5px|5px|5px&#8221; border_width_all=&#8221;1px&#8221; border_color_all=&#8221;#d3d3d3&#8243; global_colors_info=&#8221;{}&#8221;][et_pb_heading title=&#8221;RECOMENDACIONES&#8221; _builder_version=&#8221;4.27.4&#8243; _module_preset=&#8221;default&#8221; title_level=&#8221;h3&#8243; title_font=&#8221;|700||on|||||&#8221; title_text_align=&#8221;center&#8221; title_text_color=&#8221;#FFFFFF&#8221; background_color=&#8221;#4fbc20&#8243; custom_margin=&#8221;0px||13px||false|false&#8221; custom_padding=&#8221;10px||0px||false|false&#8221; border_radii=&#8221;off|5px|5px||&#8221; global_colors_info=&#8221;{}&#8221;][\/et_pb_heading][et_pb_text _builder_version=&#8221;4.27.4&#8243; _module_preset=&#8221;default&#8221; custom_padding=&#8221;|10px||10px|false|true&#8221; global_colors_info=&#8221;{}&#8221;]<\/p>\n<ul>\n<li>Protector solar y repelente biodegradable<\/li>\n<li>Ropa y calzado c\u00f3modo<\/li>\n<li>Toalla y traje de ba\u00f1o<\/li>\n<li>Bolsa a prueba de agua para tus pertenencias<\/li>\n<li>Un conjunto de ropa extra<\/li>\n<li>Dinero en efectivo para recuerdos y propinas<\/li>\n<\/ul>\n<p>[\/et_pb_text][\/et_pb_column][\/et_pb_row][\/et_pb_section]<\/p>\n","protected":false},"excerpt":{"rendered":"<p><strong>\u00a1Una experiencia \u00fanica con paisajes impresionantes y rica historia te espera!<\/strong> Explora Bacalar, un Pueblo M\u00e1gico lleno de naturaleza y cultura. Disfruta de un paseo en lancha por la Laguna de los 7 Colores y d\u00e9jate maravillar por los colores \u00fanicos de esta laguna. Admira los cenotes de aguas cristalinas y navega por el hist\u00f3rico Canal de los Piratas en Bacalar.<\/p>\n<p>&nbsp;<\/p>","protected":false},"featured_media":238638,"comment_status":"open","ping_status":"closed","template":"","meta":{"_et_pb_use_builder":"on","_et_pb_old_content":"<strong>Explora un Pueblo M\u00e1gico<\/strong>\r\nBacalar es un encantador pueblo m\u00e1gico que ofrece el escenario perfecto para los amantes de la aventura, la historia y las manifestaciones culturales. Aqu\u00ed encontrar\u00e1s un sinf\u00edn de actividades para un viaje incre\u00edble.\r\n\r\n<strong>Paseo en Lancha por la Laguna de los 7 Colores<\/strong>\r\nD\u00e9jate seducir por un paseo en lancha a trav\u00e9s de la espectacular Laguna de los 7 Colores. Esta hermosa y \u00fanica laguna te sorprender\u00e1 con sus impresionantes tonos azules y verdes, creando un paisaje de ensue\u00f1o.\r\n\r\n<strong>Descubre los Cenotes<\/strong>\r\nDurante tu paseo en lancha, explora los fascinantes cenotes que se encuentran en la laguna. Sum\u00e9rgete en sus a+D12:D13guas cristalinas y marav\u00edllate con la belleza natural de estos pozos de agua dulce.\r\n\r\n<strong>Visita el Canal de los Piratas<\/strong>\r\nNavega hasta llegar al m\u00edstico Canal de los Piratas. Este lugar hist\u00f3rico te transportar\u00e1 a tiempos pasados, donde los piratas sol\u00edan navegar y esconderse. Disfruta de la historia y la magia de este emblem\u00e1tico lugar.","_et_gb_content_width":""},"product_brand":[],"product_cat":[18],"product_tag":[41,39],"class_list":{"0":"post-238626","1":"product","2":"type-product","3":"status-publish","4":"has-post-thumbnail","6":"product_cat-tours-en-cancun-y-riviera-maya","7":"product_tag-aventura","8":"product_tag-naturaleza","10":"first","11":"instock","12":"featured","13":"virtual","14":"sold-individually","15":"purchasable","16":"product-type-booking"},"_links":{"self":[{"href":"https:\/\/midastravel.mx\/en\/wp-json\/wp\/v2\/product\/238626","targetHints":{"allow":["GET"]}}],"collection":[{"href":"https:\/\/midastravel.mx\/en\/wp-json\/wp\/v2\/product"}],"about":[{"href":"https:\/\/midastravel.mx\/en\/wp-json\/wp\/v2\/types\/product"}],"replies":[{"embeddable":true,"href":"https:\/\/midastravel.mx\/en\/wp-json\/wp\/v2\/comments?post=238626"}],"wp:featuredmedia":[{"embeddable":true,"href":"https:\/\/midastravel.mx\/en\/wp-json\/wp\/v2\/media\/238638"}],"wp:attachment":[{"href":"https:\/\/midastravel.mx\/en\/wp-json\/wp\/v2\/media?parent=238626"}],"wp:term":[{"taxonomy":"product_brand","embeddable":true,"href":"https:\/\/midastravel.mx\/en\/wp-json\/wp\/v2\/product_brand?post=238626"},{"taxonomy":"product_cat","embeddable":true,"href":"https:\/\/midastravel.mx\/en\/wp-json\/wp\/v2\/product_cat?post=238626"},{"taxonomy":"product_tag","embeddable":true,"href":"https:\/\/midastravel.mx\/en\/wp-json\/wp\/v2\/product_tag?post=238626"}],"curies":[{"name":"wp","href":"https:\/\/api.w.org\/{rel}","templated":true}]}}