{"id":239,"date":"2025-09-11T21:33:07","date_gmt":"2025-09-11T21:33:07","guid":{"rendered":"https:\/\/midastravel.cancunlocal.com\/?post_type=product&#038;p=239"},"modified":"2026-03-31T06:41:11","modified_gmt":"2026-03-31T06:41:11","slug":"cirque-du-soleil","status":"publish","type":"product","link":"https:\/\/midastravel.mx\/en\/tours\/cirque-du-soleil\/","title":{"rendered":"Cirque Du Soleil"},"content":{"rendered":"<p>[et_pb_section fb_built=&#8221;1&#8243; _builder_version=&#8221;4.27.4&#8243; background_color=&#8221;#FFFFFF&#8221; custom_margin=&#8221;50px||||false|false&#8221; custom_margin_tablet=&#8221;50px||||false|false&#8221; custom_margin_phone=&#8221;150px||||false|false&#8221; custom_margin_last_edited=&#8221;on|phone&#8221; custom_padding=&#8221;10px|10px|10px|10px|true|true&#8221; border_radii=&#8221;on|5px|5px|5px|5px&#8221; border_width_all=&#8221;1px&#8221; border_color_all=&#8221;#ededed&#8221; global_colors_info=&#8221;{}&#8221;][et_pb_row _builder_version=&#8221;4.27.4&#8243; background_size=&#8221;initial&#8221; background_position=&#8221;top_left&#8221; background_repeat=&#8221;repeat&#8221; width=&#8221;100%&#8221; custom_margin=&#8221;0px||0px||true|false&#8221; custom_padding=&#8221;0px||0px||false|false&#8221; global_colors_info=&#8221;{}&#8221;][et_pb_column type=&#8221;4_4&#8243; _builder_version=&#8221;4.16&#8243; custom_padding=&#8221;|||&#8221; global_colors_info=&#8221;{}&#8221; custom_padding__hover=&#8221;|||&#8221;][et_pb_wc_cart_notice _builder_version=&#8221;4.27.4&#8243; title_text_color=&#8221;#FFFFFF&#8221; background_color=&#8221;#4ab21e&#8221; custom_button=&#8221;on&#8221; button_text_color=&#8221;#FFFFFF&#8221; button_bg_color=&#8221;#074096&#8243; global_colors_info=&#8221;{}&#8221;][\/et_pb_wc_cart_notice][\/et_pb_column][\/et_pb_row][et_pb_row column_structure=&#8221;1_2,1_4,1_4&#8243; use_custom_gutter=&#8221;on&#8221; gutter_width=&#8221;1&#8243; _builder_version=&#8221;4.27.4&#8243; background_size=&#8221;initial&#8221; background_position=&#8221;top_left&#8221; background_repeat=&#8221;repeat&#8221; width=&#8221;100%&#8221; max_width=&#8221;2560px&#8221; module_alignment=&#8221;center&#8221; custom_margin=&#8221;15px||||false|false&#8221; custom_padding=&#8221;0px||0px||false|false&#8221; global_colors_info=&#8221;{}&#8221;][et_pb_column type=&#8221;1_2&#8243; _builder_version=&#8221;4.27.4&#8243; custom_padding=&#8221;0px|0px|0px|0px|true|true&#8221; global_colors_info=&#8221;{}&#8221; custom_padding__hover=&#8221;|||&#8221;][et_pb_wc_title _builder_version=&#8221;4.27.4&#8243; header_font=&#8221;|600|||||||&#8221; header_text_color=&#8221;#4f4f4f&#8221; custom_margin=&#8221;0px||10px||false|false&#8221; custom_padding=&#8221;0px||0px||true|false&#8221; global_colors_info=&#8221;{}&#8221;][\/et_pb_wc_title][et_pb_wc_description _builder_version=&#8221;4.27.4&#8243; body_font_size=&#8221;16px&#8221; custom_margin=&#8221;0px|0px|0px|0px|false|true&#8221; custom_padding=&#8221;0px|0px|0px|0px|true|true&#8221; global_colors_info=&#8221;{}&#8221;][\/et_pb_wc_description][\/et_pb_column][et_pb_column type=&#8221;1_4&#8243; _builder_version=&#8221;4.27.4&#8243; positioning=&#8221;none&#8221; position_origin_f=&#8221;top_right&#8221; custom_padding=&#8221;15px|10px|15px|10px|true|false&#8221; border_radii=&#8221;on|5px|5px|5px|5px&#8221; global_colors_info=&#8221;{}&#8221; custom_padding__hover=&#8221;|||&#8221;][et_pb_wc_rating layout=&#8221;stacked&#8221; _builder_version=&#8221;4.27.4&#8243; _module_preset=&#8221;default&#8221; rating_text_align=&#8221;center&#8221; rating_text_color=&#8221;#ffc300&#8243; rating_font_size=&#8221;22px&#8221; rating_letter_spacing=&#8221;5px&#8221; body_text_color=&#8221;#6d6d6d&#8221; body_font_size=&#8221;15px&#8221; module_alignment=&#8221;center&#8221; global_colors_info=&#8221;{}&#8221;][\/et_pb_wc_rating][\/et_pb_column][et_pb_column type=&#8221;1_4&#8243; _builder_version=&#8221;4.27.4&#8243; positioning=&#8221;none&#8221; position_origin_f=&#8221;top_right&#8221; custom_padding=&#8221;15px|10px|15px|10px|true|false&#8221; border_radii=&#8221;on|5px|5px|5px|5px&#8221; global_colors_info=&#8221;{}&#8221; custom_padding__hover=&#8221;|||&#8221;][et_pb_text _builder_version=&#8221;4.27.4&#8243; _module_preset=&#8221;default&#8221; text_font=&#8221;|||on|||||&#8221; text_font_size=&#8221;15px&#8221; custom_margin=&#8221;0px||0px||true|false&#8221; custom_padding=&#8221;0px||0px||true|false&#8221; global_colors_info=&#8221;{}&#8221;]<\/p>\n<p>Desde<\/p>\n<p>[\/et_pb_text][et_pb_wc_price _builder_version=&#8221;4.27.4&#8243; body_font=&#8221;|600|||||||&#8221; body_text_color=&#8221;#5e5e5e&#8221; body_font_size=&#8221;30px&#8221; custom_margin=&#8221;-10px||5px||false|false&#8221; custom_padding=&#8221;15px|10px|15px|10px|true|true&#8221; border_radii=&#8221;on|9px|9px|9px|9px&#8221; global_colors_info=&#8221;{}&#8221;][\/et_pb_wc_price][\/et_pb_column][\/et_pb_row][et_pb_row column_structure=&#8221;1_3,2_3&#8243; use_custom_gutter=&#8221;on&#8221; gutter_width=&#8221;1&#8243; _builder_version=&#8221;4.27.4&#8243; background_size=&#8221;initial&#8221; background_position=&#8221;top_left&#8221; background_repeat=&#8221;repeat&#8221; width=&#8221;100%&#8221; max_width=&#8221;2560px&#8221; module_alignment=&#8221;center&#8221; custom_margin=&#8221;10px||0px||false|false&#8221; custom_padding=&#8221;0px||0px||true|false&#8221; global_colors_info=&#8221;{}&#8221;][et_pb_column type=&#8221;1_3&#8243; _builder_version=&#8221;4.27.4&#8243; background_color=&#8221;#FFFFFF&#8221; positioning=&#8221;none&#8221; position_origin_f=&#8221;top_right&#8221; custom_padding=&#8221;10px|10px|10px|10px|true|true&#8221; border_radii=&#8221;on|5px|5px|5px|5px&#8221; global_colors_info=&#8221;{}&#8221; custom_padding__hover=&#8221;|||&#8221;][et_pb_button button_url=&#8221;http:\/\/wa.me\/+529981064892?&#8221; url_new_window=&#8221;on&#8221; button_text=&#8221;Cotizar transportaci\u00f3n&#8221; button_alignment=&#8221;center&#8221; _builder_version=&#8221;4.27.4&#8243; _module_preset=&#8221;default&#8221; custom_button=&#8221;on&#8221; button_text_size=&#8221;17px&#8221; button_text_color=&#8221;#ffffff&#8221; button_bg_color=&#8221;#042f93&#8243; button_border_width=&#8221;0px&#8221; button_border_radius=&#8221;5px&#8221; button_font=&#8221;|||on|||||&#8221; button_icon=&#8221;&#xf232;||fa||400&#8243; button_icon_placement=&#8221;left&#8221; button_on_hover=&#8221;off&#8221; custom_margin=&#8221;5px||5px||true|false&#8221; custom_padding=&#8221;10px||10px||true|false&#8221; box_shadow_style=&#8221;preset3&#8243; global_colors_info=&#8221;{}&#8221; button_bg_color__hover_enabled=&#8221;on|hover&#8221; button_bg_color__hover=&#8221;#000000&#8243; button_bg_enable_color__hover=&#8221;on&#8221;][\/et_pb_button][et_pb_wc_add_to_cart show_stock=&#8221;off&#8221; field_label_position=&#8221;inline&#8221; _builder_version=&#8221;4.27.4&#8243; fields_background_color=&#8221;#f4f4f4&#8243; fields_text_color=&#8221;#515151&#8243; fields_focus_background_color=&#8221;#FFFFFF&#8221; fields_focus_text_color=&#8221;#4c4c4c&#8221; fields_custom_margin=&#8221;0px|0px|0px|0px|true|true&#8221; fields_custom_padding=&#8221;7px|0px|7px|0px|true|true&#8221; dropdown_menus_background_color=&#8221;#FFFFFF&#8221; dropdown_menus_text_color=&#8221;#424242&#8243; dropdown_menus_focus_background_color=&#8221;#FFFFFF&#8221; dropdown_menus_focus_text_color=&#8221;#545454&#8243; dropdown_menus_custom_margin=&#8221;20px|5px|20px|5px|true|true&#8221; field_label_font=&#8221;||||||||&#8221; field_label_text_color=&#8221;#595959&#8243; field_label_font_size=&#8221;17px&#8221; field_label_line_height=&#8221;1.4em&#8221; fields_font_size=&#8221;17px&#8221; fields_line_height=&#8221;1.4em&#8221; dropdown_menus_font_size=&#8221;17px&#8221; background_color=&#8221;#FFFFFF&#8221; custom_button=&#8221;on&#8221; button_text_size=&#8221;22px&#8221; button_text_color=&#8221;#FFFFFF&#8221; button_bg_color=&#8221;#3ed323&#8243; button_border_width=&#8221;0px&#8221; button_border_radius=&#8221;5px&#8221; button_icon=&#8221;&#x35;||divi||400&#8243; button_icon_color=&#8221;#FFFFFF&#8221; button_on_hover=&#8221;off&#8221; button_custom_margin=&#8221;|25px|20px|25px|false|true&#8221; module_alignment=&#8221;center&#8221; custom_margin=&#8221;5px|0px|5px|0px|true|true&#8221; custom_padding=&#8221;0px|0px|0px|0px|true|true&#8221; animation_direction=&#8221;right&#8221; border_radii=&#8221;on|6px|6px|6px|6px&#8221; border_color_all=&#8221;#e5e5e5&#8243; border_radii_fields=&#8221;on|5px|5px|5px|5px&#8221; border_width_all_fields=&#8221;1px&#8221; border_color_all_fields=&#8221;#e2e2e2&#8243; border_width_all_fields_focus=&#8221;1px&#8221; border_color_all_fields_focus=&#8221;#FFFFFF&#8221; border_width_all_dropdown_menus=&#8221;1px&#8221; border_color_all_dropdown_menus=&#8221;#FFFFFF&#8221; border_width_all_dropdown_menus_focus=&#8221;1px&#8221; border_color_all_dropdown_menus_focus=&#8221;#e2e2e2&#8243; box_shadow_style=&#8221;preset3&#8243; box_shadow_style_button=&#8221;preset3&#8243; global_colors_info=&#8221;{}&#8221;][\/et_pb_wc_add_to_cart][et_pb_image src=&#8221;https:\/\/midastravel.mx\/wp-content\/uploads\/2025\/09\/pago-seguro-Midas-scaled.jpg&#8221; title_text=&#8221;pago seguro Midas&#8221; _builder_version=&#8221;4.27.4&#8243; _module_preset=&#8221;default&#8221; width_tablet=&#8221;50%&#8221; width_phone=&#8221;80%&#8221; width_last_edited=&#8221;on|tablet&#8221; custom_margin=&#8221;15px||||false|false&#8221; global_colors_info=&#8221;{}&#8221;][\/et_pb_image][\/et_pb_column][et_pb_column type=&#8221;2_3&#8243; _builder_version=&#8221;4.27.4&#8243; custom_padding=&#8221;0px|0px|0px|0px|true|true&#8221; global_colors_info=&#8221;{}&#8221; custom_padding__hover=&#8221;|||&#8221;][dipl_masonry_gallery image_ids=&#8221;237882,237881,237880,295,254,253,252,251,249,248,250,237887,237888,237889,237890,237891,237892,237893,237894,237895,237896,237897,237898&#8243; column_spacing=&#8221;5px&#8221; image_size=&#8221;full&#8221; disable_lazy_loading=&#8221;off&#8221; enable_lightbox=&#8221;on&#8221; lightbox_title_and_caption_style=&#8221;below_image&#8221; enable_overlay=&#8221;on&#8221; overlay_icon=&#8221;&#xf00e;||fa||900&#8243; lightbox_background_color=&#8221;rgba(0,0,0,0.85)&#8221; lightbox_close_icon_color=&#8221;#FFFFFF&#8221; number_of_columns_tablet=&#8221;&#8221; number_of_columns_phone=&#8221;3&#8243; number_of_columns_last_edited=&#8221;on|phone&#8221; _builder_version=&#8221;4.27.4&#8243; _module_preset=&#8221;default&#8221; custom_margin=&#8221;|||10px|false|false&#8221; border_radii_image=&#8221;on|2px|2px|2px|2px&#8221; global_colors_info=&#8221;{}&#8221;][\/dipl_masonry_gallery][\/et_pb_column][\/et_pb_row][et_pb_row use_custom_gutter=&#8221;on&#8221; gutter_width=&#8221;2&#8243; _builder_version=&#8221;4.27.4&#8243; _module_preset=&#8221;default&#8221; width=&#8221;100%&#8221; custom_margin=&#8221;50px||0px||false|false&#8221; custom_padding=&#8221;0px||0px||true|false&#8221; global_colors_info=&#8221;{}&#8221;][et_pb_column type=&#8221;4_4&#8243; _builder_version=&#8221;4.27.4&#8243; _module_preset=&#8221;default&#8221; global_colors_info=&#8221;{}&#8221;][et_pb_heading title=&#8221;EXPERIENCIAS&#8221; _builder_version=&#8221;4.27.4&#8243; _module_preset=&#8221;default&#8221; title_level=&#8221;h3&#8243; title_font=&#8221;|600|||||||&#8221; title_text_align=&#8221;center&#8221; title_font_size=&#8221;32px&#8221; title_letter_spacing=&#8221;1px&#8221; custom_margin=&#8221;5px|||10px|false|false&#8221; global_colors_info=&#8221;{}&#8221;][\/et_pb_heading][et_pb_pricing_tables featured_table_background_color=&#8221;#FFFFFF&#8221; featured_table_header_background_color=&#8221;#FFFFFF&#8221; featured_table_header_text_color=&#8221;#FFFFFF&#8221; header_background_color=&#8221;#FFFFFF&#8221; featured_table_bullet_color=&#8221;#666666&#8243; bullet_color=&#8221;#7a7a7a&#8221; show_featured_drop_shadow=&#8221;off&#8221; _builder_version=&#8221;4.27.4&#8243; _module_preset=&#8221;default&#8221; header_text_color=&#8221;#FFFFFF&#8221; header_font=&#8221;||||||||&#8221; header_font_size=&#8221;20px&#8221; price_font_size=&#8221;60px&#8221; module_alignment=&#8221;center&#8221; custom_margin=&#8221;0px||0px||true|false&#8221; custom_padding=&#8221;10px||10px||true|false&#8221; border_width_all=&#8221;0px&#8221; global_colors_info=&#8221;{}&#8221;][et_pb_pricing_table title=&#8221;Solo Ticket&#8221; currency=&#8221;$&#8221; per=&#8221;MXN&#8221; sum=&#8221;2,020&#8243; price_background_color=&#8221;#FFFFFF&#8221; header_background_color=&#8221;#3ed323&#8243; _builder_version=&#8221;4.27.4&#8243; _module_preset=&#8221;default&#8221; price_text_color=&#8221;#303030&#8243; header_text_color=&#8221;#FFFFFF&#8221; subheader_text_color=&#8221;#FFFFFF&#8221; price_font=&#8221;|600|||||||&#8221; price_font_size=&#8221;40px&#8221; background_color=&#8221;#FFFFFF&#8221; background_enable_color=&#8221;on&#8221; background_enable_image=&#8221;off&#8221; custom_padding=&#8221;|5px||5px|false|true&#8221; border_radii=&#8221;on|20px|20px|20px|20px&#8221; border_color_right=&#8221;#000000&#8243; global_colors_info=&#8221;{}&#8221; sticky_transition=&#8221;on&#8221;]<\/p>\n<p>Ideal si solo deseas disfrutar del espect\u00e1culo.<\/p>\n<p>[\/et_pb_pricing_table][et_pb_pricing_table title=&#8221;Show Premium&#8221; currency=&#8221;$&#8221; per=&#8221;MXN&#8221; sum=&#8221;3,560&#8243; price_background_color=&#8221;#FFFFFF&#8221; header_background_color=&#8221;#3ed323&#8243; _builder_version=&#8221;4.27.4&#8243; _module_preset=&#8221;default&#8221; price_text_color=&#8221;#303030&#8243; header_text_color=&#8221;#FFFFFF&#8221; subheader_text_color=&#8221;#FFFFFF&#8221; price_font=&#8221;|600|||||||&#8221; price_font_size=&#8221;40px&#8221; background_color=&#8221;#FFFFFF&#8221; background_enable_color=&#8221;on&#8221; custom_padding=&#8221;|5px||5px|false|true&#8221; border_radii=&#8221;on|20px|20px|20px|20px&#8221; global_colors_info=&#8221;{}&#8221; sticky_transition=&#8221;on&#8221;]<\/p>\n<p>Asientos premium con excelente visibilidad.<br \/>Media botella de champ\u00e1n por persona.<br \/>Selecci\u00f3n de aperitivos gourmet.<\/p>\n<p>[\/et_pb_pricing_table][et_pb_pricing_table title=&#8221;Show &#038; Cena&#8221; currency=&#8221;$&#8221; per=&#8221;MXN&#8221; sum=&#8221;4,860&#8243; price_background_color=&#8221;#FFFFFF&#8221; header_background_color=&#8221;#3ed323&#8243; _builder_version=&#8221;4.27.4&#8243; _module_preset=&#8221;default&#8221; price_text_color=&#8221;#303030&#8243; header_text_color=&#8221;#FFFFFF&#8221; subheader_text_color=&#8221;#FFFFFF&#8221; price_font=&#8221;|600|||||||&#8221; price_font_size=&#8221;40px&#8221; background_color=&#8221;#FFFFFF&#8221; background_enable_color=&#8221;on&#8221; custom_padding=&#8221;|5px||5px|false|true&#8221; border_radii=&#8221;on|20px|20px|20px|20px&#8221; global_colors_info=&#8221;{}&#8221; sticky_transition=&#8221;on&#8221;]<\/p>\n<p>Cena de 3 tiempos con platillos inspirados en la selva maya.<br \/>Media botella de champ\u00e1n por persona.<\/p>\n<p>[\/et_pb_pricing_table][et_pb_pricing_table title=&#8221;Cena &#038; Show VIP&#8221; currency=&#8221;$&#8221; per=&#8221;MXN&#8221; sum=&#8221;6,520&#8243; price_background_color=&#8221;#FFFFFF&#8221; header_background_color=&#8221;#3ed323&#8243; _builder_version=&#8221;4.27.4&#8243; _module_preset=&#8221;default&#8221; price_text_color=&#8221;#303030&#8243; header_text_color=&#8221;#FFFFFF&#8221; subheader_text_color=&#8221;#FFFFFF&#8221; price_font=&#8221;|600|||||||&#8221; price_font_size=&#8221;40px&#8221; background_color=&#8221;#FFFFFF&#8221; background_enable_color=&#8221;on&#8221; custom_padding=&#8221;|5px||5px|false|true&#8221; border_radii=&#8221;on|20px|20px|20px|20px&#8221; global_colors_info=&#8221;{}&#8221; sticky_transition=&#8221;on&#8221;]<\/p>\n<p>C\u00f3ctel de bienvenida.<br \/>Cena gourmet de 3 tiempos.<br \/>Asientos preferenciales con la mejor vista al escenario.<br \/>Champ\u00e1n ilimitado durante la cena.<\/p>\n<p>[\/et_pb_pricing_table][\/et_pb_pricing_tables][\/et_pb_column][\/et_pb_row][et_pb_row column_structure=&#8221;3_5,2_5&#8243; _builder_version=&#8221;4.27.4&#8243; background_size=&#8221;initial&#8221; background_position=&#8221;top_left&#8221; background_repeat=&#8221;repeat&#8221; width=&#8221;100%&#8221; global_colors_info=&#8221;{}&#8221;][et_pb_column type=&#8221;3_5&#8243; _builder_version=&#8221;4.16&#8243; custom_padding=&#8221;|||&#8221; global_colors_info=&#8221;{}&#8221; custom_padding__hover=&#8221;|||&#8221;][et_pb_wc_tabs active_tab_background_color=&#8221;#043089&#8243; inactive_tab_background_color=&#8221;#d3d3d3&#8243; active_tab_text_color=&#8221;#FFFFFF&#8221; _builder_version=&#8221;4.27.4&#8243; tab_text_color=&#8221;#686868&#8243; body_font_size=&#8221;15px&#8221; body_line_height=&#8221;1.8em&#8221; tab_font_size=&#8221;20px&#8221; background_color=&#8221;#FFFFFF&#8221; border_radii=&#8221;on|5px|5px|5px|5px&#8221; border_width_all=&#8221;0px&#8221; global_colors_info=&#8221;{}&#8221;]\t\t\t\t\t[\/et_pb_wc_tabs][\/et_pb_column][et_pb_column type=&#8221;2_5&#8243; _builder_version=&#8221;4.16&#8243; custom_padding=&#8221;|||&#8221; global_colors_info=&#8221;{}&#8221; custom_padding__hover=&#8221;|||&#8221;][et_pb_image src=&#8221;https:\/\/midastravel.mx\/wp-content\/uploads\/2025\/09\/plato.png&#8221; title_text=&#8221;plato&#8221; _builder_version=&#8221;4.27.4&#8243; _module_preset=&#8221;default&#8221; global_colors_info=&#8221;{}&#8221;][\/et_pb_image][dipl_modal modal_id=&#8221;1&#8243; trigger_button_text=&#8221;VER MEN\u00da AQU\u00cd&#8221; close_on_esc=&#8221;on&#8221; show_modal_title=&#8221;off&#8221; show_footer=&#8221;off&#8221; modal_custom_margin=&#8221;0px||||false|false&#8221; _builder_version=&#8221;4.27.4&#8243; _module_preset=&#8221;default&#8221; modal_body_text_font_size=&#8221;16px&#8221; custom_trigger_button=&#8221;on&#8221; trigger_button_text_size=&#8221;18px&#8221; trigger_button_text_color=&#8221;#FFFFFF&#8221; trigger_button_bg_color=&#8221;#7b00a8&#8243; trigger_button_border_width=&#8221;0px&#8221; trigger_button_border_radius=&#8221;5px&#8221; trigger_button_icon=&#8221;&#x62;||divi||400&#8243; trigger_button_icon_placement=&#8221;left&#8221; trigger_button_on_hover=&#8221;off&#8221; text_orientation=&#8221;center&#8221; custom_margin=&#8221;-20px||||false|false&#8221; global_colors_info=&#8221;{}&#8221;]<\/p>\n<h1 style=\"text-align: center;\">CENA<\/h1>\n<h2><span style=\"color: #339966;\"><strong>&#8212; PRIMER TIEMPO<\/strong><\/span><\/h2>\n<ul>\n<li>Taquito crocante de cangrejo, camar\u00f3n, chaya y sus salsas.<\/li>\n<li>Ensalada de flores comestibles, qu\u00ednoa, humus y crocante de hierbas.<\/li>\n<li>Ceviche de pesca del d\u00eda ahumada, coco, habanero, menta y jugo de maracuy\u00e1.<\/li>\n<\/ul>\n<h2><span style=\"color: #339966;\"><strong>&#8212; SEGUNDO TIEMPO<\/strong><\/span><\/h2>\n<ul>\n<li><strong>METEORO<\/strong>: Costilla de res braseada en especias mayas con vegetales org\u00e1nicos a las brasas y pur\u00e9 de camote, jengibre y coco.<\/li>\n<li><strong>TESORO DEL PIRATA:<\/strong> Filete de salm\u00f3n en cocci\u00f3n lenta, ensalada de algas y vegetables, pur\u00e9 de coliflor y calabaza, holandesa de chiles.<\/li>\n<li><strong>TERRA &#8211; VEGETARIANO<\/strong>: Qu\u00ednoa cremosa con betabel y vegetables de temporada, coliflor curtida y pur\u00e9 de aguacate.<\/li>\n<\/ul>\n<h2><span style=\"color: #339966;\"><strong>&#8212; TERCER TIEMPO<\/strong><\/span><\/h2>\n<ul>\n<li>Una selecci\u00f3n de creaciones dulces de nuestro patissier.<\/li>\n<\/ul>\n<hr \/>\n<h1 style=\"text-align: center;\">CANAP\u00c9S<\/h1>\n<h2><span style=\"color: #339966;\"><strong>CANAP\u00c9S DULCES<\/strong><\/span><\/h2>\n<ul>\n<li>Crema de t\u00e9 chai con perlas crujientes sobre bizcocho de chile guajillo cubierto con chocolate.<\/li>\n<li>Paleta de cheesecake cubierta con chocolate blanco y coco tostado.<\/li>\n<li>Vaso de crema de lima yucateca.<\/li>\n<\/ul>\n<h2><span style=\"color: #339966;\"><strong>CANAP\u00c9S SALADOS<\/strong><\/span><\/h2>\n<ul>\n<li>Mini tarta de carne deshebrada.<\/li>\n<li>Gazpacho de tomate y aguacate con camar\u00f3n.<\/li>\n<li>Taco de pepino y j\u00edcama relleno de salm\u00f3n ahumado.<\/li>\n<li>Brocheta de sand\u00eda y queso de cabra con c\u00edtricos.<\/li>\n<\/ul>\n<p>[\/dipl_modal][\/et_pb_column][\/et_pb_row][\/et_pb_section]<\/p>\n","protected":false},"excerpt":{"rendered":"<p>Experience the magic of Cirque du Soleil JOY\u00c0 in Cancun: a unique show with a gourmet dinner and an immersive experience that will delight your senses.<\/p>","protected":false},"featured_media":239224,"comment_status":"open","ping_status":"closed","template":"","meta":{"_et_pb_use_builder":"on","_et_pb_old_content":"<p data-start=\"247\" data-end=\"554\"><strong data-start=\"247\" data-end=\"255\">JOY\u00c0<\/strong> es el primer espect\u00e1culo residente de Cirque du Soleil en Am\u00e9rica Latina, ubicado en el exclusivo Teatro Cirque du Soleil de Vidanta Riviera Maya. Este show combina acrobacias impresionantes, m\u00fasica en vivo y una experiencia culinaria gourmet, ofreciendo una noche inolvidable para toda la familia.<\/p>\r\n\r\n<h3 data-start=\"556\" data-end=\"587\">\ud83c\udf3f Sinopsis del Espect\u00e1culo<\/h3>\r\n<p data-start=\"589\" data-end=\"1009\">La historia sigue a <strong data-start=\"609\" data-end=\"617\">Joy\u00e0<\/strong>, una joven intr\u00e9pida que, guiada por su abuelo alquimista, emprende una aventura para descubrir los secretos de la vida. Acompa\u00f1ada por seres fant\u00e1sticos conocidos como \"Los Maestros\", Joy\u00e0 explora la selva maya y se sumerge en la historia, cultura y tradiciones de la regi\u00f3n. El espect\u00e1culo fusiona elementos de la naturaleza, la ciencia y la magia, creando una experiencia sensorial \u00fanica.<\/p>\r\n\r\n<h3 data-start=\"1011\" data-end=\"1043\">\ud83c\udf7d\ufe0f Experiencia Gastron\u00f3mica<\/h3>\r\n<p data-start=\"1045\" data-end=\"1417\">Antes del espect\u00e1culo, los asistentes pueden disfrutar de una cena gourmet de tres tiempos, dise\u00f1ada para complementar la tem\u00e1tica del show. Los men\u00fas incluyen opciones vegetarianas, veganas y sin gluten, adapt\u00e1ndose a diversas preferencias y necesidades diet\u00e9ticas. Durante la cena, se ofrece un preludio musical en vivo, preparando el ambiente para la funci\u00f3n principal.<\/p>","_et_gb_content_width":""},"product_brand":[],"product_cat":[18],"product_tag":[],"class_list":{"0":"post-239","1":"product","2":"type-product","3":"status-publish","4":"has-post-thumbnail","6":"product_cat-tours-en-cancun-y-riviera-maya","8":"first","9":"instock","10":"virtual","11":"sold-individually","12":"purchasable","13":"product-type-booking"},"_links":{"self":[{"href":"https:\/\/midastravel.mx\/en\/wp-json\/wp\/v2\/product\/239","targetHints":{"allow":["GET"]}}],"collection":[{"href":"https:\/\/midastravel.mx\/en\/wp-json\/wp\/v2\/product"}],"about":[{"href":"https:\/\/midastravel.mx\/en\/wp-json\/wp\/v2\/types\/product"}],"replies":[{"embeddable":true,"href":"https:\/\/midastravel.mx\/en\/wp-json\/wp\/v2\/comments?post=239"}],"wp:featuredmedia":[{"embeddable":true,"href":"https:\/\/midastravel.mx\/en\/wp-json\/wp\/v2\/media\/239224"}],"wp:attachment":[{"href":"https:\/\/midastravel.mx\/en\/wp-json\/wp\/v2\/media?parent=239"}],"wp:term":[{"taxonomy":"product_brand","embeddable":true,"href":"https:\/\/midastravel.mx\/en\/wp-json\/wp\/v2\/product_brand?post=239"},{"taxonomy":"product_cat","embeddable":true,"href":"https:\/\/midastravel.mx\/en\/wp-json\/wp\/v2\/product_cat?post=239"},{"taxonomy":"product_tag","embeddable":true,"href":"https:\/\/midastravel.mx\/en\/wp-json\/wp\/v2\/product_tag?post=239"}],"curies":[{"name":"wp","href":"https:\/\/api.w.org\/{rel}","templated":true}]}}