{"id":239070,"date":"2025-10-07T20:31:28","date_gmt":"2025-10-07T20:31:28","guid":{"rendered":"https:\/\/midastravel.cancunlocal.com\/?post_type=product&#038;p=239070"},"modified":"2026-04-02T20:31:54","modified_gmt":"2026-04-02T20:31:54","slug":"xavage-todo-incluido-tour-cancun","status":"publish","type":"product","link":"https:\/\/midastravel.mx\/en\/tours\/xavage-todo-incluido-tour-cancun\/","title":{"rendered":"Xavage (+ Cancun Tour)"},"content":{"rendered":"<p>[et_pb_section fb_built=&#8221;1&#8243; _builder_version=&#8221;4.27.4&#8243; background_color=&#8221;#FFFFFF&#8221; custom_margin=&#8221;50px||||false|false&#8221; custom_margin_tablet=&#8221;50px||||false|false&#8221; custom_margin_phone=&#8221;150px||||false|false&#8221; custom_margin_last_edited=&#8221;on|phone&#8221; custom_padding=&#8221;10px|10px|10px|10px|true|true&#8221; border_radii=&#8221;on|5px|5px|5px|5px&#8221; border_width_all=&#8221;1px&#8221; border_color_all=&#8221;#ededed&#8221; global_colors_info=&#8221;{}&#8221;][et_pb_row _builder_version=&#8221;4.27.4&#8243; background_size=&#8221;initial&#8221; background_position=&#8221;top_left&#8221; background_repeat=&#8221;repeat&#8221; width=&#8221;100%&#8221; custom_margin=&#8221;0px||0px||true|false&#8221; custom_padding=&#8221;0px||0px||false|false&#8221; global_colors_info=&#8221;{}&#8221;][et_pb_column type=&#8221;4_4&#8243; _builder_version=&#8221;4.16&#8243; custom_padding=&#8221;|||&#8221; global_colors_info=&#8221;{}&#8221; custom_padding__hover=&#8221;|||&#8221;][et_pb_wc_cart_notice _builder_version=&#8221;4.27.4&#8243; title_text_color=&#8221;#FFFFFF&#8221; background_color=&#8221;#4ab21e&#8221; custom_button=&#8221;on&#8221; button_text_color=&#8221;#FFFFFF&#8221; button_bg_color=&#8221;#074096&#8243; global_colors_info=&#8221;{}&#8221;][\/et_pb_wc_cart_notice][\/et_pb_column][\/et_pb_row][et_pb_row column_structure=&#8221;3_5,1_5,1_5&#8243; use_custom_gutter=&#8221;on&#8221; gutter_width=&#8221;1&#8243; _builder_version=&#8221;4.27.4&#8243; background_size=&#8221;initial&#8221; background_position=&#8221;top_left&#8221; background_repeat=&#8221;repeat&#8221; width=&#8221;100%&#8221; max_width=&#8221;2560px&#8221; module_alignment=&#8221;center&#8221; custom_margin=&#8221;15px||||false|false&#8221; custom_padding=&#8221;0px||0px||false|false&#8221; global_colors_info=&#8221;{}&#8221;][et_pb_column type=&#8221;3_5&#8243; _builder_version=&#8221;4.27.4&#8243; custom_padding=&#8221;0px|0px|0px|0px|true|true&#8221; global_colors_info=&#8221;{}&#8221; custom_padding__hover=&#8221;|||&#8221;][et_pb_wc_title _builder_version=&#8221;4.27.4&#8243; header_font=&#8221;|600|||||||&#8221; header_text_color=&#8221;#4f4f4f&#8221; header_font_size=&#8221;28px&#8221; header_line_height=&#8221;1.2em&#8221; custom_margin=&#8221;0px||10px||false|false&#8221; custom_padding=&#8221;0px||0px||true|false&#8221; global_colors_info=&#8221;{}&#8221;][\/et_pb_wc_title][et_pb_wc_description _builder_version=&#8221;4.27.4&#8243; body_font_size=&#8221;16px&#8221; custom_margin=&#8221;0px|0px|0px|0px|false|true&#8221; custom_padding=&#8221;0px|0px|0px|0px|true|true&#8221; global_colors_info=&#8221;{}&#8221;][\/et_pb_wc_description][\/et_pb_column][et_pb_column type=&#8221;1_5&#8243; _builder_version=&#8221;4.27.4&#8243; positioning=&#8221;none&#8221; position_origin_f=&#8221;top_right&#8221; custom_padding=&#8221;15px|10px|15px|10px|true|false&#8221; border_radii=&#8221;on|5px|5px|5px|5px&#8221; global_colors_info=&#8221;{}&#8221; custom_padding__hover=&#8221;|||&#8221;][et_pb_text _builder_version=&#8221;4.27.4&#8243; _module_preset=&#8221;default&#8221; text_font=&#8221;|||on|||||&#8221; text_font_size=&#8221;15px&#8221; header_font=&#8221;|600|||||||&#8221; custom_margin=&#8221;0px||0px||true|false&#8221; custom_padding=&#8221;0px||0px||true|false&#8221; global_colors_info=&#8221;{}&#8221;]<\/p>\n<p style=\"text-align: center;\">Adulto:<\/p>\n<h1 style=\"text-align: center;\">$3,315 MXN<\/h1>\n<p>[\/et_pb_text][\/et_pb_column][et_pb_column type=&#8221;1_5&#8243; _builder_version=&#8221;4.27.4&#8243; positioning=&#8221;none&#8221; position_origin_f=&#8221;top_right&#8221; custom_padding=&#8221;15px|10px|15px|10px|true|false&#8221; border_radii=&#8221;on|5px|5px|5px|5px&#8221; global_colors_info=&#8221;{}&#8221; custom_padding__hover=&#8221;|||&#8221;][et_pb_text _builder_version=&#8221;4.27.4&#8243; _module_preset=&#8221;default&#8221; text_font=&#8221;|||on|||||&#8221; text_font_size=&#8221;15px&#8221; header_font=&#8221;|600|||||||&#8221; custom_margin=&#8221;0px||0px||true|false&#8221; custom_padding=&#8221;0px||0px||true|false&#8221; global_colors_info=&#8221;{}&#8221;]<\/p>\n<p style=\"text-align: center;\">Menor:<\/p>\n<h1 style=\"text-align: center;\">$2,487 MXN<\/h1>\n<p>[\/et_pb_text][\/et_pb_column][\/et_pb_row][et_pb_row column_structure=&#8221;3_5,2_5&#8243; _builder_version=&#8221;4.27.4&#8243; background_size=&#8221;initial&#8221; background_position=&#8221;top_left&#8221; background_repeat=&#8221;repeat&#8221; width=&#8221;100%&#8221; global_colors_info=&#8221;{}&#8221;][et_pb_column type=&#8221;3_5&#8243; _builder_version=&#8221;4.16&#8243; custom_padding=&#8221;|||&#8221; global_colors_info=&#8221;{}&#8221; custom_padding__hover=&#8221;|||&#8221;][et_pb_wc_tabs active_tab_background_color=&#8221;#02247a&#8221; inactive_tab_background_color=&#8221;#d3d3d3&#8243; active_tab_text_color=&#8221;#FFFFFF&#8221; _builder_version=&#8221;4.27.4&#8243; tab_text_color=&#8221;#686868&#8243; body_font_size=&#8221;15px&#8221; body_line_height=&#8221;1.8em&#8221; tab_font_size=&#8221;20px&#8221; background_color=&#8221;#FFFFFF&#8221; custom_margin=&#8221;0px||0px||true|false&#8221; custom_padding=&#8221;0px||0px||true|false&#8221; border_radii=&#8221;on|5px|5px|5px|5px&#8221; border_width_all=&#8221;0px&#8221; global_colors_info=&#8221;{}&#8221;]\t\t\t\t\t[\/et_pb_wc_tabs][et_pb_text _builder_version=&#8221;4.27.4&#8243; _module_preset=&#8221;default&#8221; custom_margin=&#8221;25px||||false|false&#8221; custom_padding=&#8221;|10px||10px|false|true&#8221; global_colors_info=&#8221;{}&#8221;]<\/p>\n<h3>Beneficios con costo adicional<\/h3>\n<ul>\n<li aria-level=\"1\"><span>Xelfie (precio variable).<\/span><\/li>\n<\/ul>\n<p>[\/et_pb_text][et_pb_text _builder_version=&#8221;4.27.4&#8243; _module_preset=&#8221;default&#8221; custom_padding=&#8221;|10px||10px|false|true&#8221; global_colors_info=&#8221;{}&#8221;]<\/p>\n<h3><strong>Accesos:<\/strong><\/h3>\n<p>Kayak, Splash Zone, Circuito de Cuerdas, R\u00e1pidos, Tirolesa Xavage, Jet Acu\u00e1tico, Monster Truck &amp; Buffet.<\/p>\n<p>[\/et_pb_text][et_pb_button button_url=&#8221;http:\/\/wa.me\/+529981064892?&#8221; url_new_window=&#8221;on&#8221; button_text=&#8221;Cotizar transportaci\u00f3n&#8221; button_alignment=&#8221;center&#8221; _builder_version=&#8221;4.27.4&#8243; _module_preset=&#8221;default&#8221; custom_button=&#8221;on&#8221; button_text_size=&#8221;17px&#8221; button_text_color=&#8221;#ffffff&#8221; button_bg_color=&#8221;#042f93&#8243; button_border_width=&#8221;0px&#8221; button_border_radius=&#8221;5px&#8221; button_font=&#8221;|||on|||||&#8221; button_icon=&#8221;&#xf232;||fa||400&#8243; button_icon_placement=&#8221;left&#8221; button_on_hover=&#8221;off&#8221; custom_margin=&#8221;30px||5px||false|false&#8221; custom_padding=&#8221;10px||10px||true|false&#8221; box_shadow_style=&#8221;preset3&#8243; global_colors_info=&#8221;{}&#8221; button_bg_color__hover_enabled=&#8221;on|hover&#8221; button_bg_color__hover=&#8221;#000000&#8243; button_bg_enable_color__hover=&#8221;on&#8221;][\/et_pb_button][\/et_pb_column][et_pb_column type=&#8221;2_5&#8243; _builder_version=&#8221;4.16&#8243; custom_padding=&#8221;|||&#8221; global_colors_info=&#8221;{}&#8221; custom_padding__hover=&#8221;|||&#8221;][et_pb_text _builder_version=&#8221;4.27.4&#8243; _module_preset=&#8221;default&#8221; text_text_color=&#8221;#FFFFFF&#8221; header_2_text_color=&#8221;#FFFFFF&#8221; header_3_text_color=&#8221;#FFFFFF&#8221; header_3_font_size=&#8221;17px&#8221; background_color=&#8221;#02247a&#8221; custom_padding=&#8221;20px|10px|20px|10px|true|true&#8221; border_radii=&#8221;on|5px|5px|5px|5px&#8221; global_colors_info=&#8221;{}&#8221;]<\/p>\n<h3><strong>DISPONIBILIDAD<\/strong><\/h3>\n<p><b>Lunes a S\u00e1bado<\/b><\/p>\n<p>\u00a008:00 AM &#8211; 08:00 PM<\/p>\n<p>La hora de recogida ser\u00e1 entre las 6:30 am y las 8:00 am (dependiendo de su ubicaci\u00f3n).<\/p>\n<p><span>Por favor est\u00e9 listo y esperando en el lobby de su hotel o en el punto de encuentro 10 minutos antes de su hora de recogida programada.<\/span><\/p>\n<p>[\/et_pb_text][\/et_pb_column][\/et_pb_row][et_pb_row use_custom_gutter=&#8221;on&#8221; gutter_width=&#8221;2&#8243; make_equal=&#8221;on&#8221; admin_label=&#8221;Fila&#8221; _builder_version=&#8221;4.27.4&#8243; _module_preset=&#8221;default&#8221; width=&#8221;95%&#8221; max_width=&#8221;1140px&#8221; module_alignment=&#8221;center&#8221; custom_margin=&#8221;0px||0px||false|false&#8221; custom_padding=&#8221;0px||0px||true|false&#8221; global_colors_info=&#8221;{}&#8221;][et_pb_column type=&#8221;4_4&#8243; _builder_version=&#8221;4.27.4&#8243; _module_preset=&#8221;default&#8221; custom_padding=&#8221;0px|0px|0px|0px|true|true&#8221; border_color_all=&#8221;#d3d3d3&#8243; global_colors_info=&#8221;{}&#8221;][et_pb_heading title=&#8221;Actividades incluidas&#8221; _builder_version=&#8221;4.27.4&#8243; _module_preset=&#8221;default&#8221; custom_margin=&#8221;15px||0px||false|false&#8221; custom_padding=&#8221;0px||0px||true|false&#8221; global_colors_info=&#8221;{}&#8221;][\/et_pb_heading][\/et_pb_column][\/et_pb_row][et_pb_row column_structure=&#8221;1_3,1_3,1_3&#8243; use_custom_gutter=&#8221;on&#8221; gutter_width=&#8221;2&#8243; make_equal=&#8221;on&#8221; admin_label=&#8221;Fila&#8221; _builder_version=&#8221;4.27.4&#8243; _module_preset=&#8221;default&#8221; width=&#8221;95%&#8221; max_width=&#8221;1140px&#8221; module_alignment=&#8221;center&#8221; custom_margin=&#8221;0px||0px||true|false&#8221; custom_padding=&#8221;0px||0px||true|false&#8221; global_colors_info=&#8221;{}&#8221;][et_pb_column type=&#8221;1_3&#8243; _builder_version=&#8221;4.27.4&#8243; _module_preset=&#8221;default&#8221; custom_padding=&#8221;|0px||0px|false|true&#8221; border_radii=&#8221;on|5px|5px|5px|5px&#8221; border_width_all=&#8221;1px&#8221; border_color_all=&#8221;#d3d3d3&#8243; global_colors_info=&#8221;{}&#8221;][et_pb_image src=&#8221;https:\/\/midastravel.mx\/wp-content\/uploads\/2025\/10\/kayak.jpg&#8221; title_text=&#8221;kayak&#8221; _builder_version=&#8221;4.27.4&#8243; _module_preset=&#8221;default&#8221; global_colors_info=&#8221;{}&#8221;][\/et_pb_image][et_pb_text _builder_version=&#8221;4.27.4&#8243; _module_preset=&#8221;default&#8221; custom_padding=&#8221;|10px||10px|false|true&#8221; global_colors_info=&#8221;{}&#8221;]<\/p>\n<h3 style=\"text-align: center;\"><strong>Aventura Kayak<\/strong><\/h3>\n<ul>\n<li style=\"list-style-type: none;\">\n<ul>\n<li>Kayaks para una o dos personas.<\/li>\n<li>El recorrido es de 950 m.<\/li>\n<li>El uso de chaleco salvavidas y casco de seguridad es obligatorio.<\/li>\n<li>Duraci\u00f3n: 30 minutos.<\/li>\n<li>Sin limitaciones de altura y peso.<\/li>\n<\/ul>\n<\/li>\n<\/ul>\n<p>[\/et_pb_text][\/et_pb_column][et_pb_column type=&#8221;1_3&#8243; _builder_version=&#8221;4.27.4&#8243; _module_preset=&#8221;default&#8221; custom_padding=&#8221;|0px||0px|false|true&#8221; border_radii=&#8221;on|5px|5px|5px|5px&#8221; border_width_all=&#8221;1px&#8221; border_color_all=&#8221;#d3d3d3&#8243; global_colors_info=&#8221;{}&#8221;][et_pb_image src=&#8221;https:\/\/midastravel.mx\/wp-content\/uploads\/2025\/10\/XAVAGE_04-1.jpg&#8221; title_text=&#8221;XAVAGE_04-1&#8243; _builder_version=&#8221;4.27.4&#8243; _module_preset=&#8221;default&#8221; global_colors_info=&#8221;{}&#8221;][\/et_pb_image][et_pb_text _builder_version=&#8221;4.27.4&#8243; _module_preset=&#8221;default&#8221; custom_padding=&#8221;|10px||10px|false|true&#8221; global_colors_info=&#8221;{}&#8221;]<\/p>\n<h3 style=\"text-align: center;\"><strong>Circuito de Cuerdas<\/strong><\/h3>\n<ul>\n<li style=\"list-style-type: none;\">\n<ul>\n<li>Circuito de 240 m.<\/li>\n<li>El uso de casco y arn\u00e9s es obligatorio en todo momento.<\/li>\n<li>Peso m\u00e1ximo: 136 kg.<\/li>\n<li>Altura m\u00ednima: 1.20 m.<\/li>\n<li>Duraci\u00f3n total: 35 min.<\/li>\n<\/ul>\n<\/li>\n<\/ul>\n<p>[\/et_pb_text][\/et_pb_column][et_pb_column type=&#8221;1_3&#8243; _builder_version=&#8221;4.27.4&#8243; _module_preset=&#8221;default&#8221; custom_padding=&#8221;|0px||0px|false|true&#8221; border_radii=&#8221;on|5px|5px|5px|5px&#8221; border_width_all=&#8221;1px&#8221; border_color_all=&#8221;#d3d3d3&#8243; global_colors_info=&#8221;{}&#8221;][et_pb_image src=&#8221;https:\/\/midastravel.mx\/wp-content\/uploads\/2025\/10\/sdlfjka.jpg&#8221; title_text=&#8221;sdlfjka&#8221; _builder_version=&#8221;4.27.4&#8243; _module_preset=&#8221;default&#8221; global_colors_info=&#8221;{}&#8221;][\/et_pb_image][et_pb_text _builder_version=&#8221;4.27.4&#8243; _module_preset=&#8221;default&#8221; custom_padding=&#8221;|10px||10px|false|true&#8221; global_colors_info=&#8221;{}&#8221;]<\/p>\n<h3 style=\"text-align: center;\"><strong>Splash Zone<\/strong><\/h3>\n<ul>\n<li style=\"list-style-type: none;\">\n<ul>\n<li>Ni\u00f1os de 5 a\u00f1os a 12 a\u00f1os de edad.<\/li>\n<li>Toboganes, puentes, tira chorros y un chapoteadero..<\/li>\n<li>Edad m\u00e1xima: 12 a\u00f1os.<\/li>\n<li>Edad m\u00ednima: 5 a\u00f1os.<\/li>\n<\/ul>\n<\/li>\n<\/ul>\n<p>[\/et_pb_text][\/et_pb_column][\/et_pb_row][et_pb_row column_structure=&#8221;1_3,1_3,1_3&#8243; use_custom_gutter=&#8221;on&#8221; gutter_width=&#8221;2&#8243; make_equal=&#8221;on&#8221; admin_label=&#8221;Fila&#8221; _builder_version=&#8221;4.27.4&#8243; _module_preset=&#8221;default&#8221; width=&#8221;95%&#8221; max_width=&#8221;1140px&#8221; module_alignment=&#8221;center&#8221; custom_margin=&#8221;0px||0px||true|false&#8221; custom_padding=&#8221;0px||0px||true|false&#8221; global_colors_info=&#8221;{}&#8221;][et_pb_column type=&#8221;1_3&#8243; _builder_version=&#8221;4.27.4&#8243; _module_preset=&#8221;default&#8221; custom_padding=&#8221;|0px||0px|false|true&#8221; border_radii=&#8221;on|5px|5px|5px|5px&#8221; border_width_all=&#8221;1px&#8221; border_color_all=&#8221;#d3d3d3&#8243; global_colors_info=&#8221;{}&#8221;][et_pb_image src=&#8221;https:\/\/midastravel.mx\/wp-content\/uploads\/2025\/10\/Xavage_04-2.jpg&#8221; title_text=&#8221;Xavage_04-2&#8243; _builder_version=&#8221;4.27.4&#8243; _module_preset=&#8221;default&#8221; global_colors_info=&#8221;{}&#8221;][\/et_pb_image][et_pb_text _builder_version=&#8221;4.27.4&#8243; _module_preset=&#8221;default&#8221; custom_padding=&#8221;|10px||10px|false|true&#8221; global_colors_info=&#8221;{}&#8221;]<\/p>\n<h3 style=\"text-align: center;\"><strong>Tirolesas<\/strong><\/h3>\n<ul>\n<li style=\"list-style-type: none;\">\n<ul>\n<li>Recorrido de 400 m.<\/li>\n<li>Altura de 20m.<\/li>\n<li>El uso de casco y arn\u00e9s es obligatorio<\/li>\n<li>Peso m\u00e1ximo 136 Kg.<\/li>\n<li>Altura m\u00ednima: 1.20 m.<\/li>\n<li>Duraci\u00f3n total: 12 min.<\/li>\n<\/ul>\n<\/li>\n<\/ul>\n<p>[\/et_pb_text][\/et_pb_column][et_pb_column type=&#8221;1_3&#8243; _builder_version=&#8221;4.27.4&#8243; _module_preset=&#8221;default&#8221; custom_padding=&#8221;|0px||0px|false|true&#8221; border_radii=&#8221;on|5px|5px|5px|5px&#8221; border_width_all=&#8221;1px&#8221; border_color_all=&#8221;#d3d3d3&#8243; global_colors_info=&#8221;{}&#8221;][et_pb_image src=&#8221;https:\/\/midastravel.mx\/wp-content\/uploads\/2025\/10\/Xavage_05-1.jpg&#8221; title_text=&#8221;Xavage_05-1&#8243; _builder_version=&#8221;4.27.4&#8243; _module_preset=&#8221;default&#8221; global_colors_info=&#8221;{}&#8221;][\/et_pb_image][et_pb_text _builder_version=&#8221;4.27.4&#8243; _module_preset=&#8221;default&#8221; custom_padding=&#8221;|10px||10px|false|true&#8221; global_colors_info=&#8221;{}&#8221;]<\/p>\n<h3 style=\"text-align: center;\"><strong>R\u00e1pidos<\/strong><\/h3>\n<ul>\n<li style=\"list-style-type: none;\">\n<ul>\n<li>Recorrido de 600 m.<\/li>\n<li>Capacidad de balsa: 6 personas.<\/li>\n<li>Uso de chaleco y casco es obligatorio.<\/li>\n<li>Peso m\u00e1ximo: 136 Kg.<\/li>\n<li>Altura m\u00ednima: 1.20 m.<\/li>\n<li>Duraci\u00f3n total: 35 min.<\/li>\n<\/ul>\n<\/li>\n<\/ul>\n<p>[\/et_pb_text][\/et_pb_column][et_pb_column type=&#8221;1_3&#8243; _builder_version=&#8221;4.27.4&#8243; _module_preset=&#8221;default&#8221; custom_padding=&#8221;|0px||0px|false|true&#8221; border_radii=&#8221;on|5px|5px|5px|5px&#8221; border_width_all=&#8221;1px&#8221; border_color_all=&#8221;#d3d3d3&#8243; global_colors_info=&#8221;{}&#8221;][et_pb_image src=&#8221;https:\/\/midastravel.mx\/wp-content\/uploads\/2025\/10\/Xavage_03-1.jpg&#8221; title_text=&#8221;Xavage_03-1&#8243; _builder_version=&#8221;4.27.4&#8243; _module_preset=&#8221;default&#8221; global_colors_info=&#8221;{}&#8221;][\/et_pb_image][et_pb_text _builder_version=&#8221;4.27.4&#8243; _module_preset=&#8221;default&#8221; custom_padding=&#8221;|10px||10px|false|true&#8221; global_colors_info=&#8221;{}&#8221;]<\/p>\n<h3 style=\"text-align: center;\"><strong>Jet Acu\u00e1tico<\/strong><\/h3>\n<ul>\n<li style=\"list-style-type: none;\">\n<ul>\n<li>Recorrido de 4.15 km.<\/li>\n<li>Velocidad m\u00e1xima: 85 km\/h.<\/li>\n<li>Capacidad de embarcaci\u00f3n: 12 personas.<\/li>\n<li>Uso de chaleco y casco e obligatorio.<\/li>\n<li>Peso m\u00e1ximo: 136 Kg.<\/li>\n<li>Altuta m\u00ednima: 1.20 m.<\/li>\n<li>Duraci\u00f3n total: 35 min.<\/li>\n<\/ul>\n<\/li>\n<\/ul>\n<p>[\/et_pb_text][\/et_pb_column][\/et_pb_row][et_pb_row use_custom_gutter=&#8221;on&#8221; gutter_width=&#8221;2&#8243; make_equal=&#8221;on&#8221; admin_label=&#8221;Fila&#8221; _builder_version=&#8221;4.27.4&#8243; _module_preset=&#8221;default&#8221; width=&#8221;95%&#8221; max_width=&#8221;1140px&#8221; module_alignment=&#8221;center&#8221; custom_margin=&#8221;20px||20px||true|false&#8221; global_colors_info=&#8221;{}&#8221;][et_pb_column type=&#8221;4_4&#8243; _builder_version=&#8221;4.27.4&#8243; _module_preset=&#8221;default&#8221; custom_padding=&#8221;|0px||0px|false|true&#8221; border_radii=&#8221;on|5px|5px|5px|5px&#8221; border_width_all=&#8221;1px&#8221; border_color_all=&#8221;#d3d3d3&#8243; global_colors_info=&#8221;{}&#8221;][et_pb_heading title=&#8221;IMPORTANTE&#8221; _builder_version=&#8221;4.27.4&#8243; _module_preset=&#8221;default&#8221; title_level=&#8221;h3&#8243; title_font=&#8221;|700||on|||||&#8221; title_text_align=&#8221;center&#8221; title_text_color=&#8221;#FFFFFF&#8221; background_color=&#8221;#E09900&#8243; custom_margin=&#8221;0px||13px||false|false&#8221; custom_padding=&#8221;10px||0px||false|false&#8221; border_radii=&#8221;off|5px|5px||&#8221; global_colors_info=&#8221;{}&#8221;][\/et_pb_heading][et_pb_text _builder_version=&#8221;4.27.4&#8243; _module_preset=&#8221;default&#8221; custom_padding=&#8221;|10px||10px|false|true&#8221; global_colors_info=&#8221;{}&#8221;]<\/p>\n<ul>\n<li>Menores de 18 deber\u00e1n contar con el deslinde firmado por un adulto.<br \/>\u2022 Ni\u00f1os De 5 a 11 a\u00f1os cuentan con un 25% de descuento del precio de adulto.<br \/>\u2022 Indispensable presentar identificaci\u00f3n en las taquillas del parque.<br \/>\u2022 La altura m\u00ednima requerida para las Tirolesas es de 1.10 m, el peso m\u00ednimo es de 40 kg. y el m\u00e1ximo de 136 kg.<\/li>\n<\/ul>\n<p>[\/et_pb_text][et_pb_heading title=&#8221;INCLUYE&#8221; _builder_version=&#8221;4.27.4&#8243; _module_preset=&#8221;default&#8221; title_level=&#8221;h3&#8243; title_font=&#8221;|700||on|||||&#8221; title_text_align=&#8221;center&#8221; title_text_color=&#8221;#FFFFFF&#8221; background_color=&#8221;#4fbc20&#8243; custom_margin=&#8221;0px||13px||false|false&#8221; custom_padding=&#8221;10px||0px||false|false&#8221; border_radii=&#8221;off|5px|5px||&#8221; global_colors_info=&#8221;{}&#8221;][\/et_pb_heading][et_pb_text _builder_version=&#8221;4.27.4&#8243; _module_preset=&#8221;default&#8221; custom_padding=&#8221;|10px||10px|false|true&#8221; global_colors_info=&#8221;{}&#8221;]<\/p>\n<ul>\n<li>Transportaci\u00f3n redonda desde la Zona Hotelera de Canc\u00fan y Zona Centro.<\/li>\n<li>Aventura en kayak.<\/li>\n<li>Circuito de Cuerdas<\/li>\n<li>Splash zone: un espacio para los peque\u00f1os de 5 a 12 a\u00f1os.<\/li>\n<li>Buffet ilimitado con bebidas (no incluye bebidas alcoh\u00f3licas).<\/li>\n<li>Equipos de seguridad para todas las actividades.<\/li>\n<li>Sanitarios, vestidores, regaderas y casilleros.<\/li>\n<li>Otros servicios (WiFi, cajero autom\u00e1tico y tiendas con costo adicional).<\/li>\n<li>Estacionamiento gratuito.<\/li>\n<li>Transportaci\u00f3n en viaje redondo, en autob\u00fas panor\u00e1mico con sanitario a bordo, o Van privada desde la comodidad de tu hotel. Si su hotel no lo tenemos incluido en nuestra ruta, usted tendr\u00e1 que ir al m\u00e1s cercano<\/li>\n<\/ul>\n<p>[\/et_pb_text][\/et_pb_column][\/et_pb_row][et_pb_row column_structure=&#8221;1_2,1_2&#8243; use_custom_gutter=&#8221;on&#8221; gutter_width=&#8221;2&#8243; make_equal=&#8221;on&#8221; admin_label=&#8221;Fila&#8221; _builder_version=&#8221;4.27.4&#8243; _module_preset=&#8221;default&#8221; width=&#8221;95%&#8221; max_width=&#8221;1140px&#8221; module_alignment=&#8221;center&#8221; custom_margin=&#8221;20px||20px||true|false&#8221; global_colors_info=&#8221;{}&#8221;][et_pb_column type=&#8221;1_2&#8243; _builder_version=&#8221;4.27.4&#8243; _module_preset=&#8221;default&#8221; custom_padding=&#8221;|0px||0px|false|true&#8221; border_radii=&#8221;on|5px|5px|5px|5px&#8221; border_width_all=&#8221;1px&#8221; border_color_all=&#8221;#d3d3d3&#8243; global_colors_info=&#8221;{}&#8221;][et_pb_heading title=&#8221;RESTRICCIONES&#8221; _builder_version=&#8221;4.27.4&#8243; _module_preset=&#8221;default&#8221; title_level=&#8221;h3&#8243; title_font=&#8221;|700||on|||||&#8221; title_text_align=&#8221;center&#8221; title_text_color=&#8221;#FFFFFF&#8221; background_color=&#8221;#4fbc20&#8243; custom_margin=&#8221;0px||13px||false|false&#8221; custom_padding=&#8221;10px||0px||false|false&#8221; border_radii=&#8221;off|5px|5px||&#8221; global_colors_info=&#8221;{}&#8221;][\/et_pb_heading][et_pb_text _builder_version=&#8221;4.27.4&#8243; _module_preset=&#8221;default&#8221; custom_padding=&#8221;|10px||10px|false|true&#8221; global_colors_info=&#8221;{}&#8221;]<\/p>\n<ul>\n<li>No recomendado para usuarios de sillas de ruedas<\/li>\n<li>No recomendado para embarazadas, ni para personas que le temen a las alturas, epilepsia, asma, hipertensi\u00f3n, diabetes.<\/li>\n<li>No recomendado para usuarios con problemas de cuello y\/o espalda; con cirug\u00edas recientes o alg\u00fan antecedente card\u00edaco.<\/li>\n<\/ul>\n<p>[\/et_pb_text][et_pb_heading title=&#8221;NO INCLUYE&#8221; _builder_version=&#8221;4.27.4&#8243; _module_preset=&#8221;default&#8221; title_level=&#8221;h3&#8243; title_font=&#8221;|700||on|||||&#8221; title_text_align=&#8221;center&#8221; title_text_color=&#8221;#FFFFFF&#8221; background_color=&#8221;#4fbc20&#8243; custom_margin=&#8221;0px||13px||false|false&#8221; custom_padding=&#8221;10px||0px||false|false&#8221; global_colors_info=&#8221;{}&#8221;][\/et_pb_heading][et_pb_text _builder_version=&#8221;4.27.4&#8243; _module_preset=&#8221;default&#8221; custom_padding=&#8221;|10px||10px|false|true&#8221; global_colors_info=&#8221;{}&#8221;]<\/p>\n<ul>\n<li>Propinas<\/li>\n<li>Recuerdos<\/li>\n<\/ul>\n<p>[\/et_pb_text][\/et_pb_column][et_pb_column type=&#8221;1_2&#8243; _builder_version=&#8221;4.27.4&#8243; _module_preset=&#8221;default&#8221; custom_padding=&#8221;|0px||0px|false|true&#8221; border_radii=&#8221;on|5px|5px|5px|5px&#8221; border_width_all=&#8221;1px&#8221; border_color_all=&#8221;#d3d3d3&#8243; global_colors_info=&#8221;{}&#8221;][et_pb_heading title=&#8221;RECOMENDACIONES&#8221; _builder_version=&#8221;4.27.4&#8243; _module_preset=&#8221;default&#8221; title_level=&#8221;h3&#8243; title_font=&#8221;|700||on|||||&#8221; title_text_align=&#8221;center&#8221; title_text_color=&#8221;#FFFFFF&#8221; background_color=&#8221;#4fbc20&#8243; custom_margin=&#8221;0px||13px||false|false&#8221; custom_padding=&#8221;10px||0px||false|false&#8221; border_radii=&#8221;off|5px|5px|0px|0px&#8221; global_colors_info=&#8221;{}&#8221;][\/et_pb_heading][et_pb_text _builder_version=&#8221;4.27.4&#8243; _module_preset=&#8221;default&#8221; custom_padding=&#8221;|10px||10px|false|true&#8221; global_colors_info=&#8221;{}&#8221;]<\/p>\n<ul>\n<li>Llevar bloqueador solar biodegradable<\/li>\n<li>Lentes de sol<\/li>\n<li>Traer sombrero o gorra<\/li>\n<li>C\u00e1mara<\/li>\n<li>Ropa c\u00f3moda<\/li>\n<li>Ropa de playa<\/li>\n<li>Calzado c\u00f3modo<\/li>\n<li>Efectivo<\/li>\n<\/ul>\n<p>[\/et_pb_text][\/et_pb_column][\/et_pb_row][\/et_pb_section]<\/p>\n","protected":false},"excerpt":{"rendered":"<p>Xavage Todo Incluido es el \u00fanico lugar en el que nuestros visitantes deciden qu\u00e9 tan extremos quieren ser, con las atracciones m\u00e1s desafiantes por tierra, aire y agua. En Xavage podr\u00e1n dejar atr\u00e1s la rutina y demostrar de qu\u00e9 est\u00e1n hechos. Atr\u00e9vanse a liberar su lado salvaje.<\/p>","protected":false},"featured_media":239052,"comment_status":"open","ping_status":"closed","template":"","meta":{"_et_pb_use_builder":"on","_et_pb_old_content":"\u00danico parque en Canc\u00fan y Riviera Maya con seis actividades con diferente grado de adrenalina en un solo lugar y tambi\u00e9n el \u00fanico con actividad de r\u00e1pidos en el destino. Podr\u00e1n elegir el paquete de actividades de acuerdo a su nivel de audacia en los que cada actividad estar\u00e1 representada por un animal.","_et_gb_content_width":""},"product_brand":[],"product_cat":[21],"product_tag":[41],"class_list":{"0":"post-239070","1":"product","2":"type-product","3":"status-publish","4":"has-post-thumbnail","6":"product_cat-tours-en-xcaret","7":"product_tag-aventura","9":"first","10":"instock","11":"featured","12":"virtual","13":"sold-individually","14":"purchasable","15":"product-type-booking"},"_links":{"self":[{"href":"https:\/\/midastravel.mx\/en\/wp-json\/wp\/v2\/product\/239070","targetHints":{"allow":["GET"]}}],"collection":[{"href":"https:\/\/midastravel.mx\/en\/wp-json\/wp\/v2\/product"}],"about":[{"href":"https:\/\/midastravel.mx\/en\/wp-json\/wp\/v2\/types\/product"}],"replies":[{"embeddable":true,"href":"https:\/\/midastravel.mx\/en\/wp-json\/wp\/v2\/comments?post=239070"}],"wp:featuredmedia":[{"embeddable":true,"href":"https:\/\/midastravel.mx\/en\/wp-json\/wp\/v2\/media\/239052"}],"wp:attachment":[{"href":"https:\/\/midastravel.mx\/en\/wp-json\/wp\/v2\/media?parent=239070"}],"wp:term":[{"taxonomy":"product_brand","embeddable":true,"href":"https:\/\/midastravel.mx\/en\/wp-json\/wp\/v2\/product_brand?post=239070"},{"taxonomy":"product_cat","embeddable":true,"href":"https:\/\/midastravel.mx\/en\/wp-json\/wp\/v2\/product_cat?post=239070"},{"taxonomy":"product_tag","embeddable":true,"href":"https:\/\/midastravel.mx\/en\/wp-json\/wp\/v2\/product_tag?post=239070"}],"curies":[{"name":"wp","href":"https:\/\/api.w.org\/{rel}","templated":true}]}}