{"id":239101,"date":"2025-10-07T20:51:15","date_gmt":"2025-10-07T20:51:15","guid":{"rendered":"https:\/\/midastravel.cancunlocal.com\/?post_type=product&#038;p=239101"},"modified":"2026-03-31T06:44:40","modified_gmt":"2026-03-31T06:44:40","slug":"xplor-todo-incluido-solo-ticket-de-entrada","status":"publish","type":"product","link":"https:\/\/midastravel.mx\/en\/tours\/xplor-todo-incluido-solo-ticket-de-entrada\/","title":{"rendered":"Xplor (Ticket Only)"},"content":{"rendered":"<p>[et_pb_section fb_built=&#8221;1&#8243; _builder_version=&#8221;4.27.4&#8243; background_color=&#8221;#FFFFFF&#8221; custom_margin=&#8221;50px||||false|false&#8221; custom_margin_tablet=&#8221;50px||||false|false&#8221; custom_margin_phone=&#8221;150px||||false|false&#8221; custom_margin_last_edited=&#8221;on|phone&#8221; custom_padding=&#8221;10px|10px|10px|10px|true|true&#8221; border_radii=&#8221;on|5px|5px|5px|5px&#8221; border_width_all=&#8221;1px&#8221; border_color_all=&#8221;#ededed&#8221; global_colors_info=&#8221;{}&#8221;][et_pb_row _builder_version=&#8221;4.27.4&#8243; background_size=&#8221;initial&#8221; background_position=&#8221;top_left&#8221; background_repeat=&#8221;repeat&#8221; width=&#8221;100%&#8221; custom_margin=&#8221;0px||0px||true|false&#8221; custom_padding=&#8221;0px||0px||false|false&#8221; global_colors_info=&#8221;{}&#8221;][et_pb_column type=&#8221;4_4&#8243; _builder_version=&#8221;4.16&#8243; custom_padding=&#8221;|||&#8221; global_colors_info=&#8221;{}&#8221; custom_padding__hover=&#8221;|||&#8221;][et_pb_wc_cart_notice _builder_version=&#8221;4.27.4&#8243; title_text_color=&#8221;#FFFFFF&#8221; background_color=&#8221;#4ab21e&#8221; custom_button=&#8221;on&#8221; button_text_color=&#8221;#FFFFFF&#8221; button_bg_color=&#8221;#074096&#8243; global_colors_info=&#8221;{}&#8221;][\/et_pb_wc_cart_notice][\/et_pb_column][\/et_pb_row][et_pb_row column_structure=&#8221;3_5,1_5,1_5&#8243; use_custom_gutter=&#8221;on&#8221; gutter_width=&#8221;1&#8243; _builder_version=&#8221;4.27.4&#8243; background_size=&#8221;initial&#8221; background_position=&#8221;top_left&#8221; background_repeat=&#8221;repeat&#8221; width=&#8221;100%&#8221; max_width=&#8221;2560px&#8221; module_alignment=&#8221;center&#8221; custom_margin=&#8221;15px||||false|false&#8221; custom_padding=&#8221;0px||0px||false|false&#8221; global_colors_info=&#8221;{}&#8221;][et_pb_column type=&#8221;3_5&#8243; _builder_version=&#8221;4.27.4&#8243; custom_padding=&#8221;0px|0px|0px|0px|true|true&#8221; global_colors_info=&#8221;{}&#8221; custom_padding__hover=&#8221;|||&#8221;][et_pb_wc_title _builder_version=&#8221;4.27.4&#8243; header_font=&#8221;|600|||||||&#8221; header_text_color=&#8221;#4f4f4f&#8221; header_font_size=&#8221;28px&#8221; header_line_height=&#8221;1.2em&#8221; custom_margin=&#8221;0px||10px||false|false&#8221; custom_padding=&#8221;0px||0px||true|false&#8221; global_colors_info=&#8221;{}&#8221;][\/et_pb_wc_title][et_pb_wc_description _builder_version=&#8221;4.27.4&#8243; body_font_size=&#8221;16px&#8221; custom_margin=&#8221;0px|0px|0px|0px|false|true&#8221; custom_padding=&#8221;0px|0px|0px|0px|true|true&#8221; global_colors_info=&#8221;{}&#8221;][\/et_pb_wc_description][\/et_pb_column][et_pb_column type=&#8221;1_5&#8243; _builder_version=&#8221;4.27.4&#8243; positioning=&#8221;none&#8221; position_origin_f=&#8221;top_right&#8221; custom_padding=&#8221;15px|10px|15px|10px|true|false&#8221; border_radii=&#8221;on|5px|5px|5px|5px&#8221; global_colors_info=&#8221;{}&#8221; custom_padding__hover=&#8221;|||&#8221;][et_pb_text _builder_version=&#8221;4.27.4&#8243; _module_preset=&#8221;default&#8221; text_font=&#8221;|||on|||||&#8221; text_font_size=&#8221;15px&#8221; header_font=&#8221;|600|||||||&#8221; custom_margin=&#8221;0px||0px||true|false&#8221; custom_padding=&#8221;0px||0px||true|false&#8221; global_colors_info=&#8221;{}&#8221;]<\/p>\n<p style=\"text-align: center;\">Adulto:<\/p>\n<h1 style=\"text-align: center;\">$3,120 MXN<\/h1>\n<p>[\/et_pb_text][\/et_pb_column][et_pb_column type=&#8221;1_5&#8243; _builder_version=&#8221;4.27.4&#8243; positioning=&#8221;none&#8221; position_origin_f=&#8221;top_right&#8221; custom_padding=&#8221;15px|10px|15px|10px|true|false&#8221; border_radii=&#8221;on|5px|5px|5px|5px&#8221; global_colors_info=&#8221;{}&#8221; custom_padding__hover=&#8221;|||&#8221;][et_pb_text _builder_version=&#8221;4.27.4&#8243; _module_preset=&#8221;default&#8221; text_font=&#8221;|||on|||||&#8221; text_font_size=&#8221;15px&#8221; header_font=&#8221;|600|||||||&#8221; custom_margin=&#8221;0px||0px||true|false&#8221; custom_padding=&#8221;0px||0px||true|false&#8221; global_colors_info=&#8221;{}&#8221;]<\/p>\n<p style=\"text-align: center;\">Menor:<\/p>\n<h1 style=\"text-align: center;\">$3,340 MXN<\/h1>\n<p>[\/et_pb_text][\/et_pb_column][\/et_pb_row][et_pb_row column_structure=&#8221;1_3,2_3&#8243; use_custom_gutter=&#8221;on&#8221; gutter_width=&#8221;1&#8243; _builder_version=&#8221;4.27.4&#8243; background_size=&#8221;initial&#8221; background_position=&#8221;top_left&#8221; background_repeat=&#8221;repeat&#8221; width=&#8221;100%&#8221; max_width=&#8221;2560px&#8221; module_alignment=&#8221;center&#8221; custom_margin=&#8221;10px||0px||false|false&#8221; custom_padding=&#8221;0px||0px||true|false&#8221; global_colors_info=&#8221;{}&#8221;][et_pb_column type=&#8221;1_3&#8243; _builder_version=&#8221;4.27.4&#8243; background_color=&#8221;#FFFFFF&#8221; positioning=&#8221;none&#8221; position_origin_f=&#8221;top_right&#8221; custom_padding=&#8221;10px|10px|10px|10px|true|true&#8221; border_radii=&#8221;on|5px|5px|5px|5px&#8221; global_colors_info=&#8221;{}&#8221; custom_padding__hover=&#8221;|||&#8221;][et_pb_button button_url=&#8221;http:\/\/wa.me\/+529981064892?&#8221; url_new_window=&#8221;on&#8221; button_text=&#8221;Cotizar transportaci\u00f3n&#8221; button_alignment=&#8221;center&#8221; _builder_version=&#8221;4.27.4&#8243; _module_preset=&#8221;default&#8221; custom_button=&#8221;on&#8221; button_text_size=&#8221;17px&#8221; button_text_color=&#8221;#ffffff&#8221; button_bg_color=&#8221;#042f93&#8243; button_border_width=&#8221;0px&#8221; button_border_radius=&#8221;5px&#8221; button_font=&#8221;|||on|||||&#8221; button_icon=&#8221;&#xf232;||fa||400&#8243; button_icon_placement=&#8221;left&#8221; button_on_hover=&#8221;off&#8221; custom_margin=&#8221;5px||5px||true|false&#8221; custom_padding=&#8221;10px||10px||true|false&#8221; box_shadow_style=&#8221;preset3&#8243; global_colors_info=&#8221;{}&#8221; button_bg_color__hover_enabled=&#8221;on|hover&#8221; button_bg_color__hover=&#8221;#000000&#8243; button_bg_enable_color__hover=&#8221;on&#8221;][\/et_pb_button][et_pb_wc_add_to_cart show_stock=&#8221;off&#8221; field_label_position=&#8221;inline&#8221; _builder_version=&#8221;4.27.4&#8243; fields_background_color=&#8221;#f4f4f4&#8243; fields_text_color=&#8221;#515151&#8243; fields_focus_background_color=&#8221;#FFFFFF&#8221; fields_focus_text_color=&#8221;#4c4c4c&#8221; fields_custom_margin=&#8221;0px|0px|0px|0px|true|true&#8221; fields_custom_padding=&#8221;7px|0px|7px|0px|true|true&#8221; dropdown_menus_background_color=&#8221;#FFFFFF&#8221; dropdown_menus_text_color=&#8221;#424242&#8243; dropdown_menus_focus_background_color=&#8221;#FFFFFF&#8221; dropdown_menus_focus_text_color=&#8221;#545454&#8243; dropdown_menus_custom_margin=&#8221;20px|5px|20px|5px|true|true&#8221; field_label_font=&#8221;||||||||&#8221; field_label_text_color=&#8221;#595959&#8243; field_label_font_size=&#8221;17px&#8221; field_label_line_height=&#8221;1.4em&#8221; fields_font_size=&#8221;17px&#8221; fields_line_height=&#8221;1.4em&#8221; dropdown_menus_font_size=&#8221;17px&#8221; background_color=&#8221;#FFFFFF&#8221; custom_button=&#8221;on&#8221; button_text_size=&#8221;22px&#8221; button_text_color=&#8221;#FFFFFF&#8221; button_bg_color=&#8221;#3ed323&#8243; button_border_width=&#8221;0px&#8221; button_border_radius=&#8221;5px&#8221; button_icon=&#8221;&#x35;||divi||400&#8243; button_icon_color=&#8221;#FFFFFF&#8221; button_on_hover=&#8221;off&#8221; button_custom_margin=&#8221;|25px|20px|25px|false|true&#8221; module_alignment=&#8221;center&#8221; custom_margin=&#8221;0px|0px|0px|0px|true|true&#8221; custom_padding=&#8221;0px|0px|0px|0px|true|true&#8221; animation_direction=&#8221;right&#8221; border_radii=&#8221;on|6px|6px|6px|6px&#8221; border_color_all=&#8221;#e5e5e5&#8243; border_radii_fields=&#8221;on|5px|5px|5px|5px&#8221; border_width_all_fields=&#8221;1px&#8221; border_color_all_fields=&#8221;#e2e2e2&#8243; border_width_all_fields_focus=&#8221;1px&#8221; border_color_all_fields_focus=&#8221;#FFFFFF&#8221; border_width_all_dropdown_menus=&#8221;1px&#8221; border_color_all_dropdown_menus=&#8221;#FFFFFF&#8221; border_width_all_dropdown_menus_focus=&#8221;1px&#8221; border_color_all_dropdown_menus_focus=&#8221;#e2e2e2&#8243; box_shadow_style=&#8221;preset3&#8243; box_shadow_style_button=&#8221;preset3&#8243; global_colors_info=&#8221;{}&#8221;][\/et_pb_wc_add_to_cart][et_pb_image src=&#8221;https:\/\/midastravel.mx\/wp-content\/uploads\/2025\/09\/pago-seguro-Midas-scaled.jpg&#8221; title_text=&#8221;pago seguro Midas&#8221; _builder_version=&#8221;4.27.4&#8243; _module_preset=&#8221;default&#8221; width_tablet=&#8221;50%&#8221; width_phone=&#8221;80%&#8221; width_last_edited=&#8221;on|tablet&#8221; custom_margin=&#8221;15px||||false|false&#8221; global_colors_info=&#8221;{}&#8221;][\/et_pb_image][\/et_pb_column][et_pb_column type=&#8221;2_3&#8243; _builder_version=&#8221;4.27.4&#8243; custom_padding=&#8221;0px|0px|0px|0px|true|true&#8221; global_colors_info=&#8221;{}&#8221; custom_padding__hover=&#8221;|||&#8221;][dipl_masonry_gallery image_ids=&#8221;239106,239107,239108,239109,239110,239111,239112,239113,239114,239115,239116,239104&#8243; column_spacing=&#8221;5px&#8221; enable_lightbox=&#8221;on&#8221; lightbox_background_color=&#8221;rgba(0,0,0,0.71)&#8221; _builder_version=&#8221;4.27.4&#8243; _module_preset=&#8221;default&#8221; global_colors_info=&#8221;{}&#8221;][\/dipl_masonry_gallery][\/et_pb_column][\/et_pb_row][et_pb_row column_structure=&#8221;2_3,1_3&#8243; _builder_version=&#8221;4.27.4&#8243; background_size=&#8221;initial&#8221; background_position=&#8221;top_left&#8221; background_repeat=&#8221;repeat&#8221; width=&#8221;100%&#8221; global_colors_info=&#8221;{}&#8221;][et_pb_column type=&#8221;2_3&#8243; _builder_version=&#8221;4.16&#8243; custom_padding=&#8221;|||&#8221; global_colors_info=&#8221;{}&#8221; custom_padding__hover=&#8221;|||&#8221;][et_pb_wc_tabs active_tab_background_color=&#8221;#02247a&#8221; inactive_tab_background_color=&#8221;#d3d3d3&#8243; active_tab_text_color=&#8221;#FFFFFF&#8221; _builder_version=&#8221;4.27.4&#8243; tab_text_color=&#8221;#686868&#8243; body_font_size=&#8221;15px&#8221; body_line_height=&#8221;1.8em&#8221; tab_font_size=&#8221;20px&#8221; background_color=&#8221;#FFFFFF&#8221; custom_margin=&#8221;0px||0px||true|false&#8221; custom_padding=&#8221;0px||0px||true|false&#8221; border_radii=&#8221;on|5px|5px|5px|5px&#8221; border_width_all=&#8221;0px&#8221; global_colors_info=&#8221;{}&#8221;]\t\t\t\t\t[\/et_pb_wc_tabs][\/et_pb_column][et_pb_column type=&#8221;1_3&#8243; _builder_version=&#8221;4.16&#8243; custom_padding=&#8221;|||&#8221; global_colors_info=&#8221;{}&#8221; custom_padding__hover=&#8221;|||&#8221;][et_pb_text _builder_version=&#8221;4.27.4&#8243; _module_preset=&#8221;default&#8221; text_text_color=&#8221;#FFFFFF&#8221; header_2_text_color=&#8221;#FFFFFF&#8221; header_3_text_color=&#8221;#FFFFFF&#8221; header_3_font_size=&#8221;17px&#8221; background_color=&#8221;#02247a&#8221; custom_padding=&#8221;20px|10px|20px|10px|true|true&#8221; border_radii=&#8221;on|5px|5px|5px|5px&#8221; global_colors_info=&#8221;{}&#8221;]<\/p>\n<h3><strong>DISPONIBILIDAD<\/strong><\/h3>\n<p><b>Lunes a S\u00e1bado<\/b><\/p>\n<p>07:00 PM<\/p>\n<p><span>Por favor est\u00e9 listo y esperando en el lobby de su hotel o en el punto de encuentro 10 minutos antes de su hora de recogida programada.<\/span><\/p>\n<p>[\/et_pb_text][et_pb_text _builder_version=&#8221;4.27.4&#8243; _module_preset=&#8221;default&#8221; custom_margin=&#8221;25px||||false|false&#8221; custom_padding=&#8221;|10px||10px|false|true&#8221; global_colors_info=&#8221;{}&#8221;]<\/p>\n<h3>Beneficios con costo adicional<\/h3>\n<ul>\n<li>Xelfie<span><\/span><\/li>\n<\/ul>\n<p>[\/et_pb_text][et_pb_button button_url=&#8221;http:\/\/wa.me\/+529981064892?&#8221; url_new_window=&#8221;on&#8221; button_text=&#8221;Cotizar transportaci\u00f3n&#8221; button_alignment=&#8221;center&#8221; _builder_version=&#8221;4.27.4&#8243; _module_preset=&#8221;default&#8221; custom_button=&#8221;on&#8221; button_text_size=&#8221;17px&#8221; button_text_color=&#8221;#ffffff&#8221; button_bg_color=&#8221;#042f93&#8243; button_border_width=&#8221;0px&#8221; button_border_radius=&#8221;5px&#8221; button_font=&#8221;|||on|||||&#8221; button_icon=&#8221;&#xf232;||fa||400&#8243; button_icon_placement=&#8221;left&#8221; button_on_hover=&#8221;off&#8221; custom_margin=&#8221;30px||5px||false|false&#8221; custom_padding=&#8221;10px||10px||true|false&#8221; box_shadow_style=&#8221;preset3&#8243; global_colors_info=&#8221;{}&#8221; button_bg_color__hover_enabled=&#8221;on|hover&#8221; button_bg_color__hover=&#8221;#000000&#8243; button_bg_enable_color__hover=&#8221;on&#8221;][\/et_pb_button][\/et_pb_column][\/et_pb_row][et_pb_row use_custom_gutter=&#8221;on&#8221; gutter_width=&#8221;2&#8243; make_equal=&#8221;on&#8221; admin_label=&#8221;Fila&#8221; _builder_version=&#8221;4.27.4&#8243; _module_preset=&#8221;default&#8221; width=&#8221;95%&#8221; max_width=&#8221;1140px&#8221; module_alignment=&#8221;center&#8221; custom_margin=&#8221;20px||20px||true|false&#8221; global_colors_info=&#8221;{}&#8221;][et_pb_column type=&#8221;4_4&#8243; _builder_version=&#8221;4.27.4&#8243; _module_preset=&#8221;default&#8221; custom_padding=&#8221;|0px||0px|false|true&#8221; border_radii=&#8221;on|5px|5px|5px|5px&#8221; border_width_all=&#8221;1px&#8221; border_color_all=&#8221;#d3d3d3&#8243; global_colors_info=&#8221;{}&#8221;][et_pb_heading title=&#8221;IMPORTANTE&#8221; _builder_version=&#8221;4.27.4&#8243; _module_preset=&#8221;default&#8221; title_level=&#8221;h3&#8243; title_font=&#8221;|700||on|||||&#8221; title_text_align=&#8221;center&#8221; title_text_color=&#8221;#FFFFFF&#8221; background_color=&#8221;#E09900&#8243; custom_margin=&#8221;0px||13px||false|false&#8221; custom_padding=&#8221;10px||0px||false|false&#8221; border_radii=&#8221;off|5px|5px||&#8221; global_colors_info=&#8221;{}&#8221;][\/et_pb_heading][et_pb_text _builder_version=&#8221;4.27.4&#8243; _module_preset=&#8221;default&#8221; custom_padding=&#8221;|10px||10px|false|true&#8221; global_colors_info=&#8221;{}&#8221;]<\/p>\n<ul>\n<li>La edad m\u00ednima para ingresar a Xplor es de 5 a\u00f1os. Ni\u00f1os entre 5 y 11 a\u00f1os pagan 50% del precio de adulto (indispensable presentar identificaci\u00f3n en las taquillas del Parque).<\/li>\n<li>Ni\u00f1os mayores a 1.40 m, pero menores de 12 a\u00f1os, deber\u00e1n presentar identificaci\u00f3n para comprobar su edad.<\/li>\n<li>Algunas actividades tienen limitantes para futuras mam\u00e1s.<\/li>\n<li>Para realizar la actividad de Tirolesas el peso m\u00e1ximo es de 136 kg y el m\u00ednimo de 40 kg. La capacidad en circunferencia de los arneses alrededor de la cintura es de 130 cm y de 70 cm alrededor de cada pierna.<\/li>\n<li>El Tour incluye transportaci\u00f3n solo si la agregas al momento de tu compra.<\/li>\n<li>Las reservaciones canceladas con m\u00e1s de 2 d\u00edas de antelaci\u00f3n a la fecha de llegada est\u00e1n sujetas a un cargo del 10% por gastos administrativos; de 2 a 0 d\u00edas antes de la fecha de llegada, o en caso de no llegar, no ser\u00e1n reembolsables.<\/li>\n<li>No es posible hacer el cambio de fecha el mismo d\u00eda de tu visita.<\/li>\n<\/ul>\n<p>[\/et_pb_text][et_pb_heading title=&#8221;INCLUYE&#8221; _builder_version=&#8221;4.27.4&#8243; _module_preset=&#8221;default&#8221; title_level=&#8221;h3&#8243; title_font=&#8221;|700||on|||||&#8221; title_text_align=&#8221;center&#8221; title_text_color=&#8221;#FFFFFF&#8221; background_color=&#8221;#4fbc20&#8243; custom_margin=&#8221;0px||13px||false|false&#8221; custom_padding=&#8221;10px||0px||false|false&#8221; border_radii=&#8221;off|5px|5px||&#8221; global_colors_info=&#8221;{}&#8221;][\/et_pb_heading][et_pb_text _builder_version=&#8221;4.27.4&#8243; _module_preset=&#8221;default&#8221; custom_padding=&#8221;|10px||10px|false|true&#8221; global_colors_info=&#8221;{}&#8221;]<\/p>\n<ul>\n<li>Acceso a la taquilla preferencial por comprar en l\u00ednea.<\/li>\n<li>Dos circuitos de 14 Tirolesas.<\/li>\n<li>Recorrido en un Veh\u00edculo Anfibio en dos circuitos, de 5 km cada uno, por la selva.<\/li>\n<li>Dos circuitos de r\u00edos subterr\u00e1neos remando en Balsas.<\/li>\n<li>Actividad de nado por 400 m en el R\u00edo de Estalactitas.<\/li>\n<li>Hamacuatizaje.<\/li>\n<li>Snacks y bebidas ilimitadas (galletas de avena, frutas, licuados y aguas frescas).<\/li>\n<li>Comida buffet.<\/li>\n<li>Casillero para dos personas.<\/li>\n<li>\u00c1reas de descanso, vestidores y ba\u00f1os.<\/li>\n<li>Otros servicios (WiFi, cajeros autom\u00e1ticos y tiendas con costo adicional).<\/li>\n<li>Estacionamiento gratuito.<\/li>\n<li>Transportaci\u00f3n en viaje redondo, en autob\u00fas panor\u00e1mico con sanitario a bordo, o Van privada desde la comodidad de tu hotel.<\/li>\n<\/ul>\n<p>[\/et_pb_text][\/et_pb_column][\/et_pb_row][et_pb_row column_structure=&#8221;1_2,1_2&#8243; use_custom_gutter=&#8221;on&#8221; gutter_width=&#8221;2&#8243; make_equal=&#8221;on&#8221; admin_label=&#8221;Fila&#8221; _builder_version=&#8221;4.27.4&#8243; _module_preset=&#8221;default&#8221; width=&#8221;95%&#8221; max_width=&#8221;1140px&#8221; module_alignment=&#8221;center&#8221; custom_margin=&#8221;20px||20px||true|false&#8221; global_colors_info=&#8221;{}&#8221;][et_pb_column type=&#8221;1_2&#8243; _builder_version=&#8221;4.27.4&#8243; _module_preset=&#8221;default&#8221; custom_padding=&#8221;|0px||0px|false|true&#8221; border_radii=&#8221;on|5px|5px|5px|5px&#8221; border_width_all=&#8221;1px&#8221; border_color_all=&#8221;#d3d3d3&#8243; global_colors_info=&#8221;{}&#8221;][et_pb_heading title=&#8221;NO INCLUYE&#8221; _builder_version=&#8221;4.27.4&#8243; _module_preset=&#8221;default&#8221; title_level=&#8221;h3&#8243; title_font=&#8221;|700||on|||||&#8221; title_text_align=&#8221;center&#8221; title_text_color=&#8221;#FFFFFF&#8221; background_color=&#8221;#4fbc20&#8243; custom_margin=&#8221;0px||13px||false|false&#8221; custom_padding=&#8221;10px||0px||false|false&#8221; border_radii=&#8221;off|5px|5px||&#8221; global_colors_info=&#8221;{}&#8221;][\/et_pb_heading][et_pb_text _builder_version=&#8221;4.27.4&#8243; _module_preset=&#8221;default&#8221; custom_padding=&#8221;|10px||10px|false|true&#8221; global_colors_info=&#8221;{}&#8221;]<\/p>\n<ul>\n<li>Propinas<\/li>\n<li>Recuerdos<\/li>\n<\/ul>\n<p>[\/et_pb_text][et_pb_heading title=&#8221;RESTRICCIONES&#8221; _builder_version=&#8221;4.27.4&#8243; _module_preset=&#8221;default&#8221; title_level=&#8221;h3&#8243; title_font=&#8221;|700||on|||||&#8221; title_text_align=&#8221;center&#8221; title_text_color=&#8221;#FFFFFF&#8221; background_color=&#8221;#4fbc20&#8243; custom_margin=&#8221;0px||13px||false|false&#8221; custom_padding=&#8221;10px||0px||false|false&#8221; border_radii=&#8221;off|5px|5px||&#8221; global_colors_info=&#8221;{}&#8221;][\/et_pb_heading][et_pb_text _builder_version=&#8221;4.27.4&#8243; _module_preset=&#8221;default&#8221; custom_padding=&#8221;|10px||10px|false|true&#8221; global_colors_info=&#8221;{}&#8221;]<\/p>\n<ul>\n<li>No recomendado para usuarios de sillas de ruedas<\/li>\n<li>No recomendado para usuarios con problemas card\u00edacos, miedo a las alturas, uncirug\u00eda reciente, dolor de espalda o te mareas f\u00e1cilmente<\/li>\n<\/ul>\n<p>[\/et_pb_text][\/et_pb_column][et_pb_column type=&#8221;1_2&#8243; _builder_version=&#8221;4.27.4&#8243; _module_preset=&#8221;default&#8221; custom_padding=&#8221;|0px||0px|false|true&#8221; border_radii=&#8221;on|5px|5px|5px|5px&#8221; border_width_all=&#8221;1px&#8221; border_color_all=&#8221;#d3d3d3&#8243; global_colors_info=&#8221;{}&#8221;][et_pb_heading title=&#8221;RECOMENDACIONES&#8221; _builder_version=&#8221;4.27.4&#8243; _module_preset=&#8221;default&#8221; title_level=&#8221;h3&#8243; title_font=&#8221;|700||on|||||&#8221; title_text_align=&#8221;center&#8221; title_text_color=&#8221;#FFFFFF&#8221; background_color=&#8221;#4fbc20&#8243; custom_margin=&#8221;0px||13px||false|false&#8221; custom_padding=&#8221;10px||0px||false|false&#8221; border_radii=&#8221;off|5px|5px|0px|0px&#8221; global_colors_info=&#8221;{}&#8221;][\/et_pb_heading][et_pb_text _builder_version=&#8221;4.27.4&#8243; _module_preset=&#8221;default&#8221; custom_padding=&#8221;|10px||10px|false|true&#8221; global_colors_info=&#8221;{}&#8221;]<\/p>\n<ul>\n<li>Llevar bloqueador solar biodegradable<\/li>\n<li>Lentes de sol<\/li>\n<li>Traer sombrero o gorra<\/li>\n<li>C\u00e1mara<\/li>\n<li>Ropa c\u00f3moda y de playa<\/li>\n<li>Calzado c\u00f3modo<\/li>\n<li>Efectivo<\/li>\n<\/ul>\n<p>[\/et_pb_text][\/et_pb_column][\/et_pb_row][\/et_pb_section]<\/p>\n","protected":false},"excerpt":{"rendered":"<p>Volando, conduciendo, nadando o remando, en Xplor todo incluido tienes experiencias emocionantes para llevar tu diversi\u00f3n al extremo. Sobrevuela la selva en tirolesas, nada a lo largo de un milenario r\u00edo, rema con tus manos a bordo de divertidas balsas, conduce un veh\u00edculo anfibio por la selva, explora un mundo subterr\u00e1neo entre grutas y cavernas, y disfruta de una actividad \u00fanica de Xplor todo incluido: un incre\u00edble hamacuatizaje en un cenote.<\/p>","protected":false},"featured_media":239104,"comment_status":"open","ping_status":"closed","template":"","meta":{"_et_pb_use_builder":"on","_et_pb_old_content":"Adem\u00e1s, Xplor es un parque todo incluido (sin bebidas alcoh\u00f3licas) en donde podr\u00e1s disfrutar bebidas y un buffet ilimitado.\r\nToboganxote ofrece cuatro descensos en un solo tobog\u00e1n. Desde 41 metros de altura, te balanceas en la esfera, subes por la media ola y te lanzas por el tubo hasta el torbellino final. \u00a1Pura adrenalina en Canc\u00fan!\r\n\r\n<strong>Atractivos Principales<\/strong>\r\nVuela una y otra vez en las Tirolesas m\u00e1s altas de Canc\u00fan y la Riviera Maya.\r\nSiente la velocidad de un Veh\u00edculo Anfibio a trav\u00e9s de la selva.\r\nAtraviesa el mundo subterr\u00e1neo nadando o remando.\r\nDisfruta sin l\u00edmite de deliciosos snacks, bebidas sin alcohol y un completo buffet.","_et_gb_content_width":""},"product_brand":[],"product_cat":[21],"product_tag":[41],"class_list":{"0":"post-239101","1":"product","2":"type-product","3":"status-publish","4":"has-post-thumbnail","6":"product_cat-tours-en-xcaret","7":"product_tag-aventura","9":"first","10":"instock","11":"featured","12":"virtual","13":"sold-individually","14":"purchasable","15":"product-type-booking"},"_links":{"self":[{"href":"https:\/\/midastravel.mx\/en\/wp-json\/wp\/v2\/product\/239101","targetHints":{"allow":["GET"]}}],"collection":[{"href":"https:\/\/midastravel.mx\/en\/wp-json\/wp\/v2\/product"}],"about":[{"href":"https:\/\/midastravel.mx\/en\/wp-json\/wp\/v2\/types\/product"}],"replies":[{"embeddable":true,"href":"https:\/\/midastravel.mx\/en\/wp-json\/wp\/v2\/comments?post=239101"}],"wp:featuredmedia":[{"embeddable":true,"href":"https:\/\/midastravel.mx\/en\/wp-json\/wp\/v2\/media\/239104"}],"wp:attachment":[{"href":"https:\/\/midastravel.mx\/en\/wp-json\/wp\/v2\/media?parent=239101"}],"wp:term":[{"taxonomy":"product_brand","embeddable":true,"href":"https:\/\/midastravel.mx\/en\/wp-json\/wp\/v2\/product_brand?post=239101"},{"taxonomy":"product_cat","embeddable":true,"href":"https:\/\/midastravel.mx\/en\/wp-json\/wp\/v2\/product_cat?post=239101"},{"taxonomy":"product_tag","embeddable":true,"href":"https:\/\/midastravel.mx\/en\/wp-json\/wp\/v2\/product_tag?post=239101"}],"curies":[{"name":"wp","href":"https:\/\/api.w.org\/{rel}","templated":true}]}}